{"id":1188,"date":"2023-09-13T12:55:49","date_gmt":"2023-09-13T12:55:49","guid":{"rendered":"https:\/\/needfortrees.lt\/?post_type=product&#038;p=1188"},"modified":"2026-02-27T15:10:28","modified_gmt":"2026-02-27T15:10:28","slug":"dvisluoksnis-hamakas","status":"publish","type":"product","link":"https:\/\/needfortrees.lt\/lt\/produktas\/dvisluoksnis-hamakas\/","title":{"rendered":"Dvisluoksnis hamakas \u201eOu\u017euols\u201c"},"content":{"rendered":"<p>Dvisluoksnis hamakas pagamintas i\u0161 auk\u0161\u010diausios klas\u0117s Ripstop Nylon audinio, suteikian\u010dio maksimal\u0173 komfort\u0105. Audinys yra labai malonus odai, lyg \u0161velni medviln\u0117 (nors med\u017eiaga sintetin\u0117) ir turi vien\u0105 geriausi\u0173 svorio rodikli\u0173 tokio svorio audiniui. \u0160is audinys pritaikytas i\u0161laikyti iki 238 kilogram\u0173. Hamakas yra itin ilgas, net 350 cm, o svoris vos 680 g.<\/p>\n<p>Savyb\u0117s:<br \/>\n\u2022 Dyneema\u00ae ridge line<br \/>\n\u2022 Dyneema\u00ae continuous loop<br \/>\n\u2022 Med\u017eiaga \u2013 auk\u0161\u010diausios klas\u0117s Ripstop nylon, tai viena pa\u010di\u0173 tvir\u010diausi\u0173 ir geriausi\u0173 med\u017eiag\u0173, skirt\u0173 hamakui<br \/>\n\u2022 Med\u017eiaga \u2013 atstumianti vanden\u012f<br \/>\n\u2022 Ilgis \u2013 350 cm<br \/>\n\u2022 Svoris \u2013 680 g<br \/>\n\u2022 I\u0161laiko iki 238 kg (saugus limitas)<\/p>\n<p><strong>Kada reik\u0117t\u0173 rinktis \u0161\u012f hamak\u0105?<\/strong> Tenka pripa\u017einti, jog miegoti su laisvu kilim\u0117liu yra ne visada nepatogu, b\u016btent tod\u0117l dvisluoksnis hamakas yra puikus pasirinkimas tiems, kurie nori daug patogiau miegoti su kilim\u0117liu. Kilim\u0117lis tarp sluoksni\u0173 guli pakankamai stabiliai (\u017einoma, priklauso nuo dyd\u017eio), tad gal\u0117si \u0161iltai ir komforti\u0161kai miegoti.<\/p>\n<p>Be abejon\u0117s, dviej\u0173 sluoksni\u0173 hamakas yra \u017eenkliai tvirtesnis nei viensluoksnis.<\/p>\n<p><strong>Virv\u0117s n\u0117ra hamako dalis. Virves hamakui gali \u012fsigyti \u010dia:\u00a0<\/strong> <a href=\"https:\/\/needfortrees.lt\/product\/virves-hamakui\/\">https:\/\/needfortrees.lt\/product\/virves-hamakui\/<\/a><\/p>\n","protected":false},"excerpt":{"rendered":"<p><strong>Pagrindinis dvisluoksnio hamako privalumas yra vieta kilim\u0117liui.<\/strong><\/p>\n<p>Tokiu atveju, \u012fsid\u0117jus kilim\u0117l\u012f tarp sluoksni\u0173, jis ma\u017eiau juda, o tai lemia daug didesn\u012f patogum\u0105 miegant. Hamako <strong>ilgis net 350 cm, <\/strong>o <strong>svoris vos 680 g! <\/strong>Tai itin lengvas dvisluoksnio hamako pasirinkimas.\u00a0Na, o pats hamakas i\u0161laiko iki 238 kg.<\/p>\n<p><strong>Virv\u0117s n\u0117ra hamako dalis. <\/strong>Virves hamakui gali \u012fsigyti \u010dia:<span style=\"color: #ff9900;\">\u00a0<span style=\"text-decoration: underline;\"><a style=\"color: #ff9900; text-decoration: underline;\" href=\"https:\/\/needfortrees.lt\/product\/virves-hamakui\/\">https:\/\/needfortrees.lt\/product\/virves-hamakui\/<\/a><\/span><\/span><\/p>\n<p>Detalesnis apra\u0161ymas \u017eemiau!<\/p>\n","protected":false},"featured_media":2348,"comment_status":"open","ping_status":"closed","template":"","meta":[],"product_brand":[],"product_cat":[29],"product_tag":[31],"class_list":{"0":"post-1188","1":"product","2":"type-product","3":"status-publish","4":"has-post-thumbnail","6":"product_cat-hamakai","7":"product_tag-hamakas","9":"first","10":"instock","11":"taxable","12":"shipping-taxable","13":"purchasable","14":"product-type-variable","15":"has-default-attributes"},"composite_virtual":false,"composite_layout":"","composite_add_to_cart_form_location":"","composite_editable_in_cart":false,"composite_sold_individually_context":"","composite_shop_price_calc":"","composite_components":[],"composite_scenarios":[],"yoast_head":"<!-- This site is optimized with the Yoast SEO plugin v26.3 - https:\/\/yoast.com\/wordpress\/plugins\/seo\/ -->\n<title>Dvisluoksnis hamakas \u201eOu\u017euols\u201c<\/title>\n<meta name=\"description\" content=\"Dvisluoksnis hamakas, leid\u017eiantis \u012fd\u0117ti kilim\u0117l\u012f tarp sluoksni\u0173, kad jis neslyst\u0173 i\u0161 vietos nakt\u012f. Idealiai tinka patogiam poilsiui gamtoje.\" \/>\n<meta name=\"robots\" content=\"index, follow, max-snippet:-1, max-image-preview:large, max-video-preview:-1\" \/>\n<link rel=\"canonical\" href=\"https:\/\/needfortrees.lt\/lt\/produktas\/dvisluoksnis-hamakas\/\" \/>\n<meta property=\"og:locale\" content=\"lt_LT\" \/>\n<meta property=\"og:type\" content=\"article\" \/>\n<meta property=\"og:title\" content=\"Dvisluoksnis hamakas \u201eOu\u017euols\u201c\" \/>\n<meta property=\"og:description\" content=\"Dvisluoksnis hamakas, leid\u017eiantis \u012fd\u0117ti kilim\u0117l\u012f tarp sluoksni\u0173, kad jis neslyst\u0173 i\u0161 vietos nakt\u012f. Idealiai tinka patogiam poilsiui gamtoje.\" \/>\n<meta property=\"og:url\" content=\"https:\/\/needfortrees.lt\/lt\/produktas\/dvisluoksnis-hamakas\/\" \/>\n<meta property=\"og:site_name\" content=\"NEED FOR TREES\" \/>\n<meta property=\"article:publisher\" content=\"https:\/\/www.facebook.com\/NeedForTrees\/\" \/>\n<meta property=\"article:modified_time\" content=\"2026-02-27T15:10:28+00:00\" \/>\n<meta property=\"og:image\" content=\"https:\/\/needfortrees.lt\/wp-content\/uploads\/2023\/11\/DSC06238-1-min-jpg.webp\" \/>\n\t<meta property=\"og:image:width\" content=\"1080\" \/>\n\t<meta property=\"og:image:height\" content=\"1620\" \/>\n\t<meta property=\"og:image:type\" content=\"image\/jpeg\" \/>\n<meta name=\"twitter:card\" content=\"summary_large_image\" \/>\n<meta name=\"twitter:label1\" content=\"Est. reading time\" \/>\n\t<meta name=\"twitter:data1\" content=\"1 minut\u0117\" \/>\n<script type=\"application\/ld+json\" class=\"yoast-schema-graph\">{\"@context\":\"https:\/\/schema.org\",\"@graph\":[{\"@type\":\"WebPage\",\"@id\":\"https:\/\/needfortrees.lt\/lt\/produktas\/dvisluoksnis-hamakas\/\",\"url\":\"https:\/\/needfortrees.lt\/lt\/produktas\/dvisluoksnis-hamakas\/\",\"name\":\"Dvisluoksnis hamakas \u201eOu\u017euols\u201c\",\"isPartOf\":{\"@id\":\"https:\/\/needfortrees.lt\/#website\"},\"primaryImageOfPage\":{\"@id\":\"https:\/\/needfortrees.lt\/lt\/produktas\/dvisluoksnis-hamakas\/#primaryimage\"},\"image\":{\"@id\":\"https:\/\/needfortrees.lt\/lt\/produktas\/dvisluoksnis-hamakas\/#primaryimage\"},\"thumbnailUrl\":\"https:\/\/needfortrees.lt\/wp-content\/uploads\/2023\/11\/DSC06238-1-min-jpg.webp\",\"datePublished\":\"2023-09-13T12:55:49+00:00\",\"dateModified\":\"2026-02-27T15:10:28+00:00\",\"description\":\"Dvisluoksnis hamakas, leid\u017eiantis \u012fd\u0117ti kilim\u0117l\u012f tarp sluoksni\u0173, kad jis neslyst\u0173 i\u0161 vietos nakt\u012f. Idealiai tinka patogiam poilsiui gamtoje.\",\"breadcrumb\":{\"@id\":\"https:\/\/needfortrees.lt\/lt\/produktas\/dvisluoksnis-hamakas\/#breadcrumb\"},\"inLanguage\":\"lt-LT\",\"potentialAction\":[{\"@type\":\"ReadAction\",\"target\":[\"https:\/\/needfortrees.lt\/lt\/produktas\/dvisluoksnis-hamakas\/\"]}]},{\"@type\":\"ImageObject\",\"inLanguage\":\"lt-LT\",\"@id\":\"https:\/\/needfortrees.lt\/lt\/produktas\/dvisluoksnis-hamakas\/#primaryimage\",\"url\":\"https:\/\/needfortrees.lt\/wp-content\/uploads\/2023\/11\/DSC06238-1-min-jpg.webp\",\"contentUrl\":\"https:\/\/needfortrees.lt\/wp-content\/uploads\/2023\/11\/DSC06238-1-min-jpg.webp\",\"width\":1080,\"height\":1620,\"caption\":\"Dvisluoksnis needfortrees hamakas su ridgeline\"},{\"@type\":\"BreadcrumbList\",\"@id\":\"https:\/\/needfortrees.lt\/lt\/produktas\/dvisluoksnis-hamakas\/#breadcrumb\",\"itemListElement\":[{\"@type\":\"ListItem\",\"position\":1,\"name\":\"Home\",\"item\":\"https:\/\/needfortrees.lt\/lt\/\"},{\"@type\":\"ListItem\",\"position\":2,\"name\":\"Parduotuv\u0117\",\"item\":\"https:\/\/needfortrees.lt\/products\/\"},{\"@type\":\"ListItem\",\"position\":3,\"name\":\"Dvisluoksnis hamakas \u201eOu\u017euols\u201c\"}]},{\"@type\":\"WebSite\",\"@id\":\"https:\/\/needfortrees.lt\/#website\",\"url\":\"https:\/\/needfortrees.lt\/\",\"name\":\"NEED FOR TREES\",\"description\":\"High quality hammocks and camping equipment\",\"publisher\":{\"@id\":\"https:\/\/needfortrees.lt\/#organization\"},\"potentialAction\":[{\"@type\":\"SearchAction\",\"target\":{\"@type\":\"EntryPoint\",\"urlTemplate\":\"https:\/\/needfortrees.lt\/?s={search_term_string}\"},\"query-input\":{\"@type\":\"PropertyValueSpecification\",\"valueRequired\":true,\"valueName\":\"search_term_string\"}}],\"inLanguage\":\"lt-LT\"},{\"@type\":\"Organization\",\"@id\":\"https:\/\/needfortrees.lt\/#organization\",\"name\":\"NEED FOR TREES\",\"url\":\"https:\/\/needfortrees.lt\/\",\"logo\":{\"@type\":\"ImageObject\",\"inLanguage\":\"lt-LT\",\"@id\":\"https:\/\/needfortrees.lt\/#\/schema\/logo\/image\/\",\"url\":\"https:\/\/needfortrees.lt\/wp-content\/uploads\/2025\/11\/MAIN-GRAPHIT.svg\",\"contentUrl\":\"https:\/\/needfortrees.lt\/wp-content\/uploads\/2025\/11\/MAIN-GRAPHIT.svg\",\"width\":993,\"height\":440,\"caption\":\"NEED FOR TREES\"},\"image\":{\"@id\":\"https:\/\/needfortrees.lt\/#\/schema\/logo\/image\/\"},\"sameAs\":[\"https:\/\/www.facebook.com\/NeedForTrees\/\",\"https:\/\/www.instagram.com\/need.for.trees\/\"]}]}<\/script>\n<!-- \/ Yoast SEO plugin. -->","yoast_head_json":{"title":"Dvisluoksnis hamakas \u201eOu\u017euols\u201c","description":"Dvisluoksnis hamakas, leid\u017eiantis \u012fd\u0117ti kilim\u0117l\u012f tarp sluoksni\u0173, kad jis neslyst\u0173 i\u0161 vietos nakt\u012f. Idealiai tinka patogiam poilsiui gamtoje.","robots":{"index":"index","follow":"follow","max-snippet":"max-snippet:-1","max-image-preview":"max-image-preview:large","max-video-preview":"max-video-preview:-1"},"canonical":"https:\/\/needfortrees.lt\/lt\/produktas\/dvisluoksnis-hamakas\/","og_locale":"lt_LT","og_type":"article","og_title":"Dvisluoksnis hamakas \u201eOu\u017euols\u201c","og_description":"Dvisluoksnis hamakas, leid\u017eiantis \u012fd\u0117ti kilim\u0117l\u012f tarp sluoksni\u0173, kad jis neslyst\u0173 i\u0161 vietos nakt\u012f. Idealiai tinka patogiam poilsiui gamtoje.","og_url":"https:\/\/needfortrees.lt\/lt\/produktas\/dvisluoksnis-hamakas\/","og_site_name":"NEED FOR TREES","article_publisher":"https:\/\/www.facebook.com\/NeedForTrees\/","article_modified_time":"2026-02-27T15:10:28+00:00","og_image":[{"width":1080,"height":1620,"url":"https:\/\/needfortrees.lt\/wp-content\/uploads\/2023\/11\/DSC06238-1-min-jpg.webp","type":"image\/jpeg"}],"twitter_card":"summary_large_image","twitter_misc":{"Est. reading time":"1 minut\u0117"},"schema":{"@context":"https:\/\/schema.org","@graph":[{"@type":"WebPage","@id":"https:\/\/needfortrees.lt\/lt\/produktas\/dvisluoksnis-hamakas\/","url":"https:\/\/needfortrees.lt\/lt\/produktas\/dvisluoksnis-hamakas\/","name":"Dvisluoksnis hamakas \u201eOu\u017euols\u201c","isPartOf":{"@id":"https:\/\/needfortrees.lt\/#website"},"primaryImageOfPage":{"@id":"https:\/\/needfortrees.lt\/lt\/produktas\/dvisluoksnis-hamakas\/#primaryimage"},"image":{"@id":"https:\/\/needfortrees.lt\/lt\/produktas\/dvisluoksnis-hamakas\/#primaryimage"},"thumbnailUrl":"https:\/\/needfortrees.lt\/wp-content\/uploads\/2023\/11\/DSC06238-1-min-jpg.webp","datePublished":"2023-09-13T12:55:49+00:00","dateModified":"2026-02-27T15:10:28+00:00","description":"Dvisluoksnis hamakas, leid\u017eiantis \u012fd\u0117ti kilim\u0117l\u012f tarp sluoksni\u0173, kad jis neslyst\u0173 i\u0161 vietos nakt\u012f. Idealiai tinka patogiam poilsiui gamtoje.","breadcrumb":{"@id":"https:\/\/needfortrees.lt\/lt\/produktas\/dvisluoksnis-hamakas\/#breadcrumb"},"inLanguage":"lt-LT","potentialAction":[{"@type":"ReadAction","target":["https:\/\/needfortrees.lt\/lt\/produktas\/dvisluoksnis-hamakas\/"]}]},{"@type":"ImageObject","inLanguage":"lt-LT","@id":"https:\/\/needfortrees.lt\/lt\/produktas\/dvisluoksnis-hamakas\/#primaryimage","url":"https:\/\/needfortrees.lt\/wp-content\/uploads\/2023\/11\/DSC06238-1-min-jpg.webp","contentUrl":"https:\/\/needfortrees.lt\/wp-content\/uploads\/2023\/11\/DSC06238-1-min-jpg.webp","width":1080,"height":1620,"caption":"Dvisluoksnis needfortrees hamakas su ridgeline"},{"@type":"BreadcrumbList","@id":"https:\/\/needfortrees.lt\/lt\/produktas\/dvisluoksnis-hamakas\/#breadcrumb","itemListElement":[{"@type":"ListItem","position":1,"name":"Home","item":"https:\/\/needfortrees.lt\/lt\/"},{"@type":"ListItem","position":2,"name":"Parduotuv\u0117","item":"https:\/\/needfortrees.lt\/products\/"},{"@type":"ListItem","position":3,"name":"Dvisluoksnis hamakas \u201eOu\u017euols\u201c"}]},{"@type":"WebSite","@id":"https:\/\/needfortrees.lt\/#website","url":"https:\/\/needfortrees.lt\/","name":"NEED FOR TREES","description":"High quality hammocks and camping equipment","publisher":{"@id":"https:\/\/needfortrees.lt\/#organization"},"potentialAction":[{"@type":"SearchAction","target":{"@type":"EntryPoint","urlTemplate":"https:\/\/needfortrees.lt\/?s={search_term_string}"},"query-input":{"@type":"PropertyValueSpecification","valueRequired":true,"valueName":"search_term_string"}}],"inLanguage":"lt-LT"},{"@type":"Organization","@id":"https:\/\/needfortrees.lt\/#organization","name":"NEED FOR TREES","url":"https:\/\/needfortrees.lt\/","logo":{"@type":"ImageObject","inLanguage":"lt-LT","@id":"https:\/\/needfortrees.lt\/#\/schema\/logo\/image\/","url":"https:\/\/needfortrees.lt\/wp-content\/uploads\/2025\/11\/MAIN-GRAPHIT.svg","contentUrl":"https:\/\/needfortrees.lt\/wp-content\/uploads\/2025\/11\/MAIN-GRAPHIT.svg","width":993,"height":440,"caption":"NEED FOR TREES"},"image":{"@id":"https:\/\/needfortrees.lt\/#\/schema\/logo\/image\/"},"sameAs":["https:\/\/www.facebook.com\/NeedForTrees\/","https:\/\/www.instagram.com\/need.for.trees\/"]}]}},"jetpack_sharing_enabled":true,"_links":{"self":[{"href":"https:\/\/needfortrees.lt\/lt\/wp-json\/wp\/v2\/product\/1188","targetHints":{"allow":["GET"]}}],"collection":[{"href":"https:\/\/needfortrees.lt\/lt\/wp-json\/wp\/v2\/product"}],"about":[{"href":"https:\/\/needfortrees.lt\/lt\/wp-json\/wp\/v2\/types\/product"}],"replies":[{"embeddable":true,"href":"https:\/\/needfortrees.lt\/lt\/wp-json\/wp\/v2\/comments?post=1188"}],"wp:featuredmedia":[{"embeddable":true,"href":"https:\/\/needfortrees.lt\/lt\/wp-json\/wp\/v2\/media\/2348"}],"wp:attachment":[{"href":"https:\/\/needfortrees.lt\/lt\/wp-json\/wp\/v2\/media?parent=1188"}],"wp:term":[{"taxonomy":"product_brand","embeddable":true,"href":"https:\/\/needfortrees.lt\/lt\/wp-json\/wp\/v2\/product_brand?post=1188"},{"taxonomy":"product_cat","embeddable":true,"href":"https:\/\/needfortrees.lt\/lt\/wp-json\/wp\/v2\/product_cat?post=1188"},{"taxonomy":"product_tag","embeddable":true,"href":"https:\/\/needfortrees.lt\/lt\/wp-json\/wp\/v2\/product_tag?post=1188"}],"curies":[{"name":"wp","href":"https:\/\/api.w.org\/{rel}","templated":true}]}}