{"id":1378,"date":"2023-09-15T17:59:37","date_gmt":"2023-09-15T17:59:37","guid":{"rendered":"https:\/\/needfortrees.lt\/?post_type=product&#038;p=1378"},"modified":"2026-02-27T17:16:50","modified_gmt":"2026-02-27T17:16:50","slug":"virves-hamakui","status":"publish","type":"product","link":"https:\/\/needfortrees.lt\/lt\/produktas\/virves-hamakui\/","title":{"rendered":"Virv\u0117s hamakui \u201eD\u017ei\u016bngliu \u0161ni\u016brs\u201c"},"content":{"rendered":"<h1><strong>\u201eWhoopie sling\u201c ultralight hamako virv\u0117s.<\/strong><\/h1>\n<p>\u201eWhoopie sling\u201c sistema \u2013 vienas i\u0161 lengviausi\u0173 ir papras\u010diausiai reguliuojam\u0173 b\u016bd\u0173 pakabinti hamak\u0105.<strong><br \/>\n<\/strong><\/p>\n<p>Sistem\u0105 sudaro:<br \/>\n<strong>1. Tree straps<\/strong> \u2013 pla\u010dios juostos, kurios apsivija med\u012f ir <strong>apsaugo bei tausoja med\u017eio \u017eiev\u0119;<\/strong><br \/>\n<strong>2. Whoopie sling<\/strong> \u2013 virv\u0117, kuri leid\u017eia reguliuoti hamako \u012ftempim\u0105 iki milimetr\u0173;<br \/>\n<strong>3. Soft shackle<\/strong> \u2013 geresn\u0117 karabin\u0173 alternatyva. Kod\u0117l? Prie\u0161ingai nei su karabinais, nereikia r\u016bpintis, kad supakavus hamak\u0105 med\u017eiaga \u012fsivels \u012f karabino dant\u012f ir pa\u017eeis med\u017eiag\u0105. Plius lengvesnis, gra\u017eesnis (nors, \u017einoma, d\u0117l skonio nesigin\u010diju) ir patogesnis daiktas nei karabinas.<\/p>\n<p><strong>Pagaminta i\u0161 Dyneema\u00ae<\/strong> virv\u0117s \u2013 stipriausio pasaulyje dirbtinio pluo\u0161to.<br \/>\nDyneema\u00ae pluo\u0161tas yra 15 kart\u0173 stipresnis nei tokio paties svorio plienas.<\/p>\n<p><strong>Savyb\u0117s:<\/strong><br \/>\n\u2022 2,5 mm plo\u010dio virv\u0117<br \/>\n\u2022 i\u0161laiko iki 350 kg<br \/>\n\u2022 technical polyester 2 virv\u0117s ~ 130 g<br \/>\n\u2022 maksimalus vienos virv\u0117s ilgis = 180 cm whoopie + 150 cm tree strap<\/p>\n<p><strong>Virv\u0117s tinka visiems pasaulio hamakams, kaip ir NFT hamakams:<\/strong><br \/>\n<a href=\"https:\/\/needfortrees.lt\/product\/viensluoksnis-hamakas\/\">Viensluoksniui<\/a> hamakui<br \/>\n<a href=\"https:\/\/needfortrees.lt\/product\/permatomas-hamakas\/\">Permatomui<\/a> hamakui<br \/>\n<a href=\"https:\/\/needfortrees.lt\/product\/dvisluoksnis-hamakas\/\">Dvisluoksniui<\/a> hamakui<br \/>\nHamakui su <a href=\"https:\/\/needfortrees.lt\/product\/hamakas-su-pilnai-nusiimanciu-tinkleliu\/\">pilnai nusiiman\u010diu tinkleliu<\/a><br \/>\nHamakui su <a href=\"https:\/\/needfortrees.lt\/product\/hamakas-su-tinkleliu\/\">integruotu tinkleliu<\/a><\/p>\n<p>Naudojimo instrukcij\u0105 rasi \u010dia:\u00a0<a href=\"https:\/\/youtu.be\/V0MlEX3qaIg?si=fGYPdqZrxf0JPhvc\">https:\/\/www.youtube.com\/watch?v=V0MlEX3qaIg&amp;ab_channel=needfortrees<\/a><\/p>\n","protected":false},"excerpt":{"rendered":"<p><strong>\u201eWhoopie sling\u201c Ultralight hamako pakabinimo sistema.<\/strong><\/p>\n<p>Vienas i\u0161 lengviausi\u0173 ir papras\u010diausiai reguliuojam\u0173 b\u016bd\u0173 pakabinti hamak\u0105.<\/p>\n<p>Detalesnis apra\u0161ymas ir instrukcija \u017eemiau!<\/p>\n","protected":false},"featured_media":4606,"comment_status":"open","ping_status":"closed","template":"","meta":[],"product_brand":[],"product_cat":[34],"product_tag":[],"class_list":{"0":"post-1378","1":"product","2":"type-product","3":"status-publish","4":"has-post-thumbnail","6":"product_cat-virves","8":"first","9":"instock","10":"taxable","11":"shipping-taxable","12":"purchasable","13":"product-type-simple"},"composite_virtual":false,"composite_layout":"","composite_add_to_cart_form_location":"","composite_editable_in_cart":false,"composite_sold_individually_context":"","composite_shop_price_calc":"","composite_components":[],"composite_scenarios":[],"yoast_head":"<!-- This site is optimized with the Yoast SEO plugin v26.3 - https:\/\/yoast.com\/wordpress\/plugins\/seo\/ -->\n<title>Virv\u0117s hamakui su \u201ekarabinais\u201c<\/title>\n<meta name=\"description\" content=\"Viena i\u0161 lengviausi\u0173 ir papras\u010diausiai reguliuojam\u0173 hamako pakabinimo sistem\u0173. Virv\u0117s hamakui sveria vos 130 gram\u0173 ir i\u0161laiko iki 350 kilogram\u0173.\" \/>\n<meta name=\"robots\" content=\"index, follow, max-snippet:-1, max-image-preview:large, max-video-preview:-1\" \/>\n<link rel=\"canonical\" href=\"https:\/\/needfortrees.lt\/lt\/produktas\/virves-hamakui\/\" \/>\n<meta property=\"og:locale\" content=\"lt_LT\" \/>\n<meta property=\"og:type\" content=\"article\" \/>\n<meta property=\"og:title\" content=\"Virv\u0117s hamakui su \u201ekarabinais\u201c\" \/>\n<meta property=\"og:description\" content=\"Viena i\u0161 lengviausi\u0173 ir papras\u010diausiai reguliuojam\u0173 hamako pakabinimo sistem\u0173. Virv\u0117s hamakui sveria vos 130 gram\u0173 ir i\u0161laiko iki 350 kilogram\u0173.\" \/>\n<meta property=\"og:url\" content=\"https:\/\/needfortrees.lt\/lt\/produktas\/virves-hamakui\/\" \/>\n<meta property=\"og:site_name\" content=\"NEED FOR TREES\" \/>\n<meta property=\"article:publisher\" content=\"https:\/\/www.facebook.com\/NeedForTrees\/\" \/>\n<meta property=\"article:modified_time\" content=\"2026-02-27T17:16:50+00:00\" \/>\n<meta property=\"og:image\" content=\"https:\/\/needfortrees.lt\/wp-content\/uploads\/2023\/09\/need-for-trees-hammock-suspension.jpg\" \/>\n\t<meta property=\"og:image:width\" content=\"480\" \/>\n\t<meta property=\"og:image:height\" content=\"720\" \/>\n\t<meta property=\"og:image:type\" content=\"image\/jpeg\" \/>\n<meta name=\"twitter:card\" content=\"summary_large_image\" \/>\n<meta name=\"twitter:label1\" content=\"Est. reading time\" \/>\n\t<meta name=\"twitter:data1\" content=\"1 minut\u0117\" \/>\n<script type=\"application\/ld+json\" class=\"yoast-schema-graph\">{\"@context\":\"https:\/\/schema.org\",\"@graph\":[{\"@type\":\"WebPage\",\"@id\":\"https:\/\/needfortrees.lt\/lt\/produktas\/virves-hamakui\/\",\"url\":\"https:\/\/needfortrees.lt\/lt\/produktas\/virves-hamakui\/\",\"name\":\"Virv\u0117s hamakui su \u201ekarabinais\u201c\",\"isPartOf\":{\"@id\":\"https:\/\/needfortrees.lt\/#website\"},\"primaryImageOfPage\":{\"@id\":\"https:\/\/needfortrees.lt\/lt\/produktas\/virves-hamakui\/#primaryimage\"},\"image\":{\"@id\":\"https:\/\/needfortrees.lt\/lt\/produktas\/virves-hamakui\/#primaryimage\"},\"thumbnailUrl\":\"https:\/\/needfortrees.lt\/wp-content\/uploads\/2023\/09\/need-for-trees-hammock-suspension.jpg\",\"datePublished\":\"2023-09-15T17:59:37+00:00\",\"dateModified\":\"2026-02-27T17:16:50+00:00\",\"description\":\"Viena i\u0161 lengviausi\u0173 ir papras\u010diausiai reguliuojam\u0173 hamako pakabinimo sistem\u0173. Virv\u0117s hamakui sveria vos 130 gram\u0173 ir i\u0161laiko iki 350 kilogram\u0173.\",\"breadcrumb\":{\"@id\":\"https:\/\/needfortrees.lt\/lt\/produktas\/virves-hamakui\/#breadcrumb\"},\"inLanguage\":\"lt-LT\",\"potentialAction\":[{\"@type\":\"ReadAction\",\"target\":[\"https:\/\/needfortrees.lt\/lt\/produktas\/virves-hamakui\/\"]}]},{\"@type\":\"ImageObject\",\"inLanguage\":\"lt-LT\",\"@id\":\"https:\/\/needfortrees.lt\/lt\/produktas\/virves-hamakui\/#primaryimage\",\"url\":\"https:\/\/needfortrees.lt\/wp-content\/uploads\/2023\/09\/need-for-trees-hammock-suspension.jpg\",\"contentUrl\":\"https:\/\/needfortrees.lt\/wp-content\/uploads\/2023\/09\/need-for-trees-hammock-suspension.jpg\",\"width\":480,\"height\":720,\"caption\":\"need for trees hammock suspension whoopie slings\"},{\"@type\":\"BreadcrumbList\",\"@id\":\"https:\/\/needfortrees.lt\/lt\/produktas\/virves-hamakui\/#breadcrumb\",\"itemListElement\":[{\"@type\":\"ListItem\",\"position\":1,\"name\":\"Home\",\"item\":\"https:\/\/needfortrees.lt\/\"},{\"@type\":\"ListItem\",\"position\":2,\"name\":\"Parduotuv\u0117\",\"item\":\"https:\/\/needfortrees.lt\/products\/\"},{\"@type\":\"ListItem\",\"position\":3,\"name\":\"Virv\u0117s hamakui \u201eD\u017ei\u016bngliu \u0161ni\u016brs\u201c\"}]},{\"@type\":\"WebSite\",\"@id\":\"https:\/\/needfortrees.lt\/#website\",\"url\":\"https:\/\/needfortrees.lt\/\",\"name\":\"NEED FOR TREES\",\"description\":\"High quality hammocks and camping equipment\",\"publisher\":{\"@id\":\"https:\/\/needfortrees.lt\/#organization\"},\"potentialAction\":[{\"@type\":\"SearchAction\",\"target\":{\"@type\":\"EntryPoint\",\"urlTemplate\":\"https:\/\/needfortrees.lt\/?s={search_term_string}\"},\"query-input\":{\"@type\":\"PropertyValueSpecification\",\"valueRequired\":true,\"valueName\":\"search_term_string\"}}],\"inLanguage\":\"lt-LT\"},{\"@type\":\"Organization\",\"@id\":\"https:\/\/needfortrees.lt\/#organization\",\"name\":\"NEED FOR TREES\",\"url\":\"https:\/\/needfortrees.lt\/\",\"logo\":{\"@type\":\"ImageObject\",\"inLanguage\":\"lt-LT\",\"@id\":\"https:\/\/needfortrees.lt\/#\/schema\/logo\/image\/\",\"url\":\"https:\/\/needfortrees.lt\/wp-content\/uploads\/2025\/11\/MAIN-GRAPHIT.svg\",\"contentUrl\":\"https:\/\/needfortrees.lt\/wp-content\/uploads\/2025\/11\/MAIN-GRAPHIT.svg\",\"width\":993,\"height\":440,\"caption\":\"NEED FOR TREES\"},\"image\":{\"@id\":\"https:\/\/needfortrees.lt\/#\/schema\/logo\/image\/\"},\"sameAs\":[\"https:\/\/www.facebook.com\/NeedForTrees\/\",\"https:\/\/www.instagram.com\/need.for.trees\/\"]}]}<\/script>\n<!-- \/ Yoast SEO plugin. -->","yoast_head_json":{"title":"Virv\u0117s hamakui su \u201ekarabinais\u201c","description":"Viena i\u0161 lengviausi\u0173 ir papras\u010diausiai reguliuojam\u0173 hamako pakabinimo sistem\u0173. Virv\u0117s hamakui sveria vos 130 gram\u0173 ir i\u0161laiko iki 350 kilogram\u0173.","robots":{"index":"index","follow":"follow","max-snippet":"max-snippet:-1","max-image-preview":"max-image-preview:large","max-video-preview":"max-video-preview:-1"},"canonical":"https:\/\/needfortrees.lt\/lt\/produktas\/virves-hamakui\/","og_locale":"lt_LT","og_type":"article","og_title":"Virv\u0117s hamakui su \u201ekarabinais\u201c","og_description":"Viena i\u0161 lengviausi\u0173 ir papras\u010diausiai reguliuojam\u0173 hamako pakabinimo sistem\u0173. Virv\u0117s hamakui sveria vos 130 gram\u0173 ir i\u0161laiko iki 350 kilogram\u0173.","og_url":"https:\/\/needfortrees.lt\/lt\/produktas\/virves-hamakui\/","og_site_name":"NEED FOR TREES","article_publisher":"https:\/\/www.facebook.com\/NeedForTrees\/","article_modified_time":"2026-02-27T17:16:50+00:00","og_image":[{"width":480,"height":720,"url":"https:\/\/needfortrees.lt\/wp-content\/uploads\/2023\/09\/need-for-trees-hammock-suspension.jpg","type":"image\/jpeg"}],"twitter_card":"summary_large_image","twitter_misc":{"Est. reading time":"1 minut\u0117"},"schema":{"@context":"https:\/\/schema.org","@graph":[{"@type":"WebPage","@id":"https:\/\/needfortrees.lt\/lt\/produktas\/virves-hamakui\/","url":"https:\/\/needfortrees.lt\/lt\/produktas\/virves-hamakui\/","name":"Virv\u0117s hamakui su \u201ekarabinais\u201c","isPartOf":{"@id":"https:\/\/needfortrees.lt\/#website"},"primaryImageOfPage":{"@id":"https:\/\/needfortrees.lt\/lt\/produktas\/virves-hamakui\/#primaryimage"},"image":{"@id":"https:\/\/needfortrees.lt\/lt\/produktas\/virves-hamakui\/#primaryimage"},"thumbnailUrl":"https:\/\/needfortrees.lt\/wp-content\/uploads\/2023\/09\/need-for-trees-hammock-suspension.jpg","datePublished":"2023-09-15T17:59:37+00:00","dateModified":"2026-02-27T17:16:50+00:00","description":"Viena i\u0161 lengviausi\u0173 ir papras\u010diausiai reguliuojam\u0173 hamako pakabinimo sistem\u0173. Virv\u0117s hamakui sveria vos 130 gram\u0173 ir i\u0161laiko iki 350 kilogram\u0173.","breadcrumb":{"@id":"https:\/\/needfortrees.lt\/lt\/produktas\/virves-hamakui\/#breadcrumb"},"inLanguage":"lt-LT","potentialAction":[{"@type":"ReadAction","target":["https:\/\/needfortrees.lt\/lt\/produktas\/virves-hamakui\/"]}]},{"@type":"ImageObject","inLanguage":"lt-LT","@id":"https:\/\/needfortrees.lt\/lt\/produktas\/virves-hamakui\/#primaryimage","url":"https:\/\/needfortrees.lt\/wp-content\/uploads\/2023\/09\/need-for-trees-hammock-suspension.jpg","contentUrl":"https:\/\/needfortrees.lt\/wp-content\/uploads\/2023\/09\/need-for-trees-hammock-suspension.jpg","width":480,"height":720,"caption":"need for trees hammock suspension whoopie slings"},{"@type":"BreadcrumbList","@id":"https:\/\/needfortrees.lt\/lt\/produktas\/virves-hamakui\/#breadcrumb","itemListElement":[{"@type":"ListItem","position":1,"name":"Home","item":"https:\/\/needfortrees.lt\/"},{"@type":"ListItem","position":2,"name":"Parduotuv\u0117","item":"https:\/\/needfortrees.lt\/products\/"},{"@type":"ListItem","position":3,"name":"Virv\u0117s hamakui \u201eD\u017ei\u016bngliu \u0161ni\u016brs\u201c"}]},{"@type":"WebSite","@id":"https:\/\/needfortrees.lt\/#website","url":"https:\/\/needfortrees.lt\/","name":"NEED FOR TREES","description":"High quality hammocks and camping equipment","publisher":{"@id":"https:\/\/needfortrees.lt\/#organization"},"potentialAction":[{"@type":"SearchAction","target":{"@type":"EntryPoint","urlTemplate":"https:\/\/needfortrees.lt\/?s={search_term_string}"},"query-input":{"@type":"PropertyValueSpecification","valueRequired":true,"valueName":"search_term_string"}}],"inLanguage":"lt-LT"},{"@type":"Organization","@id":"https:\/\/needfortrees.lt\/#organization","name":"NEED FOR TREES","url":"https:\/\/needfortrees.lt\/","logo":{"@type":"ImageObject","inLanguage":"lt-LT","@id":"https:\/\/needfortrees.lt\/#\/schema\/logo\/image\/","url":"https:\/\/needfortrees.lt\/wp-content\/uploads\/2025\/11\/MAIN-GRAPHIT.svg","contentUrl":"https:\/\/needfortrees.lt\/wp-content\/uploads\/2025\/11\/MAIN-GRAPHIT.svg","width":993,"height":440,"caption":"NEED FOR TREES"},"image":{"@id":"https:\/\/needfortrees.lt\/#\/schema\/logo\/image\/"},"sameAs":["https:\/\/www.facebook.com\/NeedForTrees\/","https:\/\/www.instagram.com\/need.for.trees\/"]}]}},"jetpack_sharing_enabled":true,"_links":{"self":[{"href":"https:\/\/needfortrees.lt\/lt\/wp-json\/wp\/v2\/product\/1378","targetHints":{"allow":["GET"]}}],"collection":[{"href":"https:\/\/needfortrees.lt\/lt\/wp-json\/wp\/v2\/product"}],"about":[{"href":"https:\/\/needfortrees.lt\/lt\/wp-json\/wp\/v2\/types\/product"}],"replies":[{"embeddable":true,"href":"https:\/\/needfortrees.lt\/lt\/wp-json\/wp\/v2\/comments?post=1378"}],"wp:featuredmedia":[{"embeddable":true,"href":"https:\/\/needfortrees.lt\/lt\/wp-json\/wp\/v2\/media\/4606"}],"wp:attachment":[{"href":"https:\/\/needfortrees.lt\/lt\/wp-json\/wp\/v2\/media?parent=1378"}],"wp:term":[{"taxonomy":"product_brand","embeddable":true,"href":"https:\/\/needfortrees.lt\/lt\/wp-json\/wp\/v2\/product_brand?post=1378"},{"taxonomy":"product_cat","embeddable":true,"href":"https:\/\/needfortrees.lt\/lt\/wp-json\/wp\/v2\/product_cat?post=1378"},{"taxonomy":"product_tag","embeddable":true,"href":"https:\/\/needfortrees.lt\/lt\/wp-json\/wp\/v2\/product_tag?post=1378"}],"curies":[{"name":"wp","href":"https:\/\/api.w.org\/{rel}","templated":true}]}}