{"id":1586,"date":"2023-09-27T17:55:55","date_gmt":"2023-09-27T17:55:55","guid":{"rendered":"https:\/\/needfortrees.lt\/?post_type=product&#038;p=1586"},"modified":"2026-02-27T17:15:36","modified_gmt":"2026-02-27T17:15:36","slug":"viensluoksnis-turistinis-hamakas","status":"publish","type":"product","link":"https:\/\/needfortrees.lt\/lt\/produktas\/viensluoksnis-turistinis-hamakas\/","title":{"rendered":"Viensluoksnis hamakas \u201eBreidis\u201c"},"content":{"rendered":"<p>Hamakas pagamintas i\u0161 auk\u0161\u010diausios klas\u0117s Ripstop Nylon audinio, suteikian\u010dio maksimal\u0173 komfort\u0105. Audinys yra labai malonus odai, lyg \u0161velni medviln\u0117 (nors med\u017eiaga sintetin\u0117) ir turi vien\u0105 geriausi\u0173 svorio rodikli\u0173 tokio svorio audiniui. \u0160is audinys pritaikytas i\u0161laikyti iki 158 kilogram\u0173. Hamakas yra itin ilgas, net 350 cm, o svoris vos 350 g.<\/p>\n<p>Savyb\u0117s:<br \/>\n\u2022 Dyneema\u00ae ridge line<br \/>\n\u2022 Dyneema\u00ae continuous loop<br \/>\n\u2022 Med\u017eiaga \u2013 auk\u0161\u010diausios klas\u0117s Ripstop nylon, tai viena pa\u010di\u0173 tvir\u010diausi\u0173 ir geriausi\u0173 med\u017eiag\u0173, skirt\u0173 hamakui<br \/>\n\u2022 Med\u017eiaga \u2013 atstumianti vanden\u012f<br \/>\n\u2022 Ilgis \u2013 350 cm<br \/>\n\u2022 Svoris \u2013 350 g<br \/>\n\u2022 I\u0161laiko iki 158 kg (saugus limitas), ta\u010diau praktika rodo, jog visi\u0161kai be problem\u0173 i\u0161laiko 2\u20133 \u017emones<\/p>\n<p><strong>Kada reik\u0117t\u0173 rinktis \u0161\u012f hamak\u0105?<\/strong> Galiu pamodeliuoti kelias situacijas:<br \/>\n1. \u0160is hamakas yra puikus pasirinkimas tiems, kurie nori prad\u0117ti savo bushcraftinimo arba apskritai poilsio gamtoje \u201ekarjer\u0105\u201c. Hamakas lengvas ir ma\u017eas. Tai puikus pasirinkimas trumpiems \u017eygiams arba siekiant pails\u0117ti gamtoje per daug neinvestuojant, ta\u010diau norint \u012fsigyti tikrai kokybi\u0161k\u0105 produkt\u0105, garantuojant\u012f nepamir\u0161tam\u0105 poils\u012f. Tinka tiek pagul\u0117ti sode tarp darb\u0173, tiek i\u0161\u0117jus \u012f mi\u0161k\u0105 prav\u0117dinti galv\u0105 ir restart&#8217;inti siel\u0105.<br \/>\n2. \u0160is hamakas yra kompakti\u0161kas pasirinkimas tiems, kurie da\u017enai u\u017esiima aktyviu laisvalaikiu, ilg\u0173 distancij\u0173 \u017eygiais ir siekia kokybi\u0161ko komforto \/ poilsio i\u0161laikydami ma\u017eiausi\u0105 kuprin\u0117s svor\u012f. Taip, taip, net jei ir atrodo kitaip, einant ilgus atstumus ir 200 g daro did\u017eiul\u0119 \u012ftak\u0105.<\/p>\n<p><strong>Virv\u0117s n\u0117ra hamako dalis. Virves hamakui gali \u012fsigyti \u010dia: <\/strong><span style=\"text-decoration: underline;\"><a href=\"https:\/\/needfortrees.lt\/product\/virves-hamakui\/\">https:\/\/needfortrees.lt\/product\/virves-hamakui\/<\/a><\/span><\/p>\n","protected":false},"excerpt":{"rendered":"<p><strong>Ma\u017eiausio svorio ir ma\u017eiausiai vietos u\u017eimanti<\/strong> miego sistema.<\/p>\n<p>Did\u017eiausias \u0161io viensluoksnio hamako i\u0161skirtinumas yra ilgio ir svorio kombinacija. Hamako <strong>ilgis net 350 cm, <\/strong>o <strong>svoris vos 350 g! <\/strong>Na, o pats hamakas i\u0161laiko iki 158 kg.<\/p>\n<p><strong>Virv\u0117s n\u0117ra hamako dalis. <\/strong>Virves hamakui gali \u012fsigyti \u010dia:\u00a0<span style=\"color: #ff9900;\"><a style=\"color: #ff9900;\" href=\"https:\/\/needfortrees.lt\/product\/virves-hamakui\/\">https:\/\/needfortrees.lt\/product\/virves-hamakui\/<\/a><\/span><\/p>\n<p>Detalesnis apra\u0161ymas \u017eemiau!<\/p>\n","protected":false},"featured_media":5970,"comment_status":"open","ping_status":"closed","template":"","meta":[],"product_brand":[],"product_cat":[29],"product_tag":[31],"class_list":{"0":"post-1586","1":"product","2":"type-product","3":"status-publish","4":"has-post-thumbnail","6":"product_cat-hamakai","7":"product_tag-hamakas","9":"first","10":"instock","11":"taxable","12":"shipping-taxable","13":"purchasable","14":"product-type-variable","15":"has-default-attributes"},"composite_virtual":false,"composite_layout":"","composite_add_to_cart_form_location":"","composite_editable_in_cart":false,"composite_sold_individually_context":"","composite_shop_price_calc":"","composite_components":[],"composite_scenarios":[],"yoast_head":"<!-- This site is optimized with the Yoast SEO plugin v26.3 - https:\/\/yoast.com\/wordpress\/plugins\/seo\/ -->\n<title>Turistinis hamakas \u201eBreidis\u201c<\/title>\n<meta name=\"description\" content=\"Turistinis hamakas pagamintas i\u0161 geriausios med\u017eiagos, u\u017etikrinantis puik\u0173 tvirtumo ir lengvumo santyk\u012f. Puikus pasirinkimas patogiam poilsiui gamtoje.\" \/>\n<meta name=\"robots\" content=\"index, follow, max-snippet:-1, max-image-preview:large, max-video-preview:-1\" \/>\n<link rel=\"canonical\" href=\"https:\/\/needfortrees.lt\/lt\/produktas\/viensluoksnis-turistinis-hamakas\/\" \/>\n<meta property=\"og:locale\" content=\"lt_LT\" \/>\n<meta property=\"og:type\" content=\"article\" \/>\n<meta property=\"og:title\" content=\"Turistinis hamakas \u201eBreidis\u201c\" \/>\n<meta property=\"og:description\" content=\"Turistinis hamakas pagamintas i\u0161 geriausios med\u017eiagos, u\u017etikrinantis puik\u0173 tvirtumo ir lengvumo santyk\u012f. Puikus pasirinkimas patogiam poilsiui gamtoje.\" \/>\n<meta property=\"og:url\" content=\"https:\/\/needfortrees.lt\/lt\/produktas\/viensluoksnis-turistinis-hamakas\/\" \/>\n<meta property=\"og:site_name\" content=\"NEED FOR TREES\" \/>\n<meta property=\"article:publisher\" content=\"https:\/\/www.facebook.com\/NeedForTrees\/\" \/>\n<meta property=\"article:modified_time\" content=\"2026-02-27T17:15:36+00:00\" \/>\n<meta property=\"og:image\" content=\"https:\/\/needfortrees.lt\/wp-content\/uploads\/2023\/09\/DSC02496-3.jpg\" \/>\n\t<meta property=\"og:image:width\" content=\"933\" \/>\n\t<meta property=\"og:image:height\" content=\"1400\" \/>\n\t<meta property=\"og:image:type\" content=\"image\/jpeg\" \/>\n<meta name=\"twitter:card\" content=\"summary_large_image\" \/>\n<meta name=\"twitter:label1\" content=\"Est. reading time\" \/>\n\t<meta name=\"twitter:data1\" content=\"2 minut\u0117s\" \/>\n<script type=\"application\/ld+json\" class=\"yoast-schema-graph\">{\"@context\":\"https:\/\/schema.org\",\"@graph\":[{\"@type\":\"WebPage\",\"@id\":\"https:\/\/needfortrees.lt\/lt\/produktas\/viensluoksnis-turistinis-hamakas\/\",\"url\":\"https:\/\/needfortrees.lt\/lt\/produktas\/viensluoksnis-turistinis-hamakas\/\",\"name\":\"Turistinis hamakas \u201eBreidis\u201c\",\"isPartOf\":{\"@id\":\"https:\/\/needfortrees.lt\/#website\"},\"primaryImageOfPage\":{\"@id\":\"https:\/\/needfortrees.lt\/lt\/produktas\/viensluoksnis-turistinis-hamakas\/#primaryimage\"},\"image\":{\"@id\":\"https:\/\/needfortrees.lt\/lt\/produktas\/viensluoksnis-turistinis-hamakas\/#primaryimage\"},\"thumbnailUrl\":\"https:\/\/needfortrees.lt\/wp-content\/uploads\/2023\/09\/DSC02496-3.jpg\",\"datePublished\":\"2023-09-27T17:55:55+00:00\",\"dateModified\":\"2026-02-27T17:15:36+00:00\",\"description\":\"Turistinis hamakas pagamintas i\u0161 geriausios med\u017eiagos, u\u017etikrinantis puik\u0173 tvirtumo ir lengvumo santyk\u012f. Puikus pasirinkimas patogiam poilsiui gamtoje.\",\"breadcrumb\":{\"@id\":\"https:\/\/needfortrees.lt\/lt\/produktas\/viensluoksnis-turistinis-hamakas\/#breadcrumb\"},\"inLanguage\":\"lt-LT\",\"potentialAction\":[{\"@type\":\"ReadAction\",\"target\":[\"https:\/\/needfortrees.lt\/lt\/produktas\/viensluoksnis-turistinis-hamakas\/\"]}]},{\"@type\":\"ImageObject\",\"inLanguage\":\"lt-LT\",\"@id\":\"https:\/\/needfortrees.lt\/lt\/produktas\/viensluoksnis-turistinis-hamakas\/#primaryimage\",\"url\":\"https:\/\/needfortrees.lt\/wp-content\/uploads\/2023\/09\/DSC02496-3.jpg\",\"contentUrl\":\"https:\/\/needfortrees.lt\/wp-content\/uploads\/2023\/09\/DSC02496-3.jpg\",\"width\":933,\"height\":1400,\"caption\":\"light camping hammock\"},{\"@type\":\"BreadcrumbList\",\"@id\":\"https:\/\/needfortrees.lt\/lt\/produktas\/viensluoksnis-turistinis-hamakas\/#breadcrumb\",\"itemListElement\":[{\"@type\":\"ListItem\",\"position\":1,\"name\":\"Home\",\"item\":\"https:\/\/needfortrees.lt\/lt\/\"},{\"@type\":\"ListItem\",\"position\":2,\"name\":\"Parduotuv\u0117\",\"item\":\"https:\/\/needfortrees.lt\/products\/\"},{\"@type\":\"ListItem\",\"position\":3,\"name\":\"Viensluoksnis hamakas \u201eBreidis\u201c\"}]},{\"@type\":\"WebSite\",\"@id\":\"https:\/\/needfortrees.lt\/#website\",\"url\":\"https:\/\/needfortrees.lt\/\",\"name\":\"NEED FOR TREES\",\"description\":\"High quality hammocks and camping equipment\",\"publisher\":{\"@id\":\"https:\/\/needfortrees.lt\/#organization\"},\"potentialAction\":[{\"@type\":\"SearchAction\",\"target\":{\"@type\":\"EntryPoint\",\"urlTemplate\":\"https:\/\/needfortrees.lt\/?s={search_term_string}\"},\"query-input\":{\"@type\":\"PropertyValueSpecification\",\"valueRequired\":true,\"valueName\":\"search_term_string\"}}],\"inLanguage\":\"lt-LT\"},{\"@type\":\"Organization\",\"@id\":\"https:\/\/needfortrees.lt\/#organization\",\"name\":\"NEED FOR TREES\",\"url\":\"https:\/\/needfortrees.lt\/\",\"logo\":{\"@type\":\"ImageObject\",\"inLanguage\":\"lt-LT\",\"@id\":\"https:\/\/needfortrees.lt\/#\/schema\/logo\/image\/\",\"url\":\"https:\/\/needfortrees.lt\/wp-content\/uploads\/2025\/11\/MAIN-GRAPHIT.svg\",\"contentUrl\":\"https:\/\/needfortrees.lt\/wp-content\/uploads\/2025\/11\/MAIN-GRAPHIT.svg\",\"width\":993,\"height\":440,\"caption\":\"NEED FOR TREES\"},\"image\":{\"@id\":\"https:\/\/needfortrees.lt\/#\/schema\/logo\/image\/\"},\"sameAs\":[\"https:\/\/www.facebook.com\/NeedForTrees\/\",\"https:\/\/www.instagram.com\/need.for.trees\/\"]}]}<\/script>\n<!-- \/ Yoast SEO plugin. -->","yoast_head_json":{"title":"Turistinis hamakas \u201eBreidis\u201c","description":"Turistinis hamakas pagamintas i\u0161 geriausios med\u017eiagos, u\u017etikrinantis puik\u0173 tvirtumo ir lengvumo santyk\u012f. Puikus pasirinkimas patogiam poilsiui gamtoje.","robots":{"index":"index","follow":"follow","max-snippet":"max-snippet:-1","max-image-preview":"max-image-preview:large","max-video-preview":"max-video-preview:-1"},"canonical":"https:\/\/needfortrees.lt\/lt\/produktas\/viensluoksnis-turistinis-hamakas\/","og_locale":"lt_LT","og_type":"article","og_title":"Turistinis hamakas \u201eBreidis\u201c","og_description":"Turistinis hamakas pagamintas i\u0161 geriausios med\u017eiagos, u\u017etikrinantis puik\u0173 tvirtumo ir lengvumo santyk\u012f. Puikus pasirinkimas patogiam poilsiui gamtoje.","og_url":"https:\/\/needfortrees.lt\/lt\/produktas\/viensluoksnis-turistinis-hamakas\/","og_site_name":"NEED FOR TREES","article_publisher":"https:\/\/www.facebook.com\/NeedForTrees\/","article_modified_time":"2026-02-27T17:15:36+00:00","og_image":[{"width":933,"height":1400,"url":"https:\/\/needfortrees.lt\/wp-content\/uploads\/2023\/09\/DSC02496-3.jpg","type":"image\/jpeg"}],"twitter_card":"summary_large_image","twitter_misc":{"Est. reading time":"2 minut\u0117s"},"schema":{"@context":"https:\/\/schema.org","@graph":[{"@type":"WebPage","@id":"https:\/\/needfortrees.lt\/lt\/produktas\/viensluoksnis-turistinis-hamakas\/","url":"https:\/\/needfortrees.lt\/lt\/produktas\/viensluoksnis-turistinis-hamakas\/","name":"Turistinis hamakas \u201eBreidis\u201c","isPartOf":{"@id":"https:\/\/needfortrees.lt\/#website"},"primaryImageOfPage":{"@id":"https:\/\/needfortrees.lt\/lt\/produktas\/viensluoksnis-turistinis-hamakas\/#primaryimage"},"image":{"@id":"https:\/\/needfortrees.lt\/lt\/produktas\/viensluoksnis-turistinis-hamakas\/#primaryimage"},"thumbnailUrl":"https:\/\/needfortrees.lt\/wp-content\/uploads\/2023\/09\/DSC02496-3.jpg","datePublished":"2023-09-27T17:55:55+00:00","dateModified":"2026-02-27T17:15:36+00:00","description":"Turistinis hamakas pagamintas i\u0161 geriausios med\u017eiagos, u\u017etikrinantis puik\u0173 tvirtumo ir lengvumo santyk\u012f. Puikus pasirinkimas patogiam poilsiui gamtoje.","breadcrumb":{"@id":"https:\/\/needfortrees.lt\/lt\/produktas\/viensluoksnis-turistinis-hamakas\/#breadcrumb"},"inLanguage":"lt-LT","potentialAction":[{"@type":"ReadAction","target":["https:\/\/needfortrees.lt\/lt\/produktas\/viensluoksnis-turistinis-hamakas\/"]}]},{"@type":"ImageObject","inLanguage":"lt-LT","@id":"https:\/\/needfortrees.lt\/lt\/produktas\/viensluoksnis-turistinis-hamakas\/#primaryimage","url":"https:\/\/needfortrees.lt\/wp-content\/uploads\/2023\/09\/DSC02496-3.jpg","contentUrl":"https:\/\/needfortrees.lt\/wp-content\/uploads\/2023\/09\/DSC02496-3.jpg","width":933,"height":1400,"caption":"light camping hammock"},{"@type":"BreadcrumbList","@id":"https:\/\/needfortrees.lt\/lt\/produktas\/viensluoksnis-turistinis-hamakas\/#breadcrumb","itemListElement":[{"@type":"ListItem","position":1,"name":"Home","item":"https:\/\/needfortrees.lt\/lt\/"},{"@type":"ListItem","position":2,"name":"Parduotuv\u0117","item":"https:\/\/needfortrees.lt\/products\/"},{"@type":"ListItem","position":3,"name":"Viensluoksnis hamakas \u201eBreidis\u201c"}]},{"@type":"WebSite","@id":"https:\/\/needfortrees.lt\/#website","url":"https:\/\/needfortrees.lt\/","name":"NEED FOR TREES","description":"High quality hammocks and camping equipment","publisher":{"@id":"https:\/\/needfortrees.lt\/#organization"},"potentialAction":[{"@type":"SearchAction","target":{"@type":"EntryPoint","urlTemplate":"https:\/\/needfortrees.lt\/?s={search_term_string}"},"query-input":{"@type":"PropertyValueSpecification","valueRequired":true,"valueName":"search_term_string"}}],"inLanguage":"lt-LT"},{"@type":"Organization","@id":"https:\/\/needfortrees.lt\/#organization","name":"NEED FOR TREES","url":"https:\/\/needfortrees.lt\/","logo":{"@type":"ImageObject","inLanguage":"lt-LT","@id":"https:\/\/needfortrees.lt\/#\/schema\/logo\/image\/","url":"https:\/\/needfortrees.lt\/wp-content\/uploads\/2025\/11\/MAIN-GRAPHIT.svg","contentUrl":"https:\/\/needfortrees.lt\/wp-content\/uploads\/2025\/11\/MAIN-GRAPHIT.svg","width":993,"height":440,"caption":"NEED FOR TREES"},"image":{"@id":"https:\/\/needfortrees.lt\/#\/schema\/logo\/image\/"},"sameAs":["https:\/\/www.facebook.com\/NeedForTrees\/","https:\/\/www.instagram.com\/need.for.trees\/"]}]}},"jetpack_sharing_enabled":true,"_links":{"self":[{"href":"https:\/\/needfortrees.lt\/lt\/wp-json\/wp\/v2\/product\/1586","targetHints":{"allow":["GET"]}}],"collection":[{"href":"https:\/\/needfortrees.lt\/lt\/wp-json\/wp\/v2\/product"}],"about":[{"href":"https:\/\/needfortrees.lt\/lt\/wp-json\/wp\/v2\/types\/product"}],"replies":[{"embeddable":true,"href":"https:\/\/needfortrees.lt\/lt\/wp-json\/wp\/v2\/comments?post=1586"}],"wp:featuredmedia":[{"embeddable":true,"href":"https:\/\/needfortrees.lt\/lt\/wp-json\/wp\/v2\/media\/5970"}],"wp:attachment":[{"href":"https:\/\/needfortrees.lt\/lt\/wp-json\/wp\/v2\/media?parent=1586"}],"wp:term":[{"taxonomy":"product_brand","embeddable":true,"href":"https:\/\/needfortrees.lt\/lt\/wp-json\/wp\/v2\/product_brand?post=1586"},{"taxonomy":"product_cat","embeddable":true,"href":"https:\/\/needfortrees.lt\/lt\/wp-json\/wp\/v2\/product_cat?post=1586"},{"taxonomy":"product_tag","embeddable":true,"href":"https:\/\/needfortrees.lt\/lt\/wp-json\/wp\/v2\/product_tag?post=1586"}],"curies":[{"name":"wp","href":"https:\/\/api.w.org\/{rel}","templated":true}]}}