{"id":2092,"date":"2023-09-08T16:09:25","date_gmt":"2023-09-08T16:09:25","guid":{"rendered":"https:\/\/needfortrees.lt\/?post_type=product&#038;p=2092"},"modified":"2026-03-09T20:52:13","modified_gmt":"2026-03-09T20:52:13","slug":"dovanu-kuponas","status":"publish","type":"product","link":"https:\/\/needfortrees.lt\/lt\/produktas\/dovanu-kuponas\/","title":{"rendered":"Dovan\u0173 kuponas"},"content":{"rendered":"<p>Dovan\u0173 kupon\u0105 gausi elektroniniu formatu \u012f nurodyt\u0105 el. pa\u0161t\u0105.<\/p>\n","protected":false},"excerpt":{"rendered":"<p>Nori u\u017ekiet\u0117jusiam gamtos myl\u0117tojui padovanoti k\u0105 nors i\u0161 \u201eNeed For Trees\u201c, ta\u010diau ne\u017einai, k\u0105 tiksliai dovanoti? Ne b\u0117da \u2013 rinkis NFT elektronin\u012f dovan\u0173 kupon\u0105. <strong>Kuponas galioja visai NFT produkcijai.<\/strong><\/p>\n","protected":false},"featured_media":4648,"comment_status":"open","ping_status":"closed","template":"","meta":[],"product_brand":[],"product_cat":[38],"product_tag":[],"class_list":{"0":"post-2092","1":"product","2":"type-product","3":"status-publish","4":"has-post-thumbnail","6":"product_cat-dovanos","8":"first","9":"instock","10":"purchasable","11":"product-type-variable"},"composite_virtual":false,"composite_layout":"","composite_add_to_cart_form_location":"","composite_editable_in_cart":false,"composite_sold_individually_context":"","composite_shop_price_calc":"","composite_components":[],"composite_scenarios":[],"yoast_head":"<!-- This site is optimized with the Yoast SEO plugin v26.3 - https:\/\/yoast.com\/wordpress\/plugins\/seo\/ -->\n<title>Dovan\u0173 kuponas - NEED FOR TREES<\/title>\n<meta name=\"description\" content=\"Ne\u017einai, k\u0105 dovanoti gamtos myl\u0117tojui? Need for Trees dovan\u0173 kuponas \u2013 laisv\u0117 rinktis i\u0161 kokybi\u0161k\u0173 gamtai ir outdoor veikloms skirt\u0173 preki\u0173.\" \/>\n<meta name=\"robots\" content=\"index, follow, max-snippet:-1, max-image-preview:large, max-video-preview:-1\" \/>\n<link rel=\"canonical\" href=\"https:\/\/needfortrees.lt\/lt\/produktas\/dovanu-kuponas\/\" \/>\n<meta property=\"og:locale\" content=\"lt_LT\" \/>\n<meta property=\"og:type\" content=\"article\" \/>\n<meta property=\"og:title\" content=\"Dovan\u0173 kuponas - NEED FOR TREES\" \/>\n<meta property=\"og:description\" content=\"Ne\u017einai, k\u0105 dovanoti gamtos myl\u0117tojui? Need for Trees dovan\u0173 kuponas \u2013 laisv\u0117 rinktis i\u0161 kokybi\u0161k\u0173 gamtai ir outdoor veikloms skirt\u0173 preki\u0173.\" \/>\n<meta property=\"og:url\" content=\"https:\/\/needfortrees.lt\/lt\/produktas\/dovanu-kuponas\/\" \/>\n<meta property=\"og:site_name\" content=\"NEED FOR TREES\" \/>\n<meta property=\"article:publisher\" content=\"https:\/\/www.facebook.com\/NeedForTrees\/\" \/>\n<meta property=\"article:modified_time\" content=\"2026-03-09T20:52:13+00:00\" \/>\n<meta property=\"og:image\" content=\"https:\/\/needfortrees.lt\/wp-content\/uploads\/2023\/09\/Need-for-Trees-hammock-dovanu-kuponas-5-scaled.jpg\" \/>\n\t<meta property=\"og:image:width\" content=\"1707\" \/>\n\t<meta property=\"og:image:height\" content=\"2560\" \/>\n\t<meta property=\"og:image:type\" content=\"image\/jpeg\" \/>\n<meta name=\"twitter:card\" content=\"summary_large_image\" \/>\n<meta name=\"twitter:label1\" content=\"Est. reading time\" \/>\n\t<meta name=\"twitter:data1\" content=\"1 minut\u0117\" \/>\n<script type=\"application\/ld+json\" class=\"yoast-schema-graph\">{\"@context\":\"https:\/\/schema.org\",\"@graph\":[{\"@type\":\"WebPage\",\"@id\":\"https:\/\/needfortrees.lt\/lt\/produktas\/dovanu-kuponas\/\",\"url\":\"https:\/\/needfortrees.lt\/lt\/produktas\/dovanu-kuponas\/\",\"name\":\"Dovan\u0173 kuponas - NEED FOR TREES\",\"isPartOf\":{\"@id\":\"https:\/\/needfortrees.lt\/#website\"},\"primaryImageOfPage\":{\"@id\":\"https:\/\/needfortrees.lt\/lt\/produktas\/dovanu-kuponas\/#primaryimage\"},\"image\":{\"@id\":\"https:\/\/needfortrees.lt\/lt\/produktas\/dovanu-kuponas\/#primaryimage\"},\"thumbnailUrl\":\"https:\/\/needfortrees.lt\/wp-content\/uploads\/2023\/09\/Need-for-Trees-hammock-dovanu-kuponas-5-scaled.jpg\",\"datePublished\":\"2023-09-08T16:09:25+00:00\",\"dateModified\":\"2026-03-09T20:52:13+00:00\",\"description\":\"Ne\u017einai, k\u0105 dovanoti gamtos myl\u0117tojui? Need for Trees dovan\u0173 kuponas \u2013 laisv\u0117 rinktis i\u0161 kokybi\u0161k\u0173 gamtai ir outdoor veikloms skirt\u0173 preki\u0173.\",\"breadcrumb\":{\"@id\":\"https:\/\/needfortrees.lt\/lt\/produktas\/dovanu-kuponas\/#breadcrumb\"},\"inLanguage\":\"lt-LT\",\"potentialAction\":[{\"@type\":\"ReadAction\",\"target\":[\"https:\/\/needfortrees.lt\/lt\/produktas\/dovanu-kuponas\/\"]}]},{\"@type\":\"ImageObject\",\"inLanguage\":\"lt-LT\",\"@id\":\"https:\/\/needfortrees.lt\/lt\/produktas\/dovanu-kuponas\/#primaryimage\",\"url\":\"https:\/\/needfortrees.lt\/wp-content\/uploads\/2023\/09\/Need-for-Trees-hammock-dovanu-kuponas-5-scaled.jpg\",\"contentUrl\":\"https:\/\/needfortrees.lt\/wp-content\/uploads\/2023\/09\/Need-for-Trees-hammock-dovanu-kuponas-5-scaled.jpg\",\"width\":1707,\"height\":2560},{\"@type\":\"BreadcrumbList\",\"@id\":\"https:\/\/needfortrees.lt\/lt\/produktas\/dovanu-kuponas\/#breadcrumb\",\"itemListElement\":[{\"@type\":\"ListItem\",\"position\":1,\"name\":\"Home\",\"item\":\"https:\/\/needfortrees.lt\/\"},{\"@type\":\"ListItem\",\"position\":2,\"name\":\"Parduotuv\u0117\",\"item\":\"https:\/\/needfortrees.lt\/products\/\"},{\"@type\":\"ListItem\",\"position\":3,\"name\":\"Dovan\u0173 kuponas\"}]},{\"@type\":\"WebSite\",\"@id\":\"https:\/\/needfortrees.lt\/#website\",\"url\":\"https:\/\/needfortrees.lt\/\",\"name\":\"NEED FOR TREES\",\"description\":\"High quality hammocks and camping equipment\",\"publisher\":{\"@id\":\"https:\/\/needfortrees.lt\/#organization\"},\"potentialAction\":[{\"@type\":\"SearchAction\",\"target\":{\"@type\":\"EntryPoint\",\"urlTemplate\":\"https:\/\/needfortrees.lt\/?s={search_term_string}\"},\"query-input\":{\"@type\":\"PropertyValueSpecification\",\"valueRequired\":true,\"valueName\":\"search_term_string\"}}],\"inLanguage\":\"lt-LT\"},{\"@type\":\"Organization\",\"@id\":\"https:\/\/needfortrees.lt\/#organization\",\"name\":\"NEED FOR TREES\",\"url\":\"https:\/\/needfortrees.lt\/\",\"logo\":{\"@type\":\"ImageObject\",\"inLanguage\":\"lt-LT\",\"@id\":\"https:\/\/needfortrees.lt\/#\/schema\/logo\/image\/\",\"url\":\"https:\/\/needfortrees.lt\/wp-content\/uploads\/2025\/11\/MAIN-GRAPHIT.svg\",\"contentUrl\":\"https:\/\/needfortrees.lt\/wp-content\/uploads\/2025\/11\/MAIN-GRAPHIT.svg\",\"width\":993,\"height\":440,\"caption\":\"NEED FOR TREES\"},\"image\":{\"@id\":\"https:\/\/needfortrees.lt\/#\/schema\/logo\/image\/\"},\"sameAs\":[\"https:\/\/www.facebook.com\/NeedForTrees\/\",\"https:\/\/www.instagram.com\/need.for.trees\/\"]}]}<\/script>\n<!-- \/ Yoast SEO plugin. -->","yoast_head_json":{"title":"Dovan\u0173 kuponas - NEED FOR TREES","description":"Ne\u017einai, k\u0105 dovanoti gamtos myl\u0117tojui? Need for Trees dovan\u0173 kuponas \u2013 laisv\u0117 rinktis i\u0161 kokybi\u0161k\u0173 gamtai ir outdoor veikloms skirt\u0173 preki\u0173.","robots":{"index":"index","follow":"follow","max-snippet":"max-snippet:-1","max-image-preview":"max-image-preview:large","max-video-preview":"max-video-preview:-1"},"canonical":"https:\/\/needfortrees.lt\/lt\/produktas\/dovanu-kuponas\/","og_locale":"lt_LT","og_type":"article","og_title":"Dovan\u0173 kuponas - NEED FOR TREES","og_description":"Ne\u017einai, k\u0105 dovanoti gamtos myl\u0117tojui? Need for Trees dovan\u0173 kuponas \u2013 laisv\u0117 rinktis i\u0161 kokybi\u0161k\u0173 gamtai ir outdoor veikloms skirt\u0173 preki\u0173.","og_url":"https:\/\/needfortrees.lt\/lt\/produktas\/dovanu-kuponas\/","og_site_name":"NEED FOR TREES","article_publisher":"https:\/\/www.facebook.com\/NeedForTrees\/","article_modified_time":"2026-03-09T20:52:13+00:00","og_image":[{"width":1707,"height":2560,"url":"https:\/\/needfortrees.lt\/wp-content\/uploads\/2023\/09\/Need-for-Trees-hammock-dovanu-kuponas-5-scaled.jpg","type":"image\/jpeg"}],"twitter_card":"summary_large_image","twitter_misc":{"Est. reading time":"1 minut\u0117"},"schema":{"@context":"https:\/\/schema.org","@graph":[{"@type":"WebPage","@id":"https:\/\/needfortrees.lt\/lt\/produktas\/dovanu-kuponas\/","url":"https:\/\/needfortrees.lt\/lt\/produktas\/dovanu-kuponas\/","name":"Dovan\u0173 kuponas - NEED FOR TREES","isPartOf":{"@id":"https:\/\/needfortrees.lt\/#website"},"primaryImageOfPage":{"@id":"https:\/\/needfortrees.lt\/lt\/produktas\/dovanu-kuponas\/#primaryimage"},"image":{"@id":"https:\/\/needfortrees.lt\/lt\/produktas\/dovanu-kuponas\/#primaryimage"},"thumbnailUrl":"https:\/\/needfortrees.lt\/wp-content\/uploads\/2023\/09\/Need-for-Trees-hammock-dovanu-kuponas-5-scaled.jpg","datePublished":"2023-09-08T16:09:25+00:00","dateModified":"2026-03-09T20:52:13+00:00","description":"Ne\u017einai, k\u0105 dovanoti gamtos myl\u0117tojui? Need for Trees dovan\u0173 kuponas \u2013 laisv\u0117 rinktis i\u0161 kokybi\u0161k\u0173 gamtai ir outdoor veikloms skirt\u0173 preki\u0173.","breadcrumb":{"@id":"https:\/\/needfortrees.lt\/lt\/produktas\/dovanu-kuponas\/#breadcrumb"},"inLanguage":"lt-LT","potentialAction":[{"@type":"ReadAction","target":["https:\/\/needfortrees.lt\/lt\/produktas\/dovanu-kuponas\/"]}]},{"@type":"ImageObject","inLanguage":"lt-LT","@id":"https:\/\/needfortrees.lt\/lt\/produktas\/dovanu-kuponas\/#primaryimage","url":"https:\/\/needfortrees.lt\/wp-content\/uploads\/2023\/09\/Need-for-Trees-hammock-dovanu-kuponas-5-scaled.jpg","contentUrl":"https:\/\/needfortrees.lt\/wp-content\/uploads\/2023\/09\/Need-for-Trees-hammock-dovanu-kuponas-5-scaled.jpg","width":1707,"height":2560},{"@type":"BreadcrumbList","@id":"https:\/\/needfortrees.lt\/lt\/produktas\/dovanu-kuponas\/#breadcrumb","itemListElement":[{"@type":"ListItem","position":1,"name":"Home","item":"https:\/\/needfortrees.lt\/"},{"@type":"ListItem","position":2,"name":"Parduotuv\u0117","item":"https:\/\/needfortrees.lt\/products\/"},{"@type":"ListItem","position":3,"name":"Dovan\u0173 kuponas"}]},{"@type":"WebSite","@id":"https:\/\/needfortrees.lt\/#website","url":"https:\/\/needfortrees.lt\/","name":"NEED FOR TREES","description":"High quality hammocks and camping equipment","publisher":{"@id":"https:\/\/needfortrees.lt\/#organization"},"potentialAction":[{"@type":"SearchAction","target":{"@type":"EntryPoint","urlTemplate":"https:\/\/needfortrees.lt\/?s={search_term_string}"},"query-input":{"@type":"PropertyValueSpecification","valueRequired":true,"valueName":"search_term_string"}}],"inLanguage":"lt-LT"},{"@type":"Organization","@id":"https:\/\/needfortrees.lt\/#organization","name":"NEED FOR TREES","url":"https:\/\/needfortrees.lt\/","logo":{"@type":"ImageObject","inLanguage":"lt-LT","@id":"https:\/\/needfortrees.lt\/#\/schema\/logo\/image\/","url":"https:\/\/needfortrees.lt\/wp-content\/uploads\/2025\/11\/MAIN-GRAPHIT.svg","contentUrl":"https:\/\/needfortrees.lt\/wp-content\/uploads\/2025\/11\/MAIN-GRAPHIT.svg","width":993,"height":440,"caption":"NEED FOR TREES"},"image":{"@id":"https:\/\/needfortrees.lt\/#\/schema\/logo\/image\/"},"sameAs":["https:\/\/www.facebook.com\/NeedForTrees\/","https:\/\/www.instagram.com\/need.for.trees\/"]}]}},"jetpack_sharing_enabled":true,"_links":{"self":[{"href":"https:\/\/needfortrees.lt\/lt\/wp-json\/wp\/v2\/product\/2092","targetHints":{"allow":["GET"]}}],"collection":[{"href":"https:\/\/needfortrees.lt\/lt\/wp-json\/wp\/v2\/product"}],"about":[{"href":"https:\/\/needfortrees.lt\/lt\/wp-json\/wp\/v2\/types\/product"}],"replies":[{"embeddable":true,"href":"https:\/\/needfortrees.lt\/lt\/wp-json\/wp\/v2\/comments?post=2092"}],"wp:featuredmedia":[{"embeddable":true,"href":"https:\/\/needfortrees.lt\/lt\/wp-json\/wp\/v2\/media\/4648"}],"wp:attachment":[{"href":"https:\/\/needfortrees.lt\/lt\/wp-json\/wp\/v2\/media?parent=2092"}],"wp:term":[{"taxonomy":"product_brand","embeddable":true,"href":"https:\/\/needfortrees.lt\/lt\/wp-json\/wp\/v2\/product_brand?post=2092"},{"taxonomy":"product_cat","embeddable":true,"href":"https:\/\/needfortrees.lt\/lt\/wp-json\/wp\/v2\/product_cat?post=2092"},{"taxonomy":"product_tag","embeddable":true,"href":"https:\/\/needfortrees.lt\/lt\/wp-json\/wp\/v2\/product_tag?post=2092"}],"curies":[{"name":"wp","href":"https:\/\/api.w.org\/{rel}","templated":true}]}}