{"id":2364,"date":"2023-11-20T14:08:10","date_gmt":"2023-11-20T14:08:10","guid":{"rendered":"https:\/\/needfortrees.lt\/?post_type=product&#038;p=2364"},"modified":"2026-03-29T20:55:06","modified_gmt":"2026-03-29T20:55:06","slug":"hamakas-su-integruotu-tinkleliu","status":"publish","type":"product","link":"https:\/\/needfortrees.lt\/lt\/produktas\/hamakas-su-integruotu-tinkleliu\/","title":{"rendered":"Hamakas su integruotu tinkleliu \u201eKniuisis\u201c"},"content":{"rendered":"<h1>Turistinis hamakas su integruotu tinkleliu nuo uod\u0173, \u201e<a href=\"https:\/\/needfortrees.lt\/produktas\/hamakas-su-tinkleliu\/\">Giliaus\u201c<\/a>\u00a0t\u0117vas \u2013 \u201eKniuisis\u201c.<\/h1>\n<p>\u201eKniuisis\u201c buvo <strong>mano pirmasis sukurtas turistinis hamakas.<\/strong> Nuo jo ir prasid\u0117jo visa need.for.trees produkcija. Ie\u0161kojau hamako, kuris b\u016bt\u0173 pakankamai ilgas ir svert\u0173 kuo ma\u017eiau. Ta\u010diau Europos rinkoje nieko ypatingo neradau ir sugalvojau, kad pagaminsiu pats. <strong>Sukroviau visas \u017einias apie hamakus<\/strong>, pasirinkau geriausius audinius, geriausius siuvimo sprendimus ir taip gim\u0117 \u201eKniuisis\u201c. Tai <strong>vienas lengviausi\u0173 tokio tipo hamak\u0173,<\/strong> vienas ilgiausi\u0173 taip pat. \u0160\u012f hamak\u0105 k\u016briau nor\u0117damas pasiekti maksimal\u0173 komfort\u0105, bet tuo pa\u010diu ir <strong>i\u0161laikyti ma\u017eiausi\u0105 \u012fmanom\u0105 svor\u012f.\u00a0<\/strong><\/p>\n<h2>Kuo hamakas \u201eKniusis\u201c prana\u0161esnis u\u017e kitus turistinius hamakus?<\/h2>\n<h3>1. Ilgis, kuris u\u017etikrina komfort\u0105<\/h3>\n<p>Pagrindinis aspektas, kur\u012f i\u0161skir\u010diau \u2013 hamako ilgis. \u201eKniuisis\u201c yra 350 cm ilgio, o kuo ilgesnis hamakas \u2013 tuo jis patogesnis. Plotis irgi daro \u012ftak\u0105 hamako komfortui, ta\u010diau tik iki tam tikros ribos, kuri, remiantis mano patirtimi, yra 150 cm. Daugiau platinant, hamake atsiranda papildomo audinio, kuris, gulint skersai, pradeda kristi ant veido ir pa\u010dio patogumo tiek neprideda. Pagal hamakeri\u0173 taisykles, pats patogiausias hamakas yra tavo \u016bgis kart 2. Ta\u010diau ir tam yra ribos. Man aukso viduriukas yra 350 cm, nors pagal formul\u0119 tur\u0117t\u0173 b\u016bti 380 cm.<\/p>\n<h3>2. Auk\u0161\u010diausios klas\u0117s audinys<\/h3>\n<p>Hamakas pagamintas i\u0161 auk\u0161\u010diausios klas\u0117s Ripstop Nylon audinio, suteikian\u010dio maksimal\u0173 komfort\u0105. <strong>Audinys yra labai malonus odai<\/strong>, lyg \u0161velni medviln\u0117 (nors med\u017eiaga sintetin\u0117) ir turi vien\u0105 geriausi\u0173 svorio rodikli\u0173 tokio svorio audiniui. \u0160is audinys pritaikytas i\u0161laikyti iki 158 kilogram\u0173. Hamakas yra itin ilgas, net 350 cm, o svoris vos 490 g. Na o tankus tinklelio audinys nepraleid\u017eia nei vieno vabzd\u017eio, tad ramus poilsis garantuotas.<\/p>\n<p>Taip pat noriu atkreipti d\u0117mes\u012f, kad <strong>audinys pagamintas be PFC<\/strong> (angl. <em>perfluorinated compounds<\/em>) (liet. <em>perfluorint\u0173 jungini\u0173<\/em>). Pasteb\u0117jau, kad daugelis gamintoj\u0173 renkasi pigesnes alternatyvas ir naudoja audinius su PFC. Dauguma stovyklavimo \u012frangos audini\u0173 yra padengtos med\u017eiaga, kuri atst\u016bmia vanden\u012f (DWR), ir ta med\u017eiaga sud\u0117tyje turi toki\u0173 fluoro jungini\u0173 (PFAS, PFC), kurie yra biologi\u0161kai neskaidomi, ilgai i\u0161lieka aplinkoje ir gali sukelti sveikatos problem\u0173. Skatinu visus rinktis \u012franga (miegmai\u0161ius, striukes, hamakus t. t.), kuri netur\u0117t\u0173 sud\u0117tyje PFC jungini\u0173, nes kartais m\u016bs\u0173 naudojama \u012franga, gali nepastebimai kenkti gamtai. <a href=\"https:\/\/www.youtube.com\/watch?v=-ht7nOaIkpI\">Pla\u010diau \u010dia.<\/a><\/p>\n<h3>3. Pasi\u016bvimas ir technologijos<\/h3>\n<p>Kuriant \u201eKniuis\u012f\u201c nor\u0117jau i\u0161laikyti hamak\u0105 kuo minimalisti\u0161kesn\u012f, kad sutaupy\u010diau kuo daugiau svorio. Tod\u0117l pasirinkau tinklel\u012f nuo uod\u0173 integruot\u012f \u012f pat\u012f hamak\u0105 ir naudoti tik vien\u0105 ne pilno ilgio u\u017etrauktuk\u0105. \u201eKniuisis\u201c yra <strong>pasi\u016btas profesionali\u0173 \u017demaitijos siuv\u0117j\u0173,<\/strong> kuri\u0173 i\u0161mintis yra sud\u0117ta \u012f gaminimo kokyb\u0117s sprendimus. Visos si\u016bl\u0117s hamake yra gra\u017eiai pasl\u0117ptos, n\u0117ra palikta nei\u0161dirbt\u0173 viet\u0173. Tinklelis \u0161altuoju met\u0173 laiku <strong>sulaiko \u0161ilum\u0105 hamako viduje<\/strong>, taip pakeldamas komforto temperat\u016br\u0105 2\u20133 laipsniais.<\/p>\n<p><strong>Savyb\u0117s:<\/strong><br \/>\n\u2022 Dyneema\u00ae ridge line<br \/>\n\u2022 Dyneema\u00ae continuous loop<br \/>\n\u2022 Med\u017eiaga \u2013 auk\u0161\u010diausios klas\u0117s Ripstop nylon, tai viena pa\u010di\u0173 tvir\u010diausi\u0173 ir geriausi\u0173 med\u017eiag\u0173, skirt\u0173 hamakui<br \/>\n\u2022 Med\u017eiaga atstumianti vanden\u012f (PFC free)<br \/>\n\u2022 Tinklelis nuo vabzd\u017ei\u0173 \u2013 Noseeum<br \/>\n\u2022 Ilgis \u2013 350 cm (12 ft)<br \/>\n\u2022 Plotis \u2013 150 cm (5 ft)<br \/>\n\u2022 Svoris \u2013 490 g (1 lbs)<br \/>\n\u2022 I\u0161laiko iki 158 kg (saugus limitas), ta\u010diau praktika rodo, jog visi\u0161kai be problem\u0173 i\u0161laiko 2\u20133 \u017emones<br \/>\n\u2022 Ma\u017eiausias hamako dydis, kai jis yra suspaustas ir susuktas, yra 10 x 10 x 10 cm<\/p>\n<p><strong>Kada reik\u0117t\u0173 rinktis \u0161\u012f hamak\u0105?<\/strong> Hamakas tinkamas naudoti visus metus, ta\u010diau geriausias komfortas pasijau\u010dia vasar\u0105, kai poilsio nesutrukdo nei vienas \u012fkyrus uodas.<\/p>\n<p>Galiu pamodeliuoti ir kelias situacijas:<br \/>\n1. \u0160is hamakas yra puikus pasirinkimas tiems, kurie nori prad\u0117ti savo bushcraftinimo arba apskritai poilsio gamtoje \u201ekarjer\u0105\u201c. Hamakas lengvas, ma\u017eas ir su tinkleliu. Tai puikus pasirinkimas trumpiems \u017eygiams arba siekiant pails\u0117ti gamtoje per daug neinvestuojant, ta\u010diau norint \u012fsigyti tikrai kokybi\u0161k\u0105 produkt\u0105, garantuojant\u012f nepamir\u0161tam\u0105 poils\u012f be vabzd\u017ei\u0173. Tobulas variantas tiek pagul\u0117ti sode tarp darb\u0173, tiek i\u0161\u0117jus \u012f mi\u0161k\u0105 prav\u0117dinti galv\u0105 ir restart&#8217;inti siel\u0105.<br \/>\n2. \u0160is hamakas yra kompakti\u0161kas pasirinkimas tiems, kurie da\u017enai u\u017esiima aktyviu laisvalaikiu, ilg\u0173 distancij\u0173 \u017eygiais ir siekia kokybi\u0161ko komforto \/ poilsio i\u0161laikydami kuo ma\u017eesn\u012f kuprin\u0117s svor\u012f.<\/p>\n<p><strong>Virv\u0117s n\u0117ra hamako dalis. Virves hamakui gali \u012fsigyti \u010dia:\u00a0<\/strong> <span style=\"text-decoration: underline;\"><a href=\"https:\/\/needfortrees.lt\/product\/virves-hamakui\/\">https:\/\/needfortrees.lt\/product\/virves-hamakui\/<\/a><\/span><\/p>\n<p>&nbsp;<\/p>\n","protected":false},"excerpt":{"rendered":"<p><strong>Ko gero lengviausias hamakas su tinkleliu rinkoje.\u00a0<\/strong><\/p>\n<p>Hamako ilgis net<strong> 350 cm, <\/strong>o<strong> svoris vos 490 g! <\/strong>Tai lengviausias tokio tipo hamako pasirinkimas. Na, o pats hamakas i\u0161laiko iki 158 kg. Tinklelis nenusiima.<\/p>\n<p><strong>Virv\u0117s n\u0117ra hamako dalis. <\/strong>Virves hamakui gali \u012fsigyti \u010dia:<span style=\"color: #ff9900;\">\u00a0<a style=\"color: #ff9900;\" href=\"https:\/\/needfortrees.lt\/product\/virves-hamakui\/\">https:\/\/needfortrees.lt\/product\/virves-hamakui\/<\/a><\/span><\/p>\n<p>Detalesnis apra\u0161ymas \u017eemiau!<\/p>\n","protected":false},"featured_media":2353,"comment_status":"open","ping_status":"closed","template":"","meta":[],"product_brand":[],"product_cat":[29],"product_tag":[31],"class_list":{"0":"post-2364","1":"product","2":"type-product","3":"status-publish","4":"has-post-thumbnail","6":"product_cat-hamakai","7":"product_tag-hamakas","9":"first","10":"instock","11":"taxable","12":"shipping-taxable","13":"purchasable","14":"product-type-variable","15":"has-default-attributes"},"composite_virtual":false,"composite_layout":"","composite_add_to_cart_form_location":"","composite_editable_in_cart":false,"composite_sold_individually_context":"","composite_shop_price_calc":"","composite_components":[],"composite_scenarios":[],"yoast_head":"<!-- This site is optimized with the Yoast SEO plugin v26.3 - https:\/\/yoast.com\/wordpress\/plugins\/seo\/ -->\n<title>Turistinis hamakas su integruotu tinkleliu nuo vabzd\u017ei\u0173 &quot;Kniuisis&quot;<\/title>\n<meta name=\"description\" content=\"Puikiai tinka \u017eygiams ir bushcraftui. Auk\u0161\u010diausios kokyb\u0117s, kompakti\u0161kas, patvarus ir u\u017etikrinantis komfort\u0105 su ma\u017eiausiu svoriu.\" \/>\n<meta name=\"robots\" content=\"index, follow, max-snippet:-1, max-image-preview:large, max-video-preview:-1\" \/>\n<link rel=\"canonical\" href=\"https:\/\/needfortrees.lt\/lt\/produktas\/hamakas-su-integruotu-tinkleliu\/\" \/>\n<meta property=\"og:locale\" content=\"lt_LT\" \/>\n<meta property=\"og:type\" content=\"article\" \/>\n<meta property=\"og:title\" content=\"Turistinis hamakas su integruotu tinkleliu nuo vabzd\u017ei\u0173 &quot;Kniuisis&quot;\" \/>\n<meta property=\"og:description\" content=\"Puikiai tinka \u017eygiams ir bushcraftui. Auk\u0161\u010diausios kokyb\u0117s, kompakti\u0161kas, patvarus ir u\u017etikrinantis komfort\u0105 su ma\u017eiausiu svoriu.\" \/>\n<meta property=\"og:url\" content=\"https:\/\/needfortrees.lt\/lt\/produktas\/hamakas-su-integruotu-tinkleliu\/\" \/>\n<meta property=\"og:site_name\" content=\"NEED FOR TREES\" \/>\n<meta property=\"article:publisher\" content=\"https:\/\/www.facebook.com\/NeedForTrees\/\" \/>\n<meta property=\"article:modified_time\" content=\"2026-03-29T20:55:06+00:00\" \/>\n<meta property=\"og:image\" content=\"https:\/\/needfortrees.lt\/wp-content\/uploads\/2023\/11\/DSC00490-1-min-jpg.webp\" \/>\n\t<meta property=\"og:image:width\" content=\"1080\" \/>\n\t<meta property=\"og:image:height\" content=\"1620\" \/>\n\t<meta property=\"og:image:type\" content=\"image\/jpeg\" \/>\n<meta name=\"twitter:card\" content=\"summary_large_image\" \/>\n<meta name=\"twitter:label1\" content=\"Est. reading time\" \/>\n\t<meta name=\"twitter:data1\" content=\"3 minut\u0117s\" \/>\n<script type=\"application\/ld+json\" class=\"yoast-schema-graph\">{\"@context\":\"https:\/\/schema.org\",\"@graph\":[{\"@type\":\"WebPage\",\"@id\":\"https:\/\/needfortrees.lt\/lt\/produktas\/hamakas-su-integruotu-tinkleliu\/\",\"url\":\"https:\/\/needfortrees.lt\/lt\/produktas\/hamakas-su-integruotu-tinkleliu\/\",\"name\":\"Turistinis hamakas su integruotu tinkleliu nuo vabzd\u017ei\u0173 \\\"Kniuisis\\\"\",\"isPartOf\":{\"@id\":\"https:\/\/needfortrees.lt\/#website\"},\"primaryImageOfPage\":{\"@id\":\"https:\/\/needfortrees.lt\/lt\/produktas\/hamakas-su-integruotu-tinkleliu\/#primaryimage\"},\"image\":{\"@id\":\"https:\/\/needfortrees.lt\/lt\/produktas\/hamakas-su-integruotu-tinkleliu\/#primaryimage\"},\"thumbnailUrl\":\"https:\/\/needfortrees.lt\/wp-content\/uploads\/2023\/11\/DSC00490-1-min-jpg.webp\",\"datePublished\":\"2023-11-20T14:08:10+00:00\",\"dateModified\":\"2026-03-29T20:55:06+00:00\",\"description\":\"Puikiai tinka \u017eygiams ir bushcraftui. Auk\u0161\u010diausios kokyb\u0117s, kompakti\u0161kas, patvarus ir u\u017etikrinantis komfort\u0105 su ma\u017eiausiu svoriu.\",\"breadcrumb\":{\"@id\":\"https:\/\/needfortrees.lt\/lt\/produktas\/hamakas-su-integruotu-tinkleliu\/#breadcrumb\"},\"inLanguage\":\"lt-LT\",\"potentialAction\":[{\"@type\":\"ReadAction\",\"target\":[\"https:\/\/needfortrees.lt\/lt\/produktas\/hamakas-su-integruotu-tinkleliu\/\"]}]},{\"@type\":\"ImageObject\",\"inLanguage\":\"lt-LT\",\"@id\":\"https:\/\/needfortrees.lt\/lt\/produktas\/hamakas-su-integruotu-tinkleliu\/#primaryimage\",\"url\":\"https:\/\/needfortrees.lt\/wp-content\/uploads\/2023\/11\/DSC00490-1-min-jpg.webp\",\"contentUrl\":\"https:\/\/needfortrees.lt\/wp-content\/uploads\/2023\/11\/DSC00490-1-min-jpg.webp\",\"width\":1080,\"height\":1620,\"caption\":\"need for trees hamakas su tinkleliu lapuo\u010di\u0173 mi\u0161ke vasara, su fotografavimo ir \u017eygiavimo \u012franga\"},{\"@type\":\"BreadcrumbList\",\"@id\":\"https:\/\/needfortrees.lt\/lt\/produktas\/hamakas-su-integruotu-tinkleliu\/#breadcrumb\",\"itemListElement\":[{\"@type\":\"ListItem\",\"position\":1,\"name\":\"Home\",\"item\":\"https:\/\/needfortrees.lt\/lt\/\"},{\"@type\":\"ListItem\",\"position\":2,\"name\":\"Parduotuv\u0117\",\"item\":\"https:\/\/needfortrees.lt\/products\/\"},{\"@type\":\"ListItem\",\"position\":3,\"name\":\"Hamakas su integruotu tinkleliu \u201eKniuisis\u201c\"}]},{\"@type\":\"WebSite\",\"@id\":\"https:\/\/needfortrees.lt\/#website\",\"url\":\"https:\/\/needfortrees.lt\/\",\"name\":\"NEED FOR TREES\",\"description\":\"High quality hammocks and camping equipment\",\"publisher\":{\"@id\":\"https:\/\/needfortrees.lt\/#organization\"},\"potentialAction\":[{\"@type\":\"SearchAction\",\"target\":{\"@type\":\"EntryPoint\",\"urlTemplate\":\"https:\/\/needfortrees.lt\/?s={search_term_string}\"},\"query-input\":{\"@type\":\"PropertyValueSpecification\",\"valueRequired\":true,\"valueName\":\"search_term_string\"}}],\"inLanguage\":\"lt-LT\"},{\"@type\":\"Organization\",\"@id\":\"https:\/\/needfortrees.lt\/#organization\",\"name\":\"NEED FOR TREES\",\"url\":\"https:\/\/needfortrees.lt\/\",\"logo\":{\"@type\":\"ImageObject\",\"inLanguage\":\"lt-LT\",\"@id\":\"https:\/\/needfortrees.lt\/#\/schema\/logo\/image\/\",\"url\":\"https:\/\/needfortrees.lt\/wp-content\/uploads\/2025\/11\/MAIN-GRAPHIT.svg\",\"contentUrl\":\"https:\/\/needfortrees.lt\/wp-content\/uploads\/2025\/11\/MAIN-GRAPHIT.svg\",\"width\":993,\"height\":440,\"caption\":\"NEED FOR TREES\"},\"image\":{\"@id\":\"https:\/\/needfortrees.lt\/#\/schema\/logo\/image\/\"},\"sameAs\":[\"https:\/\/www.facebook.com\/NeedForTrees\/\",\"https:\/\/www.instagram.com\/need.for.trees\/\"]}]}<\/script>\n<!-- \/ Yoast SEO plugin. -->","yoast_head_json":{"title":"Turistinis hamakas su integruotu tinkleliu nuo vabzd\u017ei\u0173 \"Kniuisis\"","description":"Puikiai tinka \u017eygiams ir bushcraftui. Auk\u0161\u010diausios kokyb\u0117s, kompakti\u0161kas, patvarus ir u\u017etikrinantis komfort\u0105 su ma\u017eiausiu svoriu.","robots":{"index":"index","follow":"follow","max-snippet":"max-snippet:-1","max-image-preview":"max-image-preview:large","max-video-preview":"max-video-preview:-1"},"canonical":"https:\/\/needfortrees.lt\/lt\/produktas\/hamakas-su-integruotu-tinkleliu\/","og_locale":"lt_LT","og_type":"article","og_title":"Turistinis hamakas su integruotu tinkleliu nuo vabzd\u017ei\u0173 \"Kniuisis\"","og_description":"Puikiai tinka \u017eygiams ir bushcraftui. Auk\u0161\u010diausios kokyb\u0117s, kompakti\u0161kas, patvarus ir u\u017etikrinantis komfort\u0105 su ma\u017eiausiu svoriu.","og_url":"https:\/\/needfortrees.lt\/lt\/produktas\/hamakas-su-integruotu-tinkleliu\/","og_site_name":"NEED FOR TREES","article_publisher":"https:\/\/www.facebook.com\/NeedForTrees\/","article_modified_time":"2026-03-29T20:55:06+00:00","og_image":[{"width":1080,"height":1620,"url":"https:\/\/needfortrees.lt\/wp-content\/uploads\/2023\/11\/DSC00490-1-min-jpg.webp","type":"image\/jpeg"}],"twitter_card":"summary_large_image","twitter_misc":{"Est. reading time":"3 minut\u0117s"},"schema":{"@context":"https:\/\/schema.org","@graph":[{"@type":"WebPage","@id":"https:\/\/needfortrees.lt\/lt\/produktas\/hamakas-su-integruotu-tinkleliu\/","url":"https:\/\/needfortrees.lt\/lt\/produktas\/hamakas-su-integruotu-tinkleliu\/","name":"Turistinis hamakas su integruotu tinkleliu nuo vabzd\u017ei\u0173 \"Kniuisis\"","isPartOf":{"@id":"https:\/\/needfortrees.lt\/#website"},"primaryImageOfPage":{"@id":"https:\/\/needfortrees.lt\/lt\/produktas\/hamakas-su-integruotu-tinkleliu\/#primaryimage"},"image":{"@id":"https:\/\/needfortrees.lt\/lt\/produktas\/hamakas-su-integruotu-tinkleliu\/#primaryimage"},"thumbnailUrl":"https:\/\/needfortrees.lt\/wp-content\/uploads\/2023\/11\/DSC00490-1-min-jpg.webp","datePublished":"2023-11-20T14:08:10+00:00","dateModified":"2026-03-29T20:55:06+00:00","description":"Puikiai tinka \u017eygiams ir bushcraftui. Auk\u0161\u010diausios kokyb\u0117s, kompakti\u0161kas, patvarus ir u\u017etikrinantis komfort\u0105 su ma\u017eiausiu svoriu.","breadcrumb":{"@id":"https:\/\/needfortrees.lt\/lt\/produktas\/hamakas-su-integruotu-tinkleliu\/#breadcrumb"},"inLanguage":"lt-LT","potentialAction":[{"@type":"ReadAction","target":["https:\/\/needfortrees.lt\/lt\/produktas\/hamakas-su-integruotu-tinkleliu\/"]}]},{"@type":"ImageObject","inLanguage":"lt-LT","@id":"https:\/\/needfortrees.lt\/lt\/produktas\/hamakas-su-integruotu-tinkleliu\/#primaryimage","url":"https:\/\/needfortrees.lt\/wp-content\/uploads\/2023\/11\/DSC00490-1-min-jpg.webp","contentUrl":"https:\/\/needfortrees.lt\/wp-content\/uploads\/2023\/11\/DSC00490-1-min-jpg.webp","width":1080,"height":1620,"caption":"need for trees hamakas su tinkleliu lapuo\u010di\u0173 mi\u0161ke vasara, su fotografavimo ir \u017eygiavimo \u012franga"},{"@type":"BreadcrumbList","@id":"https:\/\/needfortrees.lt\/lt\/produktas\/hamakas-su-integruotu-tinkleliu\/#breadcrumb","itemListElement":[{"@type":"ListItem","position":1,"name":"Home","item":"https:\/\/needfortrees.lt\/lt\/"},{"@type":"ListItem","position":2,"name":"Parduotuv\u0117","item":"https:\/\/needfortrees.lt\/products\/"},{"@type":"ListItem","position":3,"name":"Hamakas su integruotu tinkleliu \u201eKniuisis\u201c"}]},{"@type":"WebSite","@id":"https:\/\/needfortrees.lt\/#website","url":"https:\/\/needfortrees.lt\/","name":"NEED FOR TREES","description":"High quality hammocks and camping equipment","publisher":{"@id":"https:\/\/needfortrees.lt\/#organization"},"potentialAction":[{"@type":"SearchAction","target":{"@type":"EntryPoint","urlTemplate":"https:\/\/needfortrees.lt\/?s={search_term_string}"},"query-input":{"@type":"PropertyValueSpecification","valueRequired":true,"valueName":"search_term_string"}}],"inLanguage":"lt-LT"},{"@type":"Organization","@id":"https:\/\/needfortrees.lt\/#organization","name":"NEED FOR TREES","url":"https:\/\/needfortrees.lt\/","logo":{"@type":"ImageObject","inLanguage":"lt-LT","@id":"https:\/\/needfortrees.lt\/#\/schema\/logo\/image\/","url":"https:\/\/needfortrees.lt\/wp-content\/uploads\/2025\/11\/MAIN-GRAPHIT.svg","contentUrl":"https:\/\/needfortrees.lt\/wp-content\/uploads\/2025\/11\/MAIN-GRAPHIT.svg","width":993,"height":440,"caption":"NEED FOR TREES"},"image":{"@id":"https:\/\/needfortrees.lt\/#\/schema\/logo\/image\/"},"sameAs":["https:\/\/www.facebook.com\/NeedForTrees\/","https:\/\/www.instagram.com\/need.for.trees\/"]}]}},"jetpack_sharing_enabled":true,"_links":{"self":[{"href":"https:\/\/needfortrees.lt\/lt\/wp-json\/wp\/v2\/product\/2364","targetHints":{"allow":["GET"]}}],"collection":[{"href":"https:\/\/needfortrees.lt\/lt\/wp-json\/wp\/v2\/product"}],"about":[{"href":"https:\/\/needfortrees.lt\/lt\/wp-json\/wp\/v2\/types\/product"}],"replies":[{"embeddable":true,"href":"https:\/\/needfortrees.lt\/lt\/wp-json\/wp\/v2\/comments?post=2364"}],"wp:featuredmedia":[{"embeddable":true,"href":"https:\/\/needfortrees.lt\/lt\/wp-json\/wp\/v2\/media\/2353"}],"wp:attachment":[{"href":"https:\/\/needfortrees.lt\/lt\/wp-json\/wp\/v2\/media?parent=2364"}],"wp:term":[{"taxonomy":"product_brand","embeddable":true,"href":"https:\/\/needfortrees.lt\/lt\/wp-json\/wp\/v2\/product_brand?post=2364"},{"taxonomy":"product_cat","embeddable":true,"href":"https:\/\/needfortrees.lt\/lt\/wp-json\/wp\/v2\/product_cat?post=2364"},{"taxonomy":"product_tag","embeddable":true,"href":"https:\/\/needfortrees.lt\/lt\/wp-json\/wp\/v2\/product_tag?post=2364"}],"curies":[{"name":"wp","href":"https:\/\/api.w.org\/{rel}","templated":true}]}}