{"id":2599,"date":"2024-02-24T17:19:24","date_gmt":"2024-02-24T17:19:24","guid":{"rendered":"https:\/\/needfortrees.lt\/?post_type=product&#038;p=2599"},"modified":"2026-04-04T07:46:55","modified_gmt":"2026-04-04T07:46:55","slug":"gilis","status":"publish","type":"product","link":"https:\/\/needfortrees.lt\/lt\/produktas\/gilis\/","title":{"rendered":"Hamakas su pilnai nusiiman\u010diu tinkleliu \u201eGilis\u201c"},"content":{"rendered":"<h1>Turistinis hamakas su tinkleliu nuo uod\u0173, sukurtas profesionalams ar auk\u0161\u010diausios kokyb\u0117s m\u0117g\u0117jams.<\/h1>\n<p>Populiariausias need.for.trees hamakas, kuris <strong>pasi\u017eymi ypatingu dyd\u017eiu, super komfortu, dideliu patvarumu bei itin ma\u017eu svoriu.<\/strong> Tai galimai ir vienintelis turistinis hamakas Europoje, kuris <strong>turi pilnai nuimam\u0105 tiklel\u012f nuo uod\u0173<\/strong>. Daugelis kit\u0173 hamak\u0173 gali tik i\u0161 vienos pus\u0117s atkabinti tinkel\u012f ir jis visada liks hamake, o \u201eGilis\u201c <strong>gali b\u016bti naudojamas ir visai be tinklelio<\/strong>, kas suteikia universalumo tam tikrose situacijose, pavyzd\u017eiui, at\u0117jus \u0161altajam sezonui, kai tinklelis nereikalingas, ar norint \u017eygyje sutaupyti svorio ir vietos.<\/p>\n<p><img fetchpriority=\"high\" decoding=\"async\" class=\"wp-image-4083 aligncenter\" src=\"https:\/\/needfortrees.lt\/wp-content\/uploads\/2024\/02\/DSC03463-min-300x156.jpg\" alt=\"\" width=\"1138\" height=\"592\" srcset=\"https:\/\/needfortrees.lt\/wp-content\/uploads\/2024\/02\/DSC03463-min-300x156.jpg 300w, https:\/\/needfortrees.lt\/wp-content\/uploads\/2024\/02\/DSC03463-min-scaled-600x313.jpg 600w, https:\/\/needfortrees.lt\/wp-content\/uploads\/2024\/02\/DSC03463-min-1024x534.jpg 1024w, https:\/\/needfortrees.lt\/wp-content\/uploads\/2024\/02\/DSC03463-min-768x400.jpg 768w, https:\/\/needfortrees.lt\/wp-content\/uploads\/2024\/02\/DSC03463-min-1536x801.jpg 1536w, https:\/\/needfortrees.lt\/wp-content\/uploads\/2024\/02\/DSC03463-min-2048x1068.jpg 2048w\" sizes=\"(max-width: 1138px) 100vw, 1138px\" \/><\/p>\n<h2>Kuo hamakas \u201eGilis\u201c prana\u0161esnis u\u017e kitus turistinius hamakus?<\/h2>\n<h3>1. Ilgis, kuris u\u017etikrina komfort\u0105<\/h3>\n<p>Pagrindinis aspektas, kur\u012f i\u0161skir\u010diau \u2013 hamako ilgis. \u201eGilis\u201c yra 350 cm ilgio, o kuo ilgesnis hamakas \u2013 tuo jis patogesnis. Plotis irgi daro \u012ftak\u0105 hamako komfortui, ta\u010diau tik iki tam tikros ribos, kuri, remiantis mano patirtimi, yra 150 cm. Daugiau platinant, hamake atsiranda papildomo audinio, kuris, gulint skersai, pradeda kristi ant veido ir pa\u010dio patogumo tiek neprideda. Pagal hamakeri\u0173 taisykles, pats patogiausias hamakas yra tavo \u016bgis kart 2. Ta\u010diau ir tam yra ribos. Man aukso viduriukas yra 350 cm, nors pagal formul\u0119 tur\u0117t\u0173 b\u016bti 380 cm.<\/p>\n<h3>2. NAUJIENA! <a href=\"https:\/\/needfortrees.lt\/produktas\/topcover\/\">V\u0117jo u\u017edangalas<\/a> \u2013 pakei\u010dia tinklel\u012f, i\u0161laiko \u0161ilum\u0105<\/h3>\n<p>Nuo \u0161iol \u201eGil\u012f\u201c galima \u012fsigyti su specialiu <a href=\"https:\/\/needfortrees.lt\/produktas\/topcover\/\">u\u017edangalu nuo v\u0117jo<\/a>, kuris gali padidinti hamako vidin\u0119 temperat\u016br\u0105 iki 7\u202f\u00b0C. Tai leid\u017eia naudoti plonesn\u012f miegmai\u0161\u012f ir i\u0161laikyti komfort\u0105 v\u0117siais vakarais ar v\u0117juotose vietov\u0117se.<\/p>\n<p>U\u017edangalas tvirtinamas vietoje tinklelio ir j\u012f galima lengvai nusiimti, kai reikia hamak\u0105 naudoti be papildomos apsaugos. Tai suteikia daugiau lankstumo: galima pasirinkti tik tinklelio naudojim\u0105 arba piln\u0105 apsaug\u0105 nuo v\u0117jo, priklausomai nuo oro s\u0105lyg\u0173.<\/p>\n<p>Specialus audinys neperpu\u010diamas, ta\u010diau pralaidus dr\u0117gmei, tod\u0117l u\u017edangalas kuria \u0161iltesn\u012f mikroklimat\u0105 hamako viduje, bet nesikaupia kondensatas. Net v\u0117siais ar dr\u0117gnais vakarais galite ramiai ils\u0117tis, nes hamakas i\u0161lieka sausas ir patogus.<\/p>\n<p><img decoding=\"async\" class=\" wp-image-4905 aligncenter\" src=\"https:\/\/needfortrees.lt\/wp-content\/uploads\/2025\/09\/DSC01919-min-300x163.jpg\" alt=\"Hammock cover\" width=\"879\" height=\"478\" \/><\/p>\n<h3>3. Auk\u0161\u010diausios klas\u0117s audinys<\/h3>\n<p>Hamakas pagamintas i\u0161 auk\u0161\u010diausios klas\u0117s Ripstop Nylon audinio, suteikian\u010dio maksimal\u0173 komfort\u0105. <strong>Audinys yra labai malonus odai<\/strong>, lyg \u0161velni medviln\u0117 (nors med\u017eiaga sintetin\u0117) ir turi vien\u0105 geriausi\u0173 svorio rodikli\u0173 tokio svorio audiniui. \u0160is audinys pritaikytas i\u0161laikyti iki 158 kilogram\u0173. Hamakas yra itin ilgas, net 350 cm, o svoris vos 410 g (600 g su tinkleliu). Na o tankus tinklelio audinys nepraleid\u017eia nei vieno vabzd\u017eio, tad ramus poilsis garantuotas.<\/p>\n<p>Taip pat noriu atkreipti d\u0117mes\u012f, kad <strong>audinys pagamintas be PFC<\/strong> (angl. <em>perfluorinated compounds<\/em>) (liet. <em>perfluorint\u0173 jungini\u0173<\/em>). Pasteb\u0117jau, kad daugelis gamintoj\u0173 renkasi pigesnes alternatyvas ir naudoja audinius su PFC. Dauguma stovyklavimo \u012frangos audini\u0173 yra padengtos med\u017eiaga, kuri atst\u016bmia vanden\u012f (DWR), ir ta med\u017eiaga sud\u0117tyje turi toki\u0173 fluoro jungini\u0173 (PFAS, PFC), kurie yra biologi\u0161kai neskaidomi, ilgai i\u0161lieka aplinkoje ir gali sukelti sveikatos problem\u0173. Skatinu visus rinktis \u012franga (miegmai\u0161ius, striukes, hamakus t. t.), kuri netur\u0117t\u0173 sud\u0117tyje PFC jungini\u0173, nes kartais m\u016bs\u0173 naudojama \u012franga, gali nepastebimai kenkti gamtai. <a href=\"https:\/\/www.youtube.com\/watch?v=-ht7nOaIkpI\">Pla\u010diau \u010dia.<\/a><\/p>\n<h3>4. Pasi\u016bvimas ir technologijos<\/h3>\n<p>Esu pasteb\u0117j\u0119s ne kart\u0105, kad kiti hamakai, kurie turi nuimam\u0105 tinklel\u012f, naudoja tik vien\u0105 u\u017etrauktuk\u0105 su dviem spynel\u0117m. Tai rei\u0161kia, kad gali atsitraukt tik vien\u0105 pus\u0119 hamako ir, jei nori atsitraukti kit\u0105 pus\u0119, turi spynel\u0119 pertraukti per vis\u0105 hamako perimetr\u0105. <strong>\u201eGilis\u201c\u00a0turi du atskirus u\u017etrauktukus<\/strong>, kurie kiekvienas turi po 2 spyneles ir leid\u017eia u\u017etrauktuk\u0105 atitraukti i\u0161 abiej\u0173 hamako pusi\u0173. \u201eGilis\u201c yra <strong>pasi\u016btas profesionali\u0173 \u017demaitijos siuv\u0117j\u0173,<\/strong> kuri\u0173 i\u0161mintis yra sud\u0117ta \u012f gaminimo kokyb\u0117s sprendimus. Visos si\u016bl\u0117s hamake yra gra\u017eiai pasl\u0117ptos, n\u0117ra palikta nei\u0161dirbt\u0173 viet\u0173. Tinklelis \u0161altuoju met\u0173 laiku <strong>sulaiko \u0161ilum\u0105 hamako viduje<\/strong>, taip pakeldamas komforto temperat\u016br\u0105 2\u20133 laipsniais. Kadangi tinklelis pilnai nusiima, pa\u017eeidus j\u012f, galima lengvai pakeisti. Taip pat galima vietoj tinklelio naudoti u\u017edangal\u0105 nuo v\u0117jo, kuris dar labiau sulaiko \u0161ilum\u0105 hamake, lyginant su tinkleliu<\/p>\n<p><img decoding=\"async\" class=\" wp-image-4099 aligncenter\" src=\"https:\/\/needfortrees.lt\/wp-content\/uploads\/2024\/02\/DSC099002-min-min-300x124.jpg\" alt=\"\" width=\"1046\" height=\"432\" srcset=\"https:\/\/needfortrees.lt\/wp-content\/uploads\/2024\/02\/DSC099002-min-min-300x124.jpg 300w, https:\/\/needfortrees.lt\/wp-content\/uploads\/2024\/02\/DSC099002-min-min-scaled-600x247.jpg 600w, https:\/\/needfortrees.lt\/wp-content\/uploads\/2024\/02\/DSC099002-min-min-1024x422.jpg 1024w, https:\/\/needfortrees.lt\/wp-content\/uploads\/2024\/02\/DSC099002-min-min-768x317.jpg 768w, https:\/\/needfortrees.lt\/wp-content\/uploads\/2024\/02\/DSC099002-min-min-1536x633.jpg 1536w, https:\/\/needfortrees.lt\/wp-content\/uploads\/2024\/02\/DSC099002-min-min-2048x844.jpg 2048w\" sizes=\"(max-width: 1046px) 100vw, 1046px\" \/><\/p>\n<p><strong>Savyb\u0117s:<\/strong><\/p>\n<p>\u2022 Dyneema\u00ae <strong>ridge line<\/strong><br \/>\n\u2022 Dyneema\u00ae <strong>continuous loop<\/strong><br \/>\n\u2022 Med\u017eiaga \u2013 auk\u0161\u010diausios klas\u0117s<strong> Ripstop nylon<\/strong>, tai viena pa\u010di\u0173 tvir\u010diausi\u0173 ir geriausi\u0173 med\u017eiag\u0173, skirt\u0173 hamakui<br \/>\n\u2022 Med\u017eiaga atstumianti vanden\u012f (<strong>PFC free<\/strong>)<br \/>\n\u2022 Tinklelis nuo vabzd\u017ei\u0173 \u2013 <strong>Noseeum<\/strong><br \/>\n\u2022 Ilgis \u2013 <strong>350 cm (11,5 ft)<\/strong><br \/>\n\u2022 Plotis \u2013 <strong>150 cm (59 in)<\/strong><br \/>\n\u2022 Svoris \u2013 <strong>600 g (1,32 lbs)<\/strong><br \/>\n\u2022 Svoris be tinklelio \u2013<strong> 410 g (0,9 lbs)<\/strong><br \/>\n\u2022 I\u0161laiko iki <strong>160 kg (saugus limitas)<\/strong>, ta\u010diau praktika rodo, jog visi\u0161kai be problem\u0173 <strong>i\u0161laiko 2\u20133 \u017emones<\/strong><br \/>\n\u2022 Ma\u017eiausias hamako dydis, kai jis yra suspaustas ir susuktas, yra <strong>15 x 10 x 10 cm<\/strong><\/p>\n<h3><strong>Kada reik\u0117t\u0173 rinktis \u0161\u012f hamak\u0105?<\/strong><\/h3>\n<p>Hamakas tinkamas naudoti visus metus, ta\u010diau geriausias komfortas pasijau\u010dia vasar\u0105, kai poilsio nesutrukdo nei vienas \u012fkyrus uodas.<\/p>\n<p>Galiu pamodeliuoti ir kelias situacijas:<br \/>\n1. \u0160is hamakas yra puikus pasirinkimas tiems, kurie nori prad\u0117ti savo bushcraftinimo arba apskritai poilsio gamtoje \u201ekarjer\u0105\u201c. Hamakas lengvas, ma\u017eas ir su tinkleliu. Tai puikus pasirinkimas trumpiems \u017eygiams arba siekiant pails\u0117ti gamtoje. Tinka tiek pagul\u0117ti sode tarp darb\u0173, tiek i\u0161\u0117jus \u012f mi\u0161k\u0105 prav\u0117dinti galv\u0105 ir restart\u2019inti siel\u0105.<br \/>\n2. \u0160is hamakas yra kompakti\u0161kas pasirinkimas tiems, kurie da\u017enai u\u017esiima aktyviu laisvalaikiu, ilg\u0173 distancij\u0173 \u017eygiais ir siekia kokybi\u0161ko komforto \/ poilsio i\u0161laikydami kuo ma\u017eesn\u012f kuprin\u0117s svor\u012f.<\/p>\n<h3><strong>Virv\u0117s n\u0117ra hamako dalis. Virves hamakui gali \u012fsigyti \u010dia: <\/strong>\u00a0<a href=\"https:\/\/needfortrees.lt\/product\/virves-hamakui\/\">https:\/\/needfortrees.lt\/product\/virves-hamakui\/<\/a><\/h3>\n<p><strong>Jei ie\u0161kai<\/strong> pana\u0161aus hamako su tinkleliu, ta\u010diau <strong>lengvesnes versijos<\/strong>, pa\u017ei\u016br\u0117k \u012f<strong> \u201eKniuis\u012f\u201c<\/strong>, tai lengvesn\u0117 \u201eGilio\u201c versija: <a href=\"https:\/\/needfortrees.lt\/produktas\/hamakas-su-integruotu-tinkleliu\/\">https:\/\/needfortrees.lt\/produktas\/hamakas-su-tinkleliu\/<\/a><\/p>\n<p><img loading=\"lazy\" decoding=\"async\" class=\" wp-image-4093 aligncenter\" src=\"https:\/\/needfortrees.lt\/wp-content\/uploads\/2024\/02\/DSC01767-min-2-300x139.jpg\" alt=\"\" width=\"872\" height=\"404\" srcset=\"https:\/\/needfortrees.lt\/wp-content\/uploads\/2024\/02\/DSC01767-min-2-300x139.jpg 300w, https:\/\/needfortrees.lt\/wp-content\/uploads\/2024\/02\/DSC01767-min-2-scaled-600x278.jpg 600w, https:\/\/needfortrees.lt\/wp-content\/uploads\/2024\/02\/DSC01767-min-2-1024x475.jpg 1024w, https:\/\/needfortrees.lt\/wp-content\/uploads\/2024\/02\/DSC01767-min-2-768x356.jpg 768w, https:\/\/needfortrees.lt\/wp-content\/uploads\/2024\/02\/DSC01767-min-2-1536x713.jpg 1536w, https:\/\/needfortrees.lt\/wp-content\/uploads\/2024\/02\/DSC01767-min-2-2048x950.jpg 2048w\" sizes=\"(max-width: 872px) 100vw, 872px\" \/><\/p>\n","protected":false},"excerpt":{"rendered":"<p>\u201eGilis\u201c \u2013 hamakas, kuris turi visk\u0105, ko reikia tikram turistiniam hamakui:<\/p>\n<p>\u2022 Tinkam\u0105 ilg\u012f ir plot\u012f \u2013 <strong>350 cm (11,5 ft)<\/strong> x 150 cm (59 in)<br \/>\n\u2022 Ma\u017e\u0105 svor\u012f ir t\u016br\u012f \u2013 <strong>600 g (1,32 lbs)<\/strong> | 25 x 11 x 11 cm, pilnai suspaustas \u2013 15 x 11 x 11 cm<br \/>\n\u2022 <strong>PILNAI nuimam\u0105 tinklel\u012f nuo uod\u0173<\/strong><br \/>\n\u2022 Geriausi\u0105 audin\u012f hamakui, kuris savyje neturi kenksming\u0173 med\u017eiag\u0173<br \/>\n\u2022 Turi maksimal\u0173 komfort\u0105 ir tvirtum\u0105<\/p>\n<p><strong>Pakabinimo virv\u0117s n\u0117ra hamako dalis.<\/strong> Virves hamakui gali \u012fsigyti \u010dia: <a href=\"https:\/\/needfortrees.lt\/product\/virves-hamakui\/\">https:\/\/needfortrees.lt\/product\/virves-hamakui\/<\/a><\/p>\n<p>Detalesnis apra\u0161ymas \u017eemiau!<\/p>\n","protected":false},"featured_media":5878,"comment_status":"open","ping_status":"closed","template":"","meta":[],"product_brand":[],"product_cat":[29],"product_tag":[31],"class_list":{"0":"post-2599","1":"product","2":"type-product","3":"status-publish","4":"has-post-thumbnail","6":"product_cat-hamakai","7":"product_tag-hamakas","9":"first","10":"instock","11":"taxable","12":"shipping-taxable","13":"purchasable","14":"product-type-variable","15":"has-default-attributes"},"composite_virtual":false,"composite_layout":"","composite_add_to_cart_form_location":"","composite_editable_in_cart":false,"composite_sold_individually_context":"","composite_shop_price_calc":"","composite_components":[],"composite_scenarios":[],"yoast_head":"<!-- This site is optimized with the Yoast SEO plugin v26.3 - https:\/\/yoast.com\/wordpress\/plugins\/seo\/ -->\n<title>Hamakas su tinkleliu nuo uod\u0173 \u201eGilis\u201c<\/title>\n<meta name=\"description\" content=\"Turistinis hamakas su tinkleliu nuo uod\u0173, kuris pilnai nusiima nuo hamako. Sukurtas puikiam miegui, bet tuo pa\u010diu i\u0161laikomi auk\u0161\u010diausi \u012frangos standartai.\" \/>\n<meta name=\"robots\" content=\"index, follow, max-snippet:-1, max-image-preview:large, max-video-preview:-1\" \/>\n<link rel=\"canonical\" href=\"https:\/\/needfortrees.lt\/lt\/produktas\/gilis\/\" \/>\n<meta property=\"og:locale\" content=\"lt_LT\" \/>\n<meta property=\"og:type\" content=\"article\" \/>\n<meta property=\"og:title\" content=\"Hamakas su tinkleliu nuo uod\u0173 \u201eGilis\u201c\" \/>\n<meta property=\"og:description\" content=\"Turistinis hamakas su tinkleliu nuo uod\u0173, kuris pilnai nusiima nuo hamako. Sukurtas puikiam miegui, bet tuo pa\u010diu i\u0161laikomi auk\u0161\u010diausi \u012frangos standartai.\" \/>\n<meta property=\"og:url\" content=\"https:\/\/needfortrees.lt\/lt\/produktas\/gilis\/\" \/>\n<meta property=\"og:site_name\" content=\"NEED FOR TREES\" \/>\n<meta property=\"article:publisher\" content=\"https:\/\/www.facebook.com\/NeedForTrees\/\" \/>\n<meta property=\"article:modified_time\" content=\"2026-04-04T07:46:55+00:00\" \/>\n<meta property=\"og:image\" content=\"https:\/\/needfortrees.lt\/wp-content\/uploads\/2024\/02\/DSC00309.jpg\" \/>\n\t<meta property=\"og:image:width\" content=\"933\" \/>\n\t<meta property=\"og:image:height\" content=\"1400\" \/>\n\t<meta property=\"og:image:type\" content=\"image\/jpeg\" \/>\n<meta name=\"twitter:card\" content=\"summary_large_image\" \/>\n<meta name=\"twitter:label1\" content=\"Est. reading time\" \/>\n\t<meta name=\"twitter:data1\" content=\"5 minut\u0117s\" \/>\n<script type=\"application\/ld+json\" class=\"yoast-schema-graph\">{\"@context\":\"https:\/\/schema.org\",\"@graph\":[{\"@type\":\"WebPage\",\"@id\":\"https:\/\/needfortrees.lt\/lt\/produktas\/gilis\/\",\"url\":\"https:\/\/needfortrees.lt\/lt\/produktas\/gilis\/\",\"name\":\"Hamakas su tinkleliu nuo uod\u0173 \u201eGilis\u201c\",\"isPartOf\":{\"@id\":\"https:\/\/needfortrees.lt\/#website\"},\"primaryImageOfPage\":{\"@id\":\"https:\/\/needfortrees.lt\/lt\/produktas\/gilis\/#primaryimage\"},\"image\":{\"@id\":\"https:\/\/needfortrees.lt\/lt\/produktas\/gilis\/#primaryimage\"},\"thumbnailUrl\":\"https:\/\/needfortrees.lt\/wp-content\/uploads\/2024\/02\/DSC00309.jpg\",\"datePublished\":\"2024-02-24T17:19:24+00:00\",\"dateModified\":\"2026-04-04T07:46:55+00:00\",\"description\":\"Turistinis hamakas su tinkleliu nuo uod\u0173, kuris pilnai nusiima nuo hamako. Sukurtas puikiam miegui, bet tuo pa\u010diu i\u0161laikomi auk\u0161\u010diausi \u012frangos standartai.\",\"breadcrumb\":{\"@id\":\"https:\/\/needfortrees.lt\/lt\/produktas\/gilis\/#breadcrumb\"},\"inLanguage\":\"lt-LT\",\"potentialAction\":[{\"@type\":\"ReadAction\",\"target\":[\"https:\/\/needfortrees.lt\/lt\/produktas\/gilis\/\"]}]},{\"@type\":\"ImageObject\",\"inLanguage\":\"lt-LT\",\"@id\":\"https:\/\/needfortrees.lt\/lt\/produktas\/gilis\/#primaryimage\",\"url\":\"https:\/\/needfortrees.lt\/wp-content\/uploads\/2024\/02\/DSC00309.jpg\",\"contentUrl\":\"https:\/\/needfortrees.lt\/wp-content\/uploads\/2024\/02\/DSC00309.jpg\",\"width\":933,\"height\":1400,\"caption\":\"camping hammock with removable bug net\"},{\"@type\":\"BreadcrumbList\",\"@id\":\"https:\/\/needfortrees.lt\/lt\/produktas\/gilis\/#breadcrumb\",\"itemListElement\":[{\"@type\":\"ListItem\",\"position\":1,\"name\":\"Home\",\"item\":\"https:\/\/needfortrees.lt\/\"},{\"@type\":\"ListItem\",\"position\":2,\"name\":\"Parduotuv\u0117\",\"item\":\"https:\/\/needfortrees.lt\/products\/\"},{\"@type\":\"ListItem\",\"position\":3,\"name\":\"Hamakas su pilnai nusiiman\u010diu tinkleliu \u201eGilis\u201c\"}]},{\"@type\":\"WebSite\",\"@id\":\"https:\/\/needfortrees.lt\/#website\",\"url\":\"https:\/\/needfortrees.lt\/\",\"name\":\"NEED FOR TREES\",\"description\":\"High quality hammocks and camping equipment\",\"publisher\":{\"@id\":\"https:\/\/needfortrees.lt\/#organization\"},\"potentialAction\":[{\"@type\":\"SearchAction\",\"target\":{\"@type\":\"EntryPoint\",\"urlTemplate\":\"https:\/\/needfortrees.lt\/?s={search_term_string}\"},\"query-input\":{\"@type\":\"PropertyValueSpecification\",\"valueRequired\":true,\"valueName\":\"search_term_string\"}}],\"inLanguage\":\"lt-LT\"},{\"@type\":\"Organization\",\"@id\":\"https:\/\/needfortrees.lt\/#organization\",\"name\":\"NEED FOR TREES\",\"url\":\"https:\/\/needfortrees.lt\/\",\"logo\":{\"@type\":\"ImageObject\",\"inLanguage\":\"lt-LT\",\"@id\":\"https:\/\/needfortrees.lt\/#\/schema\/logo\/image\/\",\"url\":\"https:\/\/needfortrees.lt\/wp-content\/uploads\/2025\/11\/MAIN-GRAPHIT.svg\",\"contentUrl\":\"https:\/\/needfortrees.lt\/wp-content\/uploads\/2025\/11\/MAIN-GRAPHIT.svg\",\"width\":993,\"height\":440,\"caption\":\"NEED FOR TREES\"},\"image\":{\"@id\":\"https:\/\/needfortrees.lt\/#\/schema\/logo\/image\/\"},\"sameAs\":[\"https:\/\/www.facebook.com\/NeedForTrees\/\",\"https:\/\/www.instagram.com\/need.for.trees\/\"]}]}<\/script>\n<!-- \/ Yoast SEO plugin. -->","yoast_head_json":{"title":"Hamakas su tinkleliu nuo uod\u0173 \u201eGilis\u201c","description":"Turistinis hamakas su tinkleliu nuo uod\u0173, kuris pilnai nusiima nuo hamako. Sukurtas puikiam miegui, bet tuo pa\u010diu i\u0161laikomi auk\u0161\u010diausi \u012frangos standartai.","robots":{"index":"index","follow":"follow","max-snippet":"max-snippet:-1","max-image-preview":"max-image-preview:large","max-video-preview":"max-video-preview:-1"},"canonical":"https:\/\/needfortrees.lt\/lt\/produktas\/gilis\/","og_locale":"lt_LT","og_type":"article","og_title":"Hamakas su tinkleliu nuo uod\u0173 \u201eGilis\u201c","og_description":"Turistinis hamakas su tinkleliu nuo uod\u0173, kuris pilnai nusiima nuo hamako. Sukurtas puikiam miegui, bet tuo pa\u010diu i\u0161laikomi auk\u0161\u010diausi \u012frangos standartai.","og_url":"https:\/\/needfortrees.lt\/lt\/produktas\/gilis\/","og_site_name":"NEED FOR TREES","article_publisher":"https:\/\/www.facebook.com\/NeedForTrees\/","article_modified_time":"2026-04-04T07:46:55+00:00","og_image":[{"width":933,"height":1400,"url":"https:\/\/needfortrees.lt\/wp-content\/uploads\/2024\/02\/DSC00309.jpg","type":"image\/jpeg"}],"twitter_card":"summary_large_image","twitter_misc":{"Est. reading time":"5 minut\u0117s"},"schema":{"@context":"https:\/\/schema.org","@graph":[{"@type":"WebPage","@id":"https:\/\/needfortrees.lt\/lt\/produktas\/gilis\/","url":"https:\/\/needfortrees.lt\/lt\/produktas\/gilis\/","name":"Hamakas su tinkleliu nuo uod\u0173 \u201eGilis\u201c","isPartOf":{"@id":"https:\/\/needfortrees.lt\/#website"},"primaryImageOfPage":{"@id":"https:\/\/needfortrees.lt\/lt\/produktas\/gilis\/#primaryimage"},"image":{"@id":"https:\/\/needfortrees.lt\/lt\/produktas\/gilis\/#primaryimage"},"thumbnailUrl":"https:\/\/needfortrees.lt\/wp-content\/uploads\/2024\/02\/DSC00309.jpg","datePublished":"2024-02-24T17:19:24+00:00","dateModified":"2026-04-04T07:46:55+00:00","description":"Turistinis hamakas su tinkleliu nuo uod\u0173, kuris pilnai nusiima nuo hamako. Sukurtas puikiam miegui, bet tuo pa\u010diu i\u0161laikomi auk\u0161\u010diausi \u012frangos standartai.","breadcrumb":{"@id":"https:\/\/needfortrees.lt\/lt\/produktas\/gilis\/#breadcrumb"},"inLanguage":"lt-LT","potentialAction":[{"@type":"ReadAction","target":["https:\/\/needfortrees.lt\/lt\/produktas\/gilis\/"]}]},{"@type":"ImageObject","inLanguage":"lt-LT","@id":"https:\/\/needfortrees.lt\/lt\/produktas\/gilis\/#primaryimage","url":"https:\/\/needfortrees.lt\/wp-content\/uploads\/2024\/02\/DSC00309.jpg","contentUrl":"https:\/\/needfortrees.lt\/wp-content\/uploads\/2024\/02\/DSC00309.jpg","width":933,"height":1400,"caption":"camping hammock with removable bug net"},{"@type":"BreadcrumbList","@id":"https:\/\/needfortrees.lt\/lt\/produktas\/gilis\/#breadcrumb","itemListElement":[{"@type":"ListItem","position":1,"name":"Home","item":"https:\/\/needfortrees.lt\/"},{"@type":"ListItem","position":2,"name":"Parduotuv\u0117","item":"https:\/\/needfortrees.lt\/products\/"},{"@type":"ListItem","position":3,"name":"Hamakas su pilnai nusiiman\u010diu tinkleliu \u201eGilis\u201c"}]},{"@type":"WebSite","@id":"https:\/\/needfortrees.lt\/#website","url":"https:\/\/needfortrees.lt\/","name":"NEED FOR TREES","description":"High quality hammocks and camping equipment","publisher":{"@id":"https:\/\/needfortrees.lt\/#organization"},"potentialAction":[{"@type":"SearchAction","target":{"@type":"EntryPoint","urlTemplate":"https:\/\/needfortrees.lt\/?s={search_term_string}"},"query-input":{"@type":"PropertyValueSpecification","valueRequired":true,"valueName":"search_term_string"}}],"inLanguage":"lt-LT"},{"@type":"Organization","@id":"https:\/\/needfortrees.lt\/#organization","name":"NEED FOR TREES","url":"https:\/\/needfortrees.lt\/","logo":{"@type":"ImageObject","inLanguage":"lt-LT","@id":"https:\/\/needfortrees.lt\/#\/schema\/logo\/image\/","url":"https:\/\/needfortrees.lt\/wp-content\/uploads\/2025\/11\/MAIN-GRAPHIT.svg","contentUrl":"https:\/\/needfortrees.lt\/wp-content\/uploads\/2025\/11\/MAIN-GRAPHIT.svg","width":993,"height":440,"caption":"NEED FOR TREES"},"image":{"@id":"https:\/\/needfortrees.lt\/#\/schema\/logo\/image\/"},"sameAs":["https:\/\/www.facebook.com\/NeedForTrees\/","https:\/\/www.instagram.com\/need.for.trees\/"]}]}},"jetpack_sharing_enabled":true,"_links":{"self":[{"href":"https:\/\/needfortrees.lt\/lt\/wp-json\/wp\/v2\/product\/2599","targetHints":{"allow":["GET"]}}],"collection":[{"href":"https:\/\/needfortrees.lt\/lt\/wp-json\/wp\/v2\/product"}],"about":[{"href":"https:\/\/needfortrees.lt\/lt\/wp-json\/wp\/v2\/types\/product"}],"replies":[{"embeddable":true,"href":"https:\/\/needfortrees.lt\/lt\/wp-json\/wp\/v2\/comments?post=2599"}],"wp:featuredmedia":[{"embeddable":true,"href":"https:\/\/needfortrees.lt\/lt\/wp-json\/wp\/v2\/media\/5878"}],"wp:attachment":[{"href":"https:\/\/needfortrees.lt\/lt\/wp-json\/wp\/v2\/media?parent=2599"}],"wp:term":[{"taxonomy":"product_brand","embeddable":true,"href":"https:\/\/needfortrees.lt\/lt\/wp-json\/wp\/v2\/product_brand?post=2599"},{"taxonomy":"product_cat","embeddable":true,"href":"https:\/\/needfortrees.lt\/lt\/wp-json\/wp\/v2\/product_cat?post=2599"},{"taxonomy":"product_tag","embeddable":true,"href":"https:\/\/needfortrees.lt\/lt\/wp-json\/wp\/v2\/product_tag?post=2599"}],"curies":[{"name":"wp","href":"https:\/\/api.w.org\/{rel}","templated":true}]}}