{"id":2605,"date":"2024-02-24T17:43:15","date_gmt":"2024-02-24T17:43:15","guid":{"rendered":"https:\/\/needfortrees.lt\/?post_type=product&#038;p=2605"},"modified":"2026-02-27T17:16:17","modified_gmt":"2026-02-27T17:16:17","slug":"hamako-pasiltinimas","status":"publish","type":"product","link":"https:\/\/needfortrees.lt\/lt\/produktas\/hamako-pasiltinimas\/","title":{"rendered":"Hamako pa\u0161iltinimas (underquilt) \u201eBebra kailis\u201c"},"content":{"rendered":"<h1>Unikalus hamako pa\u0161iltinimas (underquilt), kuris tikrai veikia.<\/h1>\n<h2>I\u0161bandytas ir i\u0161tobulintas hamako pa\u0161iltinimas, kuris atrakina kit\u0105 hamako komforto lyg\u012f.<\/h2>\n<p>\u012eprastai \u017emon\u0117s galvoja, kad, norint \u0161iltesnio miego hamake, reikia naudoti turistin\u012f kilim\u0117l\u012f, ta\u010diau hamako pa\u0161iltinimas suteikia daug didesn\u012f komfort\u0105 ir galimyb\u0119 nevar\u017eomai jud\u0117ti bei nesu\u0161alti. Ties\u0105 sakant, n\u0117ra ko net lyginti \u2013<strong> miegas su pa\u0161iltinimu laimi visais at\u017evilgiais.<\/strong><\/p>\n<p>&#8222;Bober kailis&#8221; yra galimai vienintelis underquilt&#8217;as rinkoje, turintis speciali\u0105 <strong>&#8222;Clew suspension&#8221;<\/strong> pakabinimo technologij\u0105, kuri <strong>\u012ftempia underquilt&#8217;\u0105 tolygiai<\/strong> ir u\u017etikrina, kad nei viena k\u016bno vieta neprad\u0117t\u0173 \u0161alt, net ir raitantis hamake kaip Rikiui pataluose po dviej\u0173 par\u0173 mi\u0161ke.<\/p>\n<p><img fetchpriority=\"high\" decoding=\"async\" class=\" wp-image-4618 aligncenter\" src=\"https:\/\/needfortrees.lt\/wp-content\/uploads\/2024\/02\/nft-underquilt-clew-suspension-brown-color-climashield-apex-300x173.jpg\" alt=\"nft underquilt clew suspension brown color climashield apex\" width=\"923\" height=\"533\" srcset=\"https:\/\/needfortrees.lt\/wp-content\/uploads\/2024\/02\/nft-underquilt-clew-suspension-brown-color-climashield-apex-300x173.jpg 300w, https:\/\/needfortrees.lt\/wp-content\/uploads\/2024\/02\/nft-underquilt-clew-suspension-brown-color-climashield-apex-1024x592.jpg 1024w, https:\/\/needfortrees.lt\/wp-content\/uploads\/2024\/02\/nft-underquilt-clew-suspension-brown-color-climashield-apex-768x444.jpg 768w, https:\/\/needfortrees.lt\/wp-content\/uploads\/2024\/02\/nft-underquilt-clew-suspension-brown-color-climashield-apex-600x347.jpg 600w, https:\/\/needfortrees.lt\/wp-content\/uploads\/2024\/02\/nft-underquilt-clew-suspension-brown-color-climashield-apex.jpg 1246w\" sizes=\"(max-width: 923px) 100vw, 923px\" \/><\/p>\n<h2 data-start=\"78\" data-end=\"536\">I\u0161skirtin\u0117 Clew Suspension sistema.<\/h2>\n<p>Mano Clew Suspension sistema \u2013 unikali ir niekur kitur nesutinkama sistema, sukurta specialiai \u0161iam underquiltui. Kiekviena dalis yra <strong data-start=\"326\" data-end=\"341\">rank\u0173 darbo<\/strong>, tod\u0117l kiekvienas pa\u0161iltinimas yra pagamintas su ypatingu d\u0117mesiu detal\u0117ms. Sistema u\u017etikrina <strong data-start=\"436\" data-end=\"465\">tobul\u0105 kontakt\u0105 su hamaku<\/strong>, tod\u0117l n\u0117ra viet\u0173, kurios likt\u0173 ne\u0161ildomos, o \u0161iluma paskirstoma tolygiai. Tai rei\u0161kia, kad kiekvienas j\u016bs\u0173 vakaras hamake bus jaukus, \u0161iltas ir patogus, nepriklausomai nuo oro s\u0105lyg\u0173.<\/p>\n<p><strong>Jei naudojate kit\u0105, ne Need for Trees hamak\u0105, prie u\u017esakymo komentar\u0173 nurodykite savo hamako ilg\u012f.<\/strong><\/p>\n<h2>Greitai ir lengvai pakabinamas.<\/h2>\n<p>D\u0117ka clew pakabinimo sistemos, hamako pa\u0161iltinim\u0105 itin lengva pritvirtinti, o j\u016bs visada b\u016bsite tikri, kad jis pakabintas taisyklingai.<br data-start=\"361\" data-end=\"364\" \/>Naudojant kitokio tipo pakabinimo sistemas, da\u017enai kyla rizika, kad i\u0161 pirmo karto underquiltas nebus tinkamai \u012ftemptas ir tai da\u017eniausiai paai\u0161k\u0117ja tik atsigulus \u012f hamak\u0105.<br data-start=\"537\" data-end=\"540\" \/>Su \u0161iuo pa\u0161iltinimu vos per kelias sekundes pasieksite tobul\u0105 \u012ftempim\u0105 kiekvien\u0105 kart\u0105.<\/p>\n<h2>Keturi papildomi kabliukai \u2013 underquiltas lieka vietoje.<\/h2>\n<p>Prie Clew sistemos prid\u0117jau, dar keturis papildomus kabliukus. J\u0173 pagalba underquiltas nenuslysta nakt\u012f ir visada lieka savo vietoje.<\/p>\n<h2>Lengva prie\u017ei\u016bra su Climashield<strong data-start=\"275\" data-end=\"303\">\u00ae <\/strong>APEX u\u017epildu.<\/h2>\n<p data-start=\"138\" data-end=\"643\">Climashield\u00ae APEX sintetinis u\u017epildas nereikalauja sud\u0117tingos prie\u017ei\u016bros, j\u012f galima skalbti skalbimo ma\u0161inoje ir d\u017eiovinti \u012fprastai, be speciali\u0173 priemoni\u0173 ar d\u017eiovykl\u0117s kamuoliuk\u0173. Skirtingai nei p\u016bkiniai u\u017epildai, APEX i\u0161laiko savo \u0161ilumines savybes net ir sudr\u0117k\u0119s, tod\u0117l nereikia jaudintis d\u0117l susigul\u0117jimo ar praradusio purumo. Po plovimo pakanka j\u012f i\u0161d\u017eiovinti, ir pa\u0161iltinimas v\u0117l bus paruo\u0161tas naudoti. Tai prakti\u0161kas sprendimas visiems, kurie vertina paprastum\u0105, patvarum\u0105 ir komfort\u0105 gamtoje.<\/p>\n<p><img decoding=\"async\" class=\" wp-image-4620 aligncenter\" src=\"https:\/\/needfortrees.lt\/wp-content\/uploads\/2024\/02\/nft-underquilt-suspension-attachment-300x132.jpg\" alt=\"nft underquilt suspension attachment\" width=\"938\" height=\"413\" srcset=\"https:\/\/needfortrees.lt\/wp-content\/uploads\/2024\/02\/nft-underquilt-suspension-attachment-300x132.jpg 300w, https:\/\/needfortrees.lt\/wp-content\/uploads\/2024\/02\/nft-underquilt-suspension-attachment-1024x450.jpg 1024w, https:\/\/needfortrees.lt\/wp-content\/uploads\/2024\/02\/nft-underquilt-suspension-attachment-768x337.jpg 768w, https:\/\/needfortrees.lt\/wp-content\/uploads\/2024\/02\/nft-underquilt-suspension-attachment-600x263.jpg 600w, https:\/\/needfortrees.lt\/wp-content\/uploads\/2024\/02\/nft-underquilt-suspension-attachment.jpg 1280w\" sizes=\"(max-width: 938px) 100vw, 938px\" \/><\/p>\n<h2 data-start=\"138\" data-end=\"643\">Ilgaam\u017ei\u0161kumas.<\/h2>\n<p data-start=\"78\" data-end=\"536\">Climashield\u00ae APEX u\u017epildas pasi\u017eymi i\u0161skirtiniu patvarumu \u2013 jis nepraranda purumo ir \u0161ilumos net po daugyb\u0117s naudojimo cikl\u0173. Sintetinis pluo\u0161tas atsparus susigul\u0117jimui, dr\u0117gmei ir pel\u0117siui, tod\u0117l pa\u0161iltinimas ilgai i\u0161laiko savo pradin\u0119 form\u0105 ir savybes. Net intensyvus naudojimas laukin\u0117je gamtoje ar da\u017enas skalbimas nesuma\u017eina jo efektyvumo, tod\u0117l galite b\u016bti tikri, kad j\u016bs\u0173 underquilt tarnaus daugel\u012f sezon\u0173 ir suteiks patikim\u0105 \u0161ilum\u0105 kiekvien\u0105 kart\u0105.<\/p>\n<h2 data-start=\"78\" data-end=\"536\">Temperat\u016bros reitingai<\/h2>\n<p data-start=\"131\" data-end=\"296\">Skirtingi gamintojai pateikia skirtingus Climashield\u00ae APEX temperat\u016bros reitingus, tod\u0117l a\u0161 asmeni\u0161kai i\u0161band\u017eiau visus APEX tipus. \u0160tai mano pasteb\u0117ti rezultatai:<\/p>\n<ul data-start=\"298\" data-end=\"499\">\n<li data-start=\"298\" data-end=\"364\">\n<p data-start=\"300\" data-end=\"364\"><strong data-start=\"300\" data-end=\"325\">Komforto temperat\u016bra:<\/strong> miegojau visi\u0161kai be \u0161al\u010dio poj\u016b\u010dio.<\/p>\n<\/li>\n<li data-start=\"298\" data-end=\"364\">\n<p data-start=\"300\" data-end=\"364\"><strong data-start=\"367\" data-end=\"405\">\u017demiausia komforti\u0161ka temperat\u016bra:<\/strong> miegojau komforti\u0161kai, ta\u010diau reik\u0117jo papildomo termo sluoksnio arba trumpam jau\u010diau \u0161alt\u012f.<\/p>\n<\/li>\n<\/ul>\n<div class=\"_tableContainer_1rjym_1\">\n<div class=\"group _tableWrapper_1rjym_13 flex w-fit flex-col-reverse\" tabindex=\"-1\">\n<table class=\"w-fit min-w-(--thread-content-width)\" style=\"height: 78px;\" width=\"725\" data-start=\"501\" data-end=\"750\">\n<thead data-start=\"501\" data-end=\"570\">\n<tr data-start=\"501\" data-end=\"570\">\n<th style=\"text-align: left;\" data-start=\"501\" data-end=\"510\" data-col-size=\"sm\">Storis<\/th>\n<th style=\"text-align: left;\" data-start=\"510\" data-end=\"533\" data-col-size=\"sm\">Komforto temperat\u016bra<\/th>\n<th style=\"text-align: left;\" data-start=\"533\" data-end=\"570\" data-col-size=\"sm\">\u017demiausia komforti\u0161ka temperat\u016bra<\/th>\n<\/tr>\n<\/thead>\n<tbody data-start=\"637\" data-end=\"750\">\n<tr data-start=\"637\" data-end=\"664\">\n<td data-start=\"637\" data-end=\"648\" data-col-size=\"sm\">APEX 100<\/td>\n<td data-col-size=\"sm\" data-start=\"648\" data-end=\"656\">12\u202f\u00b0C<\/td>\n<td data-col-size=\"sm\" data-start=\"656\" data-end=\"664\">9\u202f\u00b0C<\/td>\n<\/tr>\n<tr data-start=\"665\" data-end=\"692\">\n<td data-start=\"665\" data-end=\"676\" data-col-size=\"sm\">APEX 133<\/td>\n<td data-col-size=\"sm\" data-start=\"676\" data-end=\"684\">7\u202f\u00b0C<\/td>\n<td data-col-size=\"sm\" data-start=\"684\" data-end=\"692\">5\u202f\u00b0C<\/td>\n<\/tr>\n<tr data-start=\"693\" data-end=\"721\">\n<td data-start=\"693\" data-end=\"704\" data-col-size=\"sm\">APEX 167<\/td>\n<td data-col-size=\"sm\" data-start=\"704\" data-end=\"712\">0\u202f\u00b0C<\/td>\n<td data-col-size=\"sm\" data-start=\"712\" data-end=\"721\">-2\u202f\u00b0C<\/td>\n<\/tr>\n<tr data-start=\"722\" data-end=\"750\">\n<td style=\"text-align: left;\" data-start=\"722\" data-end=\"733\" data-col-size=\"sm\">APEX 200<\/td>\n<td style=\"text-align: left;\" data-col-size=\"sm\" data-start=\"733\" data-end=\"741\">-3\u202f\u00b0C<\/td>\n<td style=\"text-align: left;\" data-col-size=\"sm\" data-start=\"741\" data-end=\"750\">-5\u202f\u00b0C<\/td>\n<\/tr>\n<\/tbody>\n<\/table>\n<\/div>\n<\/div>\n<p>Asmeni\u0161kai miegoti m\u0117gstu gan \u0161iltai, nesu i\u0161 t\u0173, kurie \u017eiem\u0105 miega su visi\u0161kai atidarytais langais, tod\u0117l \u0161ie rezultatai atitinka mano poj\u016bt\u012f ir patirt\u012f.<\/p>\n<h2>Svoris ir t\u016bris<\/h2>\n<table class=\"w-fit min-w-(--thread-content-width)\" style=\"height: 44px;\" width=\"499\" data-start=\"501\" data-end=\"750\">\n<thead data-start=\"501\" data-end=\"570\">\n<tr data-start=\"501\" data-end=\"570\">\n<th style=\"text-align: left;\" data-start=\"501\" data-end=\"510\" data-col-size=\"sm\">Storis<\/th>\n<th style=\"text-align: left;\" data-start=\"510\" data-end=\"533\" data-col-size=\"sm\">\u00a0Svoris<\/th>\n<th style=\"text-align: left;\" data-start=\"533\" data-end=\"570\" data-col-size=\"sm\">\u00a0T\u016bris<\/th>\n<\/tr>\n<\/thead>\n<tbody data-start=\"637\" data-end=\"750\">\n<tr data-start=\"637\" data-end=\"664\">\n<td data-start=\"637\" data-end=\"648\" data-col-size=\"sm\">APEX 100<\/td>\n<td data-col-size=\"sm\" data-start=\"648\" data-end=\"656\">550 g<\/td>\n<td data-col-size=\"sm\" data-start=\"656\" data-end=\"664\">3 l<\/td>\n<\/tr>\n<tr data-start=\"665\" data-end=\"692\">\n<td data-start=\"665\" data-end=\"676\" data-col-size=\"sm\">APEX 133<\/td>\n<td data-col-size=\"sm\" data-start=\"676\" data-end=\"684\">610 g<\/td>\n<td data-col-size=\"sm\" data-start=\"684\" data-end=\"692\">3.56 l<\/td>\n<\/tr>\n<tr data-start=\"693\" data-end=\"721\">\n<td data-start=\"693\" data-end=\"704\" data-col-size=\"sm\">APEX 167<\/td>\n<td data-col-size=\"sm\" data-start=\"704\" data-end=\"712\">670 g<\/td>\n<td data-col-size=\"sm\" data-start=\"712\" data-end=\"721\">4.5 l<\/td>\n<\/tr>\n<tr data-start=\"722\" data-end=\"750\">\n<td data-start=\"722\" data-end=\"733\" data-col-size=\"sm\">APEX 200<\/td>\n<td data-col-size=\"sm\" data-start=\"733\" data-end=\"741\">750 g<\/td>\n<td data-col-size=\"sm\" data-start=\"741\" data-end=\"750\">5.6 l<\/td>\n<\/tr>\n<\/tbody>\n<\/table>\n<h3>Underquiltus galima sluoksniuoti. Pavyzd\u017eiui naudoti APEX 100 ir APEX 200 underquilt vienu metu.<br \/>\nGalima pagaminti ir storesnius underquiltus: APEX 267, APEX 300 ir t.t. Susisiekite email &#8211; info@needfortrees.lt<\/h3>\n<h3>Norintiems pasiekti maksimal\u0173 komfort\u0105, si\u016bly\u010diau taip pat \u012fsigyti <a href=\"https:\/\/needfortrees.lt\/produktas\/miegmaisis-hamakui\/\">need.for.trees top quilt\u0105<\/a> (miegmai\u0161io alternatyv\u0105) hamakui.<\/h3>\n<p><img decoding=\"async\" class=\"wp-image-4121 aligncenter\" src=\"https:\/\/needfortrees.lt\/wp-content\/uploads\/2024\/02\/DSC09946-300x142.jpg\" alt=\"needfortrees \u0161uo Rikis taksas\" width=\"1060\" height=\"502\" srcset=\"https:\/\/needfortrees.lt\/wp-content\/uploads\/2024\/02\/DSC09946-300x142.jpg 300w, https:\/\/needfortrees.lt\/wp-content\/uploads\/2024\/02\/DSC09946-600x285.jpg 600w, https:\/\/needfortrees.lt\/wp-content\/uploads\/2024\/02\/DSC09946-1024x486.jpg 1024w, https:\/\/needfortrees.lt\/wp-content\/uploads\/2024\/02\/DSC09946-768x365.jpg 768w, https:\/\/needfortrees.lt\/wp-content\/uploads\/2024\/02\/DSC09946.jpg 1350w\" sizes=\"(max-width: 1060px) 100vw, 1060px\" \/><\/p>\n<p>&nbsp;<\/p>\n","protected":false},"excerpt":{"rendered":"<p><strong>Produktas, kuris pakelia miegojimo hamake komfort\u0105 \u012f kit\u0105 lyg\u012f. Ne tik \u0161iltas, bet ir itin lengvas.<br \/>\nGreitai ir patogai pakabinamas, lengvai pri\u017ei\u016brimas, ilgaam\u017ei\u0161kas.<\/strong><\/p>\n<p>Climashield\u00ae APEX u\u017epildas. Pridedamas kompresinis mai\u0161as.<\/p>\n<p><strong>Savyb\u0117s:<br \/>\n\u2022 Clew suspension<\/strong><br \/>\n\u2022 <strong>Itin <\/strong><strong>lengvai pakabinamas<\/strong><br \/>\n\u2022 <strong>Climashield\u00ae Apex\u00a0<\/strong>u\u017epildas<br \/>\n\u2022 I\u0161orinis sluoksnis \u2013 <strong>20D\u00a0Nylon<br \/>\n<\/strong>\u2022 Vidinis sluoksnis \u2013 <strong>10D Nylon<\/strong><br \/>\n\u2022 I\u0161matavimai \u2013 <strong>200 x<\/strong> <strong>130 cm<\/strong><br \/>\n\u2022 Svoris <strong>550 \u2013 750 g (1.21 lbs \u2013 1.65 lbs)<\/strong> (pagal pasirinkt\u0105 komforto lyg\u012f, be kompresinio mai\u0161o)<br \/>\n\u2022 T\u016bris <strong>2.1 \u2013 5.85 l<\/strong>\u00a0(pagal pasirinkt\u0105 komforto lyg\u012f)<br \/>\n\u2022 <strong>Lightweight \/ ultralight<\/strong> kategorija<\/p>\n<p>Detalesnis apra\u0161ymas \u017eemiau!<\/p>\n","protected":false},"featured_media":5924,"comment_status":"open","ping_status":"closed","template":"","meta":[],"product_brand":[],"product_cat":[47],"product_tag":[54],"class_list":{"0":"post-2605","1":"product","2":"type-product","3":"status-publish","4":"has-post-thumbnail","6":"product_cat-pasiltinimas","7":"product_tag-pasiltinimas","8":"product_shipping_class-l-box","10":"first","11":"instock","12":"taxable","13":"shipping-taxable","14":"purchasable","15":"product-type-variable","16":"has-default-attributes"},"composite_virtual":false,"composite_layout":"","composite_add_to_cart_form_location":"","composite_editable_in_cart":false,"composite_sold_individually_context":"","composite_shop_price_calc":"","composite_components":[],"composite_scenarios":[],"yoast_head":"<!-- This site is optimized with the Yoast SEO plugin v26.3 - https:\/\/yoast.com\/wordpress\/plugins\/seo\/ -->\n<title>Hamako pa\u0161iltinimas (underquilt)<\/title>\n<meta name=\"description\" content=\"Alternatyva turistiniam kilim\u0117liui hamake - hamako pa\u0161iltinimas (underquilt), kuris atrakin\u0105 hamako komfort\u0105. Climashield\u00ae APEX u\u017epildas.\" \/>\n<meta name=\"robots\" content=\"index, follow, max-snippet:-1, max-image-preview:large, max-video-preview:-1\" \/>\n<link rel=\"canonical\" href=\"https:\/\/needfortrees.lt\/lt\/produktas\/hamako-pasiltinimas\/\" \/>\n<meta property=\"og:locale\" content=\"lt_LT\" \/>\n<meta property=\"og:type\" content=\"article\" \/>\n<meta property=\"og:title\" content=\"Hamako pa\u0161iltinimas (underquilt)\" \/>\n<meta property=\"og:description\" content=\"Alternatyva turistiniam kilim\u0117liui hamake - hamako pa\u0161iltinimas (underquilt), kuris atrakin\u0105 hamako komfort\u0105. Climashield\u00ae APEX u\u017epildas.\" \/>\n<meta property=\"og:url\" content=\"https:\/\/needfortrees.lt\/lt\/produktas\/hamako-pasiltinimas\/\" \/>\n<meta property=\"og:site_name\" content=\"NEED FOR TREES\" \/>\n<meta property=\"article:publisher\" content=\"https:\/\/www.facebook.com\/NeedForTrees\/\" \/>\n<meta property=\"article:modified_time\" content=\"2026-02-27T17:16:17+00:00\" \/>\n<meta property=\"og:image\" content=\"https:\/\/needfortrees.lt\/wp-content\/uploads\/2024\/02\/DSC00584.jpg\" \/>\n\t<meta property=\"og:image:width\" content=\"933\" \/>\n\t<meta property=\"og:image:height\" content=\"1400\" \/>\n\t<meta property=\"og:image:type\" content=\"image\/jpeg\" \/>\n<meta name=\"twitter:card\" content=\"summary_large_image\" \/>\n<meta name=\"twitter:label1\" content=\"Est. reading time\" \/>\n\t<meta name=\"twitter:data1\" content=\"4 minut\u0117s\" \/>\n<script type=\"application\/ld+json\" class=\"yoast-schema-graph\">{\"@context\":\"https:\/\/schema.org\",\"@graph\":[{\"@type\":\"WebPage\",\"@id\":\"https:\/\/needfortrees.lt\/lt\/produktas\/hamako-pasiltinimas\/\",\"url\":\"https:\/\/needfortrees.lt\/lt\/produktas\/hamako-pasiltinimas\/\",\"name\":\"Hamako pa\u0161iltinimas (underquilt)\",\"isPartOf\":{\"@id\":\"https:\/\/needfortrees.lt\/#website\"},\"primaryImageOfPage\":{\"@id\":\"https:\/\/needfortrees.lt\/lt\/produktas\/hamako-pasiltinimas\/#primaryimage\"},\"image\":{\"@id\":\"https:\/\/needfortrees.lt\/lt\/produktas\/hamako-pasiltinimas\/#primaryimage\"},\"thumbnailUrl\":\"https:\/\/needfortrees.lt\/wp-content\/uploads\/2024\/02\/DSC00584.jpg\",\"datePublished\":\"2024-02-24T17:43:15+00:00\",\"dateModified\":\"2026-02-27T17:16:17+00:00\",\"description\":\"Alternatyva turistiniam kilim\u0117liui hamake - hamako pa\u0161iltinimas (underquilt), kuris atrakin\u0105 hamako komfort\u0105. Climashield\u00ae APEX u\u017epildas.\",\"breadcrumb\":{\"@id\":\"https:\/\/needfortrees.lt\/lt\/produktas\/hamako-pasiltinimas\/#breadcrumb\"},\"inLanguage\":\"lt-LT\",\"potentialAction\":[{\"@type\":\"ReadAction\",\"target\":[\"https:\/\/needfortrees.lt\/lt\/produktas\/hamako-pasiltinimas\/\"]}]},{\"@type\":\"ImageObject\",\"inLanguage\":\"lt-LT\",\"@id\":\"https:\/\/needfortrees.lt\/lt\/produktas\/hamako-pasiltinimas\/#primaryimage\",\"url\":\"https:\/\/needfortrees.lt\/wp-content\/uploads\/2024\/02\/DSC00584.jpg\",\"contentUrl\":\"https:\/\/needfortrees.lt\/wp-content\/uploads\/2024\/02\/DSC00584.jpg\",\"width\":933,\"height\":1400,\"caption\":\"camping hammock underquilt with clew suspension\"},{\"@type\":\"BreadcrumbList\",\"@id\":\"https:\/\/needfortrees.lt\/lt\/produktas\/hamako-pasiltinimas\/#breadcrumb\",\"itemListElement\":[{\"@type\":\"ListItem\",\"position\":1,\"name\":\"Home\",\"item\":\"https:\/\/needfortrees.lt\/\"},{\"@type\":\"ListItem\",\"position\":2,\"name\":\"Parduotuv\u0117\",\"item\":\"https:\/\/needfortrees.lt\/products\/\"},{\"@type\":\"ListItem\",\"position\":3,\"name\":\"Hamako pa\u0161iltinimas (underquilt) \u201eBebra kailis\u201c\"}]},{\"@type\":\"WebSite\",\"@id\":\"https:\/\/needfortrees.lt\/#website\",\"url\":\"https:\/\/needfortrees.lt\/\",\"name\":\"NEED FOR TREES\",\"description\":\"High quality hammocks and camping equipment\",\"publisher\":{\"@id\":\"https:\/\/needfortrees.lt\/#organization\"},\"potentialAction\":[{\"@type\":\"SearchAction\",\"target\":{\"@type\":\"EntryPoint\",\"urlTemplate\":\"https:\/\/needfortrees.lt\/?s={search_term_string}\"},\"query-input\":{\"@type\":\"PropertyValueSpecification\",\"valueRequired\":true,\"valueName\":\"search_term_string\"}}],\"inLanguage\":\"lt-LT\"},{\"@type\":\"Organization\",\"@id\":\"https:\/\/needfortrees.lt\/#organization\",\"name\":\"NEED FOR TREES\",\"url\":\"https:\/\/needfortrees.lt\/\",\"logo\":{\"@type\":\"ImageObject\",\"inLanguage\":\"lt-LT\",\"@id\":\"https:\/\/needfortrees.lt\/#\/schema\/logo\/image\/\",\"url\":\"https:\/\/needfortrees.lt\/wp-content\/uploads\/2025\/11\/MAIN-GRAPHIT.svg\",\"contentUrl\":\"https:\/\/needfortrees.lt\/wp-content\/uploads\/2025\/11\/MAIN-GRAPHIT.svg\",\"width\":993,\"height\":440,\"caption\":\"NEED FOR TREES\"},\"image\":{\"@id\":\"https:\/\/needfortrees.lt\/#\/schema\/logo\/image\/\"},\"sameAs\":[\"https:\/\/www.facebook.com\/NeedForTrees\/\",\"https:\/\/www.instagram.com\/need.for.trees\/\"]}]}<\/script>\n<!-- \/ Yoast SEO plugin. -->","yoast_head_json":{"title":"Hamako pa\u0161iltinimas (underquilt)","description":"Alternatyva turistiniam kilim\u0117liui hamake - hamako pa\u0161iltinimas (underquilt), kuris atrakin\u0105 hamako komfort\u0105. Climashield\u00ae APEX u\u017epildas.","robots":{"index":"index","follow":"follow","max-snippet":"max-snippet:-1","max-image-preview":"max-image-preview:large","max-video-preview":"max-video-preview:-1"},"canonical":"https:\/\/needfortrees.lt\/lt\/produktas\/hamako-pasiltinimas\/","og_locale":"lt_LT","og_type":"article","og_title":"Hamako pa\u0161iltinimas (underquilt)","og_description":"Alternatyva turistiniam kilim\u0117liui hamake - hamako pa\u0161iltinimas (underquilt), kuris atrakin\u0105 hamako komfort\u0105. Climashield\u00ae APEX u\u017epildas.","og_url":"https:\/\/needfortrees.lt\/lt\/produktas\/hamako-pasiltinimas\/","og_site_name":"NEED FOR TREES","article_publisher":"https:\/\/www.facebook.com\/NeedForTrees\/","article_modified_time":"2026-02-27T17:16:17+00:00","og_image":[{"width":933,"height":1400,"url":"https:\/\/needfortrees.lt\/wp-content\/uploads\/2024\/02\/DSC00584.jpg","type":"image\/jpeg"}],"twitter_card":"summary_large_image","twitter_misc":{"Est. reading time":"4 minut\u0117s"},"schema":{"@context":"https:\/\/schema.org","@graph":[{"@type":"WebPage","@id":"https:\/\/needfortrees.lt\/lt\/produktas\/hamako-pasiltinimas\/","url":"https:\/\/needfortrees.lt\/lt\/produktas\/hamako-pasiltinimas\/","name":"Hamako pa\u0161iltinimas (underquilt)","isPartOf":{"@id":"https:\/\/needfortrees.lt\/#website"},"primaryImageOfPage":{"@id":"https:\/\/needfortrees.lt\/lt\/produktas\/hamako-pasiltinimas\/#primaryimage"},"image":{"@id":"https:\/\/needfortrees.lt\/lt\/produktas\/hamako-pasiltinimas\/#primaryimage"},"thumbnailUrl":"https:\/\/needfortrees.lt\/wp-content\/uploads\/2024\/02\/DSC00584.jpg","datePublished":"2024-02-24T17:43:15+00:00","dateModified":"2026-02-27T17:16:17+00:00","description":"Alternatyva turistiniam kilim\u0117liui hamake - hamako pa\u0161iltinimas (underquilt), kuris atrakin\u0105 hamako komfort\u0105. Climashield\u00ae APEX u\u017epildas.","breadcrumb":{"@id":"https:\/\/needfortrees.lt\/lt\/produktas\/hamako-pasiltinimas\/#breadcrumb"},"inLanguage":"lt-LT","potentialAction":[{"@type":"ReadAction","target":["https:\/\/needfortrees.lt\/lt\/produktas\/hamako-pasiltinimas\/"]}]},{"@type":"ImageObject","inLanguage":"lt-LT","@id":"https:\/\/needfortrees.lt\/lt\/produktas\/hamako-pasiltinimas\/#primaryimage","url":"https:\/\/needfortrees.lt\/wp-content\/uploads\/2024\/02\/DSC00584.jpg","contentUrl":"https:\/\/needfortrees.lt\/wp-content\/uploads\/2024\/02\/DSC00584.jpg","width":933,"height":1400,"caption":"camping hammock underquilt with clew suspension"},{"@type":"BreadcrumbList","@id":"https:\/\/needfortrees.lt\/lt\/produktas\/hamako-pasiltinimas\/#breadcrumb","itemListElement":[{"@type":"ListItem","position":1,"name":"Home","item":"https:\/\/needfortrees.lt\/"},{"@type":"ListItem","position":2,"name":"Parduotuv\u0117","item":"https:\/\/needfortrees.lt\/products\/"},{"@type":"ListItem","position":3,"name":"Hamako pa\u0161iltinimas (underquilt) \u201eBebra kailis\u201c"}]},{"@type":"WebSite","@id":"https:\/\/needfortrees.lt\/#website","url":"https:\/\/needfortrees.lt\/","name":"NEED FOR TREES","description":"High quality hammocks and camping equipment","publisher":{"@id":"https:\/\/needfortrees.lt\/#organization"},"potentialAction":[{"@type":"SearchAction","target":{"@type":"EntryPoint","urlTemplate":"https:\/\/needfortrees.lt\/?s={search_term_string}"},"query-input":{"@type":"PropertyValueSpecification","valueRequired":true,"valueName":"search_term_string"}}],"inLanguage":"lt-LT"},{"@type":"Organization","@id":"https:\/\/needfortrees.lt\/#organization","name":"NEED FOR TREES","url":"https:\/\/needfortrees.lt\/","logo":{"@type":"ImageObject","inLanguage":"lt-LT","@id":"https:\/\/needfortrees.lt\/#\/schema\/logo\/image\/","url":"https:\/\/needfortrees.lt\/wp-content\/uploads\/2025\/11\/MAIN-GRAPHIT.svg","contentUrl":"https:\/\/needfortrees.lt\/wp-content\/uploads\/2025\/11\/MAIN-GRAPHIT.svg","width":993,"height":440,"caption":"NEED FOR TREES"},"image":{"@id":"https:\/\/needfortrees.lt\/#\/schema\/logo\/image\/"},"sameAs":["https:\/\/www.facebook.com\/NeedForTrees\/","https:\/\/www.instagram.com\/need.for.trees\/"]}]}},"jetpack_sharing_enabled":true,"_links":{"self":[{"href":"https:\/\/needfortrees.lt\/lt\/wp-json\/wp\/v2\/product\/2605","targetHints":{"allow":["GET"]}}],"collection":[{"href":"https:\/\/needfortrees.lt\/lt\/wp-json\/wp\/v2\/product"}],"about":[{"href":"https:\/\/needfortrees.lt\/lt\/wp-json\/wp\/v2\/types\/product"}],"replies":[{"embeddable":true,"href":"https:\/\/needfortrees.lt\/lt\/wp-json\/wp\/v2\/comments?post=2605"}],"wp:featuredmedia":[{"embeddable":true,"href":"https:\/\/needfortrees.lt\/lt\/wp-json\/wp\/v2\/media\/5924"}],"wp:attachment":[{"href":"https:\/\/needfortrees.lt\/lt\/wp-json\/wp\/v2\/media?parent=2605"}],"wp:term":[{"taxonomy":"product_brand","embeddable":true,"href":"https:\/\/needfortrees.lt\/lt\/wp-json\/wp\/v2\/product_brand?post=2605"},{"taxonomy":"product_cat","embeddable":true,"href":"https:\/\/needfortrees.lt\/lt\/wp-json\/wp\/v2\/product_cat?post=2605"},{"taxonomy":"product_tag","embeddable":true,"href":"https:\/\/needfortrees.lt\/lt\/wp-json\/wp\/v2\/product_tag?post=2605"}],"curies":[{"name":"wp","href":"https:\/\/api.w.org\/{rel}","templated":true}]}}