{"id":3232,"date":"2024-05-23T07:15:53","date_gmt":"2024-05-23T07:15:53","guid":{"rendered":"https:\/\/needfortrees.lt\/?post_type=product&#038;p=3232"},"modified":"2026-02-27T17:15:45","modified_gmt":"2026-02-27T17:15:45","slug":"tentas-hamakui","status":"publish","type":"product","link":"https:\/\/needfortrees.lt\/lt\/produktas\/tentas-hamakui\/","title":{"rendered":"Tentas \u201eShako\u201c"},"content":{"rendered":"<h1>Hamako tentas \u2013 Shako<\/h1>\n<p>Universaliausias, patogiausias ir 95 proc. situacij\u0173 gelbstintis <a href=\"https:\/\/needfortrees.lt\/product-category\/tarps\/\">tentas.<\/a><br \/>\nJei gal\u0117\u010diau tur\u0117ti tik vien\u0105 tent\u0105, rink\u010diausi \u0161\u012f.<\/p>\n<p><img fetchpriority=\"high\" decoding=\"async\" class=\"alignnone wp-image-4712 aligncenter\" src=\"https:\/\/needfortrees.lt\/wp-content\/uploads\/2024\/05\/DSC01499-min-300x172.jpg\" alt=\"needfortrees silpoly shako hammock tarp \" width=\"745\" height=\"427\" srcset=\"https:\/\/needfortrees.lt\/wp-content\/uploads\/2024\/05\/DSC01499-min-300x172.jpg 300w, https:\/\/needfortrees.lt\/wp-content\/uploads\/2024\/05\/DSC01499-min-1024x588.jpg 1024w, https:\/\/needfortrees.lt\/wp-content\/uploads\/2024\/05\/DSC01499-min-768x441.jpg 768w, https:\/\/needfortrees.lt\/wp-content\/uploads\/2024\/05\/DSC01499-min-600x344.jpg 600w, https:\/\/needfortrees.lt\/wp-content\/uploads\/2024\/05\/DSC01499-min.jpg 1080w\" sizes=\"(max-width: 745px) 100vw, 745px\" \/><\/p>\n<p>&nbsp;<\/p>\n<h2><strong>Silpoly audinys<\/strong><\/h2>\n<p>Vanden\u012f atstumiantis, auk\u0161\u010diausios kokyb\u0117s audinys \u2013 <strong>SIL\/SIL 20D silpoly.<br \/>\n<\/strong>Skirtingai nei <em data-start=\"360\" data-end=\"370\">silnylon<\/em><strong>, silpoly <\/strong>audinys <strong>ne\u012fgeria vandens ir nei\u0161sitempia su\u0161lap\u0119s.<\/strong><\/p>\n<h2><\/h2>\n<p>B\u016bna situacij\u0173 kai pavyzd\u017eiui lauke baisiai lyja ir u\u017e\u0117jo uraganas.<br \/>\nTentas gaudo v\u0117ja ir gali liestis su hamaku. Jei turi silnylon tent\u0105, jis prilietus perleid\u017eia dr\u0117gm\u0119 ir tavo hamakas gali su\u0161lapti. O dar silnylon su\u0161lap\u0119s i\u0161sitempia ir dar labiau gali liesti hamak\u0105.<\/p>\n<p>Yra dar variant\u0173 su SIL\/PU pavir\u0161ium, bet PU greitai susid\u0117vi, neatlaiko auk\u0161t\u0173 ir \u017eem\u0173 temperat\u016br\u0173, atsilupa. Visai nerekomenduoju.<\/p>\n<p>B\u016btent d\u0117l \u0161i\u0173 savybi\u0173 <strong data-start=\"982\" data-end=\"993\">silpoly<\/strong> audinys yra vienas <strong data-start=\"1013\" data-end=\"1072\">labiausiai vertinam\u0173 ir m\u0117gstam\u0173 tarp hamak\u0173 entuziast\u0173<\/strong> \u2013 jis lengvas, patvarus ir patikimas bet kokiomis oro s\u0105lygomis.<\/p>\n<h2>350 g 15&#215;7 cm \u2013 ne\u012ftik\u0117tinai ma\u017eas t\u016bris bei svoris<\/h2>\n<ul>\n<li><strong>350 gram\u0173<\/strong>, be kuoliuk\u0173 ir pakabinimo sistemos<\/li>\n<li><strong>15 x 7 cm\u00a0<\/strong>sulankstyto ir susukto dydis<\/li>\n<\/ul>\n<h2>360 x 300 cm Hexagon formos tentas, 6 pakabinimo ta\u0161kai<\/h2>\n<p>Universaliausia hamako tento forma. Veikia 95 proc. situacij\u0173. 5 proc. lieka kai lauke uraganas.<br \/>\n6 tvirtinimo ta\u0161kai su shockcord kilpomis, kurios padeda tolygiau \u012ftempti tent\u0105 ir saugo jei nety\u010dia u\u017elipi ant virv\u0117s.<\/p>\n<p><img decoding=\"async\" class=\" wp-image-5191 aligncenter\" src=\"https:\/\/needfortrees.lt\/wp-content\/uploads\/2024\/05\/20d-silpoly-hammock-tarp-300x164.jpg\" alt=\"20d silpoly tarp need for trees in winter\" width=\"766\" height=\"419\" srcset=\"https:\/\/needfortrees.lt\/wp-content\/uploads\/2024\/05\/20d-silpoly-hammock-tarp-300x164.jpg 300w, https:\/\/needfortrees.lt\/wp-content\/uploads\/2024\/05\/20d-silpoly-hammock-tarp-1024x559.jpg 1024w, https:\/\/needfortrees.lt\/wp-content\/uploads\/2024\/05\/20d-silpoly-hammock-tarp-768x419.jpg 768w, https:\/\/needfortrees.lt\/wp-content\/uploads\/2024\/05\/20d-silpoly-hammock-tarp-600x328.jpg 600w, https:\/\/needfortrees.lt\/wp-content\/uploads\/2024\/05\/20d-silpoly-hammock-tarp.jpg 1350w\" sizes=\"(max-width: 766px) 100vw, 766px\" \/><\/p>\n<h2>Knotless sistema su UHMWPE \u0161vies\u0105 atspindin\u010dia virve<\/h2>\n<p>Lengva pakabinimo sistema, leid\u017eia be vargo pakabinti tent\u0105.<br \/>\nUltralight UHMWPE virv\u0117 su at\u0161vaitais pad\u0117s nakt\u012f neu\u017ekli\u016bti u\u017e tento.<\/p>\n<h2>Tvarumas<\/h2>\n<p>Audinys tvirtas, po daugelio naudojimo atrodantis kaip naujas.<br \/>\nNorint i\u0161laikyti tent\u0105 kuo geresn\u0117s b\u016bkl\u0117s, reikia juo tinkamai r\u016bpintis <strong>\u2013<\/strong> visada i\u0161d\u017eiovinkite po naudojimo, nepalikite saul\u0117je, jei nenaudojate.<\/p>\n<h2>Titanini\u0173 kuoliuk\u0173 pasirinkimas<\/h2>\n<p>Galimas \u017eiemini\u0173\/vinies arba V formos titanini\u0173 kuoliuk\u0173 pasirinkimas.<br \/>\n\u0160ie kuoliukai yra stipresni, ma\u017eesnio svorio ir u\u017eima ma\u017eiau vietos.<\/p>\n<p><img decoding=\"async\" class=\"wp-image-4710 aligncenter\" src=\"https:\/\/needfortrees.lt\/wp-content\/uploads\/2024\/05\/nft-tarp-stakes-300x141.jpg\" alt=\"hammock tarp titanium stakes suspension \" width=\"766\" height=\"360\" srcset=\"https:\/\/needfortrees.lt\/wp-content\/uploads\/2024\/05\/nft-tarp-stakes-300x141.jpg 300w, https:\/\/needfortrees.lt\/wp-content\/uploads\/2024\/05\/nft-tarp-stakes-1024x480.jpg 1024w, https:\/\/needfortrees.lt\/wp-content\/uploads\/2024\/05\/nft-tarp-stakes-768x360.jpg 768w, https:\/\/needfortrees.lt\/wp-content\/uploads\/2024\/05\/nft-tarp-stakes-600x281.jpg 600w, https:\/\/needfortrees.lt\/wp-content\/uploads\/2024\/05\/nft-tarp-stakes.jpg 1080w\" sizes=\"(max-width: 766px) 100vw, 766px\" \/><\/p>\n<h2>Pagaminta rankomis, Lietuvoje<\/h2>\n<p>\u0160is tentas, kaip ir visi kiti <a href=\"https:\/\/needfortrees.lt\/about-us\/\">NFT<\/a> produktai, yra rank\u0173 darbo ir pagaminti Lietuvoje.<\/p>\n<h2>Tento naudojimas<\/h2>\n<p>Keli patarimai kaip taisyklingai pakabinti tent\u0105:<\/p>\n<ul>\n<li>Tent\u0105 statyk taip, kad v\u0117jas p\u016bst\u0173 \u012f sienas.<\/li>\n<li>Jei lauke stiprus v\u0117jas, tent\u0105 kabink kuo \u017eemiau, a\u0161tresniu kampu, taip labiau apsisaugosi nuo v\u0117jo.<\/li>\n<li>Svarbu yra gerai \u012ftempti tento ridgeline. Ridgeline turi b\u016bti tiesios linijos.<\/li>\n<li>Nepertempk kamp\u0173. \u012etempk tiek, kad b\u016bt\u0173 gerai \u012fsitemp\u0119, bet nelenkt\u0173 ridgeline linijos (galima minimaliai).<\/li>\n<li>Nori daugiau vietos po tentu \u2013 pailgink kamp\u0173 virv\u0119, tada tentas \u012fsitemps platesniu perimetru.<\/li>\n<li>Neb\u016btina virves tvirtinti prie \u017eem\u0117s, gali pasinaudoti aplinkiniais kr\u016bmais ar med\u017eiais.<\/li>\n<\/ul>\n<h2>Modifikacijos<\/h2>\n<p>Leisk i\u0161pildyt tavo norus.<br \/>\nJei turi \u012fd\u0117j\u0173 ar nor\u0117tum ka\u017ekaip kitaip papimpint savo tent\u0105 \u2013 <a href=\"https:\/\/needfortrees.lt\/contact\/\">susisiek su manimi.<\/a><\/p>\n<h3>Quick recap:<\/h3>\n<ul>\n<li>Med\u017eiaga \u2013 20D silpoly<\/li>\n<li>Tento forma \u2013 Hexagon<\/li>\n<li>Ilgis \u2013 360 cm<\/li>\n<li>Plotis \u2013 300 cm<\/li>\n<li>Svoris ~ 350 g<\/li>\n<li>T\u016bris &#8211; 15 x 7 cm<\/li>\n<\/ul>\n<p><img loading=\"lazy\" decoding=\"async\" class=\" wp-image-5195 aligncenter\" src=\"https:\/\/needfortrees.lt\/wp-content\/uploads\/2024\/05\/DSC02066-min-300x149.jpg\" alt=\"20D silpoly hexagon tarp 360 cm long ridgeline\" width=\"788\" height=\"391\" srcset=\"https:\/\/needfortrees.lt\/wp-content\/uploads\/2024\/05\/DSC02066-min-300x149.jpg 300w, https:\/\/needfortrees.lt\/wp-content\/uploads\/2024\/05\/DSC02066-min-1024x510.jpg 1024w, https:\/\/needfortrees.lt\/wp-content\/uploads\/2024\/05\/DSC02066-min-600x299.jpg 600w\" sizes=\"(max-width: 788px) 100vw, 788px\" \/><\/p>\n","protected":false},"excerpt":{"rendered":"<p><strong>Tentas yra itin didelis, lietui nepralaidus ir ne\u012ftik\u0117tinai lengvas. Gal net lengviausias tokio dyd\u017eio ir formos tentas rinkoje! <\/strong>Sukurtas specialiai <a href=\"https:\/\/needfortrees.lt\/product-category\/hamakai\/\">Need For Trees hamakams<\/a>.<\/p>\n<p>Ilgis \u2013 <strong>360 cm (12 ft)<\/strong><br \/>\nPlotis \u2013 <strong>300 cm (9.85 ft)<\/strong><br \/>\nSvoris ~ <strong>350 g (0.77 lbs)<\/strong><br \/>\nMed\u017eiaga \u2013 <strong>Silpoly<\/strong><\/p>\n<p>Ma\u017eiausias tento dydis, kai jis yra suspaustas ir susuktas, yra <strong>15 x 7 x 7 cm.<\/strong><\/p>\n<p>Detalesnis apra\u0161ymas \u017eemiau!<\/p>\n","protected":false},"featured_media":4718,"comment_status":"open","ping_status":"closed","template":"","meta":[],"product_brand":[],"product_cat":[32],"product_tag":[33],"class_list":{"0":"post-3232","1":"product","2":"type-product","3":"status-publish","4":"has-post-thumbnail","6":"product_cat-tentai","7":"product_tag-tentas","9":"first","10":"instock","11":"taxable","12":"shipping-taxable","13":"purchasable","14":"product-type-variable","15":"has-default-attributes"},"composite_virtual":false,"composite_layout":"","composite_add_to_cart_form_location":"","composite_editable_in_cart":false,"composite_sold_individually_context":"","composite_shop_price_calc":"","composite_components":[],"composite_scenarios":[],"yoast_head":"<!-- This site is optimized with the Yoast SEO plugin v26.3 - https:\/\/yoast.com\/wordpress\/plugins\/seo\/ -->\n<title>Tentas hamakui nuo lietaus, v\u0117jo ir saul\u0117s<\/title>\n<meta name=\"description\" content=\"Lengvas, tvirtas ir nepralaidus lietui NFT tentas hamakui. SilPoly nesugeria vandens, o unikali pakabinimo sistema u\u017etikrina patogum\u0105.\" \/>\n<meta name=\"robots\" content=\"index, follow, max-snippet:-1, max-image-preview:large, max-video-preview:-1\" \/>\n<link rel=\"canonical\" href=\"https:\/\/needfortrees.lt\/lt\/produktas\/tentas-hamakui\/\" \/>\n<meta property=\"og:locale\" content=\"lt_LT\" \/>\n<meta property=\"og:type\" content=\"article\" \/>\n<meta property=\"og:title\" content=\"Tentas hamakui nuo lietaus, v\u0117jo ir saul\u0117s\" \/>\n<meta property=\"og:description\" content=\"Lengvas, tvirtas ir nepralaidus lietui NFT tentas hamakui. SilPoly nesugeria vandens, o unikali pakabinimo sistema u\u017etikrina patogum\u0105.\" \/>\n<meta property=\"og:url\" content=\"https:\/\/needfortrees.lt\/lt\/produktas\/tentas-hamakui\/\" \/>\n<meta property=\"og:site_name\" content=\"NEED FOR TREES\" \/>\n<meta property=\"article:publisher\" content=\"https:\/\/www.facebook.com\/NeedForTrees\/\" \/>\n<meta property=\"article:modified_time\" content=\"2026-02-27T17:15:45+00:00\" \/>\n<meta property=\"og:image\" content=\"https:\/\/needfortrees.lt\/wp-content\/uploads\/2024\/05\/need-for-trees-shako-silpoly-hammock-tarp-2.jpg\" \/>\n\t<meta property=\"og:image:width\" content=\"1080\" \/>\n\t<meta property=\"og:image:height\" content=\"1620\" \/>\n\t<meta property=\"og:image:type\" content=\"image\/jpeg\" \/>\n<meta name=\"twitter:card\" content=\"summary_large_image\" \/>\n<meta name=\"twitter:label1\" content=\"Est. reading time\" \/>\n\t<meta name=\"twitter:data1\" content=\"3 minut\u0117s\" \/>\n<script type=\"application\/ld+json\" class=\"yoast-schema-graph\">{\"@context\":\"https:\/\/schema.org\",\"@graph\":[{\"@type\":\"WebPage\",\"@id\":\"https:\/\/needfortrees.lt\/lt\/produktas\/tentas-hamakui\/\",\"url\":\"https:\/\/needfortrees.lt\/lt\/produktas\/tentas-hamakui\/\",\"name\":\"Tentas hamakui nuo lietaus, v\u0117jo ir saul\u0117s\",\"isPartOf\":{\"@id\":\"https:\/\/needfortrees.lt\/#website\"},\"primaryImageOfPage\":{\"@id\":\"https:\/\/needfortrees.lt\/lt\/produktas\/tentas-hamakui\/#primaryimage\"},\"image\":{\"@id\":\"https:\/\/needfortrees.lt\/lt\/produktas\/tentas-hamakui\/#primaryimage\"},\"thumbnailUrl\":\"https:\/\/needfortrees.lt\/wp-content\/uploads\/2024\/05\/need-for-trees-shako-silpoly-hammock-tarp-2.jpg\",\"datePublished\":\"2024-05-23T07:15:53+00:00\",\"dateModified\":\"2026-02-27T17:15:45+00:00\",\"description\":\"Lengvas, tvirtas ir nepralaidus lietui NFT tentas hamakui. SilPoly nesugeria vandens, o unikali pakabinimo sistema u\u017etikrina patogum\u0105.\",\"breadcrumb\":{\"@id\":\"https:\/\/needfortrees.lt\/lt\/produktas\/tentas-hamakui\/#breadcrumb\"},\"inLanguage\":\"lt-LT\",\"potentialAction\":[{\"@type\":\"ReadAction\",\"target\":[\"https:\/\/needfortrees.lt\/lt\/produktas\/tentas-hamakui\/\"]}]},{\"@type\":\"ImageObject\",\"inLanguage\":\"lt-LT\",\"@id\":\"https:\/\/needfortrees.lt\/lt\/produktas\/tentas-hamakui\/#primaryimage\",\"url\":\"https:\/\/needfortrees.lt\/wp-content\/uploads\/2024\/05\/need-for-trees-shako-silpoly-hammock-tarp-2.jpg\",\"contentUrl\":\"https:\/\/needfortrees.lt\/wp-content\/uploads\/2024\/05\/need-for-trees-shako-silpoly-hammock-tarp-2.jpg\",\"width\":1080,\"height\":1620,\"caption\":\"need for trees shako silpoly hammock tarp\"},{\"@type\":\"BreadcrumbList\",\"@id\":\"https:\/\/needfortrees.lt\/lt\/produktas\/tentas-hamakui\/#breadcrumb\",\"itemListElement\":[{\"@type\":\"ListItem\",\"position\":1,\"name\":\"Home\",\"item\":\"https:\/\/needfortrees.lt\/\"},{\"@type\":\"ListItem\",\"position\":2,\"name\":\"Parduotuv\u0117\",\"item\":\"https:\/\/needfortrees.lt\/products\/\"},{\"@type\":\"ListItem\",\"position\":3,\"name\":\"Tentas \u201eShako\u201c\"}]},{\"@type\":\"WebSite\",\"@id\":\"https:\/\/needfortrees.lt\/#website\",\"url\":\"https:\/\/needfortrees.lt\/\",\"name\":\"NEED FOR TREES\",\"description\":\"High quality hammocks and camping equipment\",\"publisher\":{\"@id\":\"https:\/\/needfortrees.lt\/#organization\"},\"potentialAction\":[{\"@type\":\"SearchAction\",\"target\":{\"@type\":\"EntryPoint\",\"urlTemplate\":\"https:\/\/needfortrees.lt\/?s={search_term_string}\"},\"query-input\":{\"@type\":\"PropertyValueSpecification\",\"valueRequired\":true,\"valueName\":\"search_term_string\"}}],\"inLanguage\":\"lt-LT\"},{\"@type\":\"Organization\",\"@id\":\"https:\/\/needfortrees.lt\/#organization\",\"name\":\"NEED FOR TREES\",\"url\":\"https:\/\/needfortrees.lt\/\",\"logo\":{\"@type\":\"ImageObject\",\"inLanguage\":\"lt-LT\",\"@id\":\"https:\/\/needfortrees.lt\/#\/schema\/logo\/image\/\",\"url\":\"https:\/\/needfortrees.lt\/wp-content\/uploads\/2025\/11\/MAIN-GRAPHIT.svg\",\"contentUrl\":\"https:\/\/needfortrees.lt\/wp-content\/uploads\/2025\/11\/MAIN-GRAPHIT.svg\",\"width\":993,\"height\":440,\"caption\":\"NEED FOR TREES\"},\"image\":{\"@id\":\"https:\/\/needfortrees.lt\/#\/schema\/logo\/image\/\"},\"sameAs\":[\"https:\/\/www.facebook.com\/NeedForTrees\/\",\"https:\/\/www.instagram.com\/need.for.trees\/\"]}]}<\/script>\n<!-- \/ Yoast SEO plugin. -->","yoast_head_json":{"title":"Tentas hamakui nuo lietaus, v\u0117jo ir saul\u0117s","description":"Lengvas, tvirtas ir nepralaidus lietui NFT tentas hamakui. SilPoly nesugeria vandens, o unikali pakabinimo sistema u\u017etikrina patogum\u0105.","robots":{"index":"index","follow":"follow","max-snippet":"max-snippet:-1","max-image-preview":"max-image-preview:large","max-video-preview":"max-video-preview:-1"},"canonical":"https:\/\/needfortrees.lt\/lt\/produktas\/tentas-hamakui\/","og_locale":"lt_LT","og_type":"article","og_title":"Tentas hamakui nuo lietaus, v\u0117jo ir saul\u0117s","og_description":"Lengvas, tvirtas ir nepralaidus lietui NFT tentas hamakui. SilPoly nesugeria vandens, o unikali pakabinimo sistema u\u017etikrina patogum\u0105.","og_url":"https:\/\/needfortrees.lt\/lt\/produktas\/tentas-hamakui\/","og_site_name":"NEED FOR TREES","article_publisher":"https:\/\/www.facebook.com\/NeedForTrees\/","article_modified_time":"2026-02-27T17:15:45+00:00","og_image":[{"width":1080,"height":1620,"url":"https:\/\/needfortrees.lt\/wp-content\/uploads\/2024\/05\/need-for-trees-shako-silpoly-hammock-tarp-2.jpg","type":"image\/jpeg"}],"twitter_card":"summary_large_image","twitter_misc":{"Est. reading time":"3 minut\u0117s"},"schema":{"@context":"https:\/\/schema.org","@graph":[{"@type":"WebPage","@id":"https:\/\/needfortrees.lt\/lt\/produktas\/tentas-hamakui\/","url":"https:\/\/needfortrees.lt\/lt\/produktas\/tentas-hamakui\/","name":"Tentas hamakui nuo lietaus, v\u0117jo ir saul\u0117s","isPartOf":{"@id":"https:\/\/needfortrees.lt\/#website"},"primaryImageOfPage":{"@id":"https:\/\/needfortrees.lt\/lt\/produktas\/tentas-hamakui\/#primaryimage"},"image":{"@id":"https:\/\/needfortrees.lt\/lt\/produktas\/tentas-hamakui\/#primaryimage"},"thumbnailUrl":"https:\/\/needfortrees.lt\/wp-content\/uploads\/2024\/05\/need-for-trees-shako-silpoly-hammock-tarp-2.jpg","datePublished":"2024-05-23T07:15:53+00:00","dateModified":"2026-02-27T17:15:45+00:00","description":"Lengvas, tvirtas ir nepralaidus lietui NFT tentas hamakui. SilPoly nesugeria vandens, o unikali pakabinimo sistema u\u017etikrina patogum\u0105.","breadcrumb":{"@id":"https:\/\/needfortrees.lt\/lt\/produktas\/tentas-hamakui\/#breadcrumb"},"inLanguage":"lt-LT","potentialAction":[{"@type":"ReadAction","target":["https:\/\/needfortrees.lt\/lt\/produktas\/tentas-hamakui\/"]}]},{"@type":"ImageObject","inLanguage":"lt-LT","@id":"https:\/\/needfortrees.lt\/lt\/produktas\/tentas-hamakui\/#primaryimage","url":"https:\/\/needfortrees.lt\/wp-content\/uploads\/2024\/05\/need-for-trees-shako-silpoly-hammock-tarp-2.jpg","contentUrl":"https:\/\/needfortrees.lt\/wp-content\/uploads\/2024\/05\/need-for-trees-shako-silpoly-hammock-tarp-2.jpg","width":1080,"height":1620,"caption":"need for trees shako silpoly hammock tarp"},{"@type":"BreadcrumbList","@id":"https:\/\/needfortrees.lt\/lt\/produktas\/tentas-hamakui\/#breadcrumb","itemListElement":[{"@type":"ListItem","position":1,"name":"Home","item":"https:\/\/needfortrees.lt\/"},{"@type":"ListItem","position":2,"name":"Parduotuv\u0117","item":"https:\/\/needfortrees.lt\/products\/"},{"@type":"ListItem","position":3,"name":"Tentas \u201eShako\u201c"}]},{"@type":"WebSite","@id":"https:\/\/needfortrees.lt\/#website","url":"https:\/\/needfortrees.lt\/","name":"NEED FOR TREES","description":"High quality hammocks and camping equipment","publisher":{"@id":"https:\/\/needfortrees.lt\/#organization"},"potentialAction":[{"@type":"SearchAction","target":{"@type":"EntryPoint","urlTemplate":"https:\/\/needfortrees.lt\/?s={search_term_string}"},"query-input":{"@type":"PropertyValueSpecification","valueRequired":true,"valueName":"search_term_string"}}],"inLanguage":"lt-LT"},{"@type":"Organization","@id":"https:\/\/needfortrees.lt\/#organization","name":"NEED FOR TREES","url":"https:\/\/needfortrees.lt\/","logo":{"@type":"ImageObject","inLanguage":"lt-LT","@id":"https:\/\/needfortrees.lt\/#\/schema\/logo\/image\/","url":"https:\/\/needfortrees.lt\/wp-content\/uploads\/2025\/11\/MAIN-GRAPHIT.svg","contentUrl":"https:\/\/needfortrees.lt\/wp-content\/uploads\/2025\/11\/MAIN-GRAPHIT.svg","width":993,"height":440,"caption":"NEED FOR TREES"},"image":{"@id":"https:\/\/needfortrees.lt\/#\/schema\/logo\/image\/"},"sameAs":["https:\/\/www.facebook.com\/NeedForTrees\/","https:\/\/www.instagram.com\/need.for.trees\/"]}]}},"jetpack_sharing_enabled":true,"_links":{"self":[{"href":"https:\/\/needfortrees.lt\/lt\/wp-json\/wp\/v2\/product\/3232","targetHints":{"allow":["GET"]}}],"collection":[{"href":"https:\/\/needfortrees.lt\/lt\/wp-json\/wp\/v2\/product"}],"about":[{"href":"https:\/\/needfortrees.lt\/lt\/wp-json\/wp\/v2\/types\/product"}],"replies":[{"embeddable":true,"href":"https:\/\/needfortrees.lt\/lt\/wp-json\/wp\/v2\/comments?post=3232"}],"wp:featuredmedia":[{"embeddable":true,"href":"https:\/\/needfortrees.lt\/lt\/wp-json\/wp\/v2\/media\/4718"}],"wp:attachment":[{"href":"https:\/\/needfortrees.lt\/lt\/wp-json\/wp\/v2\/media?parent=3232"}],"wp:term":[{"taxonomy":"product_brand","embeddable":true,"href":"https:\/\/needfortrees.lt\/lt\/wp-json\/wp\/v2\/product_brand?post=3232"},{"taxonomy":"product_cat","embeddable":true,"href":"https:\/\/needfortrees.lt\/lt\/wp-json\/wp\/v2\/product_cat?post=3232"},{"taxonomy":"product_tag","embeddable":true,"href":"https:\/\/needfortrees.lt\/lt\/wp-json\/wp\/v2\/product_tag?post=3232"}],"curies":[{"name":"wp","href":"https:\/\/api.w.org\/{rel}","templated":true}]}}