{"id":3340,"date":"2024-06-09T16:59:09","date_gmt":"2024-06-09T16:59:09","guid":{"rendered":"https:\/\/needfortrees.lt\/?post_type=product&#038;p=3340"},"modified":"2025-02-22T16:57:10","modified_gmt":"2025-02-22T16:57:10","slug":"siknuosparne-snaps","status":"publish","type":"product","link":"https:\/\/needfortrees.lt\/lt\/produktas\/siknuosparne-snaps\/","title":{"rendered":"Tento papildymas \u201e\u0160iknuosparne snaps\u201c"},"content":{"rendered":"<p>Tento priedas, kuris apsaugos tave nuo v\u0117jo ar lietaus ir suteiks papildomos vietos saugoti daiktams.<\/p>\n<p>Savyb\u0117s:<br \/>\n\u2022 Med\u017eiaga \u2013 Ultralight Silnylon, lietui nepralaidi<br \/>\n\u2022 Svoris ~ 70 g<br \/>\n\u2022 Turim\u0105 hamak\u0105 gali prailginti i\u0161 vienos pus\u0117s ~ 35 cm<\/p>\n<p><strong>Norint u\u017edengti abu tento galus, reik\u0117t\u0173 \u012fsigyti 2 \u201e\u0160iknuosparne sapnus\u201c.\u00a0<\/strong><\/p>\n","protected":false},"excerpt":{"rendered":"<p>Priedas, i\u0161 tento padarantis tikr\u0105 palapin\u0119 ore.<\/p>\n<p>Jis apsaugos tave nuo v\u0117jo ar lietaus ir suteiks papildomos vietos saugoti daiktams. \u201e\u0160iknuosparne snaps\u201c taip pat gali 35 cm prailginti turim\u0105 tent\u0105. Taip pat puikus pasirinkimas, jei turimas tentas yra \u0161iek tiek trumpas hamakui.<\/p>\n<p><strong>Norint u\u017edengti abu tento galus, reik\u0117t\u0173 \u012fsigyti 2 \u201e\u0160iknuosparne sapnus\u201c.\u00a0<\/strong><\/p>\n","protected":false},"featured_media":3343,"comment_status":"open","ping_status":"closed","template":"","meta":[],"product_brand":[],"product_cat":[32],"product_tag":[33],"class_list":{"0":"post-3340","1":"product","2":"type-product","3":"status-publish","4":"has-post-thumbnail","6":"product_cat-tentai","7":"product_tag-tentas","9":"first","10":"outofstock","11":"taxable","12":"shipping-taxable","13":"purchasable","14":"product-type-variable"},"composite_virtual":false,"composite_layout":"","composite_add_to_cart_form_location":"","composite_editable_in_cart":false,"composite_sold_individually_context":"","composite_shop_price_calc":"","composite_components":[],"composite_scenarios":[],"yoast_head":"<!-- This site is optimized with the Yoast SEO plugin v26.3 - https:\/\/yoast.com\/wordpress\/plugins\/seo\/ -->\n<title>Tento papildymas \u201e\u0160iknuosparne snaps\u201c - NEED FOR TREES<\/title>\n<meta name=\"robots\" content=\"index, follow, max-snippet:-1, max-image-preview:large, max-video-preview:-1\" \/>\n<link rel=\"canonical\" href=\"https:\/\/needfortrees.lt\/produktas\/siknuosparne-snaps\/\" \/>\n<meta property=\"og:locale\" content=\"lt_LT\" \/>\n<meta property=\"og:type\" content=\"article\" \/>\n<meta property=\"og:title\" content=\"Tento papildymas \u201e\u0160iknuosparne snaps\u201c - NEED FOR TREES\" \/>\n<meta property=\"og:description\" content=\"Priedas, i\u0161 tento padarantis tikr\u0105 palapin\u0119 ore.  Jis apsaugos tave nuo v\u0117jo ar lietaus ir suteiks papildomos vietos saugoti daiktams. \u201e\u0160iknuosparne snaps\u201c taip pat gali 35 cm prailginti turim\u0105 tent\u0105. Taip pat puikus pasirinkimas, jei turimas tentas yra \u0161iek tiek trumpas hamakui.  Norint u\u017edengti abu tento galus, reik\u0117t\u0173 \u012fsigyti 2 \u201e\u0160iknuosparne sapnus\u201c.\u00a0\" \/>\n<meta property=\"og:url\" content=\"https:\/\/needfortrees.lt\/produktas\/siknuosparne-snaps\/\" \/>\n<meta property=\"og:site_name\" content=\"NEED FOR TREES\" \/>\n<meta property=\"article:publisher\" content=\"https:\/\/www.facebook.com\/NeedForTrees\/\" \/>\n<meta property=\"article:modified_time\" content=\"2025-02-22T16:57:10+00:00\" \/>\n<meta property=\"og:image\" content=\"https:\/\/needfortrees.lt\/wp-content\/uploads\/2024\/06\/DSC08969-min.jpg\" \/>\n\t<meta property=\"og:image:width\" content=\"1080\" \/>\n\t<meta property=\"og:image:height\" content=\"1620\" \/>\n\t<meta property=\"og:image:type\" content=\"image\/jpeg\" \/>\n<meta name=\"twitter:card\" content=\"summary_large_image\" \/>\n<script type=\"application\/ld+json\" class=\"yoast-schema-graph\">{\"@context\":\"https:\/\/schema.org\",\"@graph\":[{\"@type\":\"WebPage\",\"@id\":\"https:\/\/needfortrees.lt\/produktas\/siknuosparne-snaps\/\",\"url\":\"https:\/\/needfortrees.lt\/produktas\/siknuosparne-snaps\/\",\"name\":\"Tento papildymas \u201e\u0160iknuosparne snaps\u201c - NEED FOR TREES\",\"isPartOf\":{\"@id\":\"https:\/\/needfortrees.lt\/#website\"},\"primaryImageOfPage\":{\"@id\":\"https:\/\/needfortrees.lt\/produktas\/siknuosparne-snaps\/#primaryimage\"},\"image\":{\"@id\":\"https:\/\/needfortrees.lt\/produktas\/siknuosparne-snaps\/#primaryimage\"},\"thumbnailUrl\":\"https:\/\/needfortrees.lt\/wp-content\/uploads\/2024\/06\/DSC08969-min.jpg\",\"datePublished\":\"2024-06-09T16:59:09+00:00\",\"dateModified\":\"2025-02-22T16:57:10+00:00\",\"breadcrumb\":{\"@id\":\"https:\/\/needfortrees.lt\/produktas\/siknuosparne-snaps\/#breadcrumb\"},\"inLanguage\":\"lt-LT\",\"potentialAction\":[{\"@type\":\"ReadAction\",\"target\":[\"https:\/\/needfortrees.lt\/produktas\/siknuosparne-snaps\/\"]}]},{\"@type\":\"ImageObject\",\"inLanguage\":\"lt-LT\",\"@id\":\"https:\/\/needfortrees.lt\/produktas\/siknuosparne-snaps\/#primaryimage\",\"url\":\"https:\/\/needfortrees.lt\/wp-content\/uploads\/2024\/06\/DSC08969-min.jpg\",\"contentUrl\":\"https:\/\/needfortrees.lt\/wp-content\/uploads\/2024\/06\/DSC08969-min.jpg\",\"width\":1080,\"height\":1620,\"caption\":\"Hamako tento papildymas nuo lietaus, v\u0117jo ar sniego, pakabintas vasaros mi\u0161ke\"},{\"@type\":\"BreadcrumbList\",\"@id\":\"https:\/\/needfortrees.lt\/produktas\/siknuosparne-snaps\/#breadcrumb\",\"itemListElement\":[{\"@type\":\"ListItem\",\"position\":1,\"name\":\"Home\",\"item\":\"https:\/\/needfortrees.lt\/lt\/\"},{\"@type\":\"ListItem\",\"position\":2,\"name\":\"Parduotuv\u0117\",\"item\":\"https:\/\/needfortrees.lt\/products\/\"},{\"@type\":\"ListItem\",\"position\":3,\"name\":\"Tento papildymas \u201e\u0160iknuosparne snaps\u201c\"}]},{\"@type\":\"WebSite\",\"@id\":\"https:\/\/needfortrees.lt\/#website\",\"url\":\"https:\/\/needfortrees.lt\/\",\"name\":\"NEED FOR TREES\",\"description\":\"High quality hammocks and camping equipment\",\"publisher\":{\"@id\":\"https:\/\/needfortrees.lt\/#organization\"},\"potentialAction\":[{\"@type\":\"SearchAction\",\"target\":{\"@type\":\"EntryPoint\",\"urlTemplate\":\"https:\/\/needfortrees.lt\/?s={search_term_string}\"},\"query-input\":{\"@type\":\"PropertyValueSpecification\",\"valueRequired\":true,\"valueName\":\"search_term_string\"}}],\"inLanguage\":\"lt-LT\"},{\"@type\":\"Organization\",\"@id\":\"https:\/\/needfortrees.lt\/#organization\",\"name\":\"NEED FOR TREES\",\"url\":\"https:\/\/needfortrees.lt\/\",\"logo\":{\"@type\":\"ImageObject\",\"inLanguage\":\"lt-LT\",\"@id\":\"https:\/\/needfortrees.lt\/#\/schema\/logo\/image\/\",\"url\":\"https:\/\/needfortrees.lt\/wp-content\/uploads\/2025\/11\/MAIN-GRAPHIT.svg\",\"contentUrl\":\"https:\/\/needfortrees.lt\/wp-content\/uploads\/2025\/11\/MAIN-GRAPHIT.svg\",\"width\":993,\"height\":440,\"caption\":\"NEED FOR TREES\"},\"image\":{\"@id\":\"https:\/\/needfortrees.lt\/#\/schema\/logo\/image\/\"},\"sameAs\":[\"https:\/\/www.facebook.com\/NeedForTrees\/\",\"https:\/\/www.instagram.com\/need.for.trees\/\"]}]}<\/script>\n<!-- \/ Yoast SEO plugin. -->","yoast_head_json":{"title":"Tento papildymas \u201e\u0160iknuosparne snaps\u201c - NEED FOR TREES","robots":{"index":"index","follow":"follow","max-snippet":"max-snippet:-1","max-image-preview":"max-image-preview:large","max-video-preview":"max-video-preview:-1"},"canonical":"https:\/\/needfortrees.lt\/produktas\/siknuosparne-snaps\/","og_locale":"lt_LT","og_type":"article","og_title":"Tento papildymas \u201e\u0160iknuosparne snaps\u201c - NEED FOR TREES","og_description":"Priedas, i\u0161 tento padarantis tikr\u0105 palapin\u0119 ore.  Jis apsaugos tave nuo v\u0117jo ar lietaus ir suteiks papildomos vietos saugoti daiktams. \u201e\u0160iknuosparne snaps\u201c taip pat gali 35 cm prailginti turim\u0105 tent\u0105. Taip pat puikus pasirinkimas, jei turimas tentas yra \u0161iek tiek trumpas hamakui.  Norint u\u017edengti abu tento galus, reik\u0117t\u0173 \u012fsigyti 2 \u201e\u0160iknuosparne sapnus\u201c.\u00a0","og_url":"https:\/\/needfortrees.lt\/produktas\/siknuosparne-snaps\/","og_site_name":"NEED FOR TREES","article_publisher":"https:\/\/www.facebook.com\/NeedForTrees\/","article_modified_time":"2025-02-22T16:57:10+00:00","og_image":[{"width":1080,"height":1620,"url":"https:\/\/needfortrees.lt\/wp-content\/uploads\/2024\/06\/DSC08969-min.jpg","type":"image\/jpeg"}],"twitter_card":"summary_large_image","schema":{"@context":"https:\/\/schema.org","@graph":[{"@type":"WebPage","@id":"https:\/\/needfortrees.lt\/produktas\/siknuosparne-snaps\/","url":"https:\/\/needfortrees.lt\/produktas\/siknuosparne-snaps\/","name":"Tento papildymas \u201e\u0160iknuosparne snaps\u201c - NEED FOR TREES","isPartOf":{"@id":"https:\/\/needfortrees.lt\/#website"},"primaryImageOfPage":{"@id":"https:\/\/needfortrees.lt\/produktas\/siknuosparne-snaps\/#primaryimage"},"image":{"@id":"https:\/\/needfortrees.lt\/produktas\/siknuosparne-snaps\/#primaryimage"},"thumbnailUrl":"https:\/\/needfortrees.lt\/wp-content\/uploads\/2024\/06\/DSC08969-min.jpg","datePublished":"2024-06-09T16:59:09+00:00","dateModified":"2025-02-22T16:57:10+00:00","breadcrumb":{"@id":"https:\/\/needfortrees.lt\/produktas\/siknuosparne-snaps\/#breadcrumb"},"inLanguage":"lt-LT","potentialAction":[{"@type":"ReadAction","target":["https:\/\/needfortrees.lt\/produktas\/siknuosparne-snaps\/"]}]},{"@type":"ImageObject","inLanguage":"lt-LT","@id":"https:\/\/needfortrees.lt\/produktas\/siknuosparne-snaps\/#primaryimage","url":"https:\/\/needfortrees.lt\/wp-content\/uploads\/2024\/06\/DSC08969-min.jpg","contentUrl":"https:\/\/needfortrees.lt\/wp-content\/uploads\/2024\/06\/DSC08969-min.jpg","width":1080,"height":1620,"caption":"Hamako tento papildymas nuo lietaus, v\u0117jo ar sniego, pakabintas vasaros mi\u0161ke"},{"@type":"BreadcrumbList","@id":"https:\/\/needfortrees.lt\/produktas\/siknuosparne-snaps\/#breadcrumb","itemListElement":[{"@type":"ListItem","position":1,"name":"Home","item":"https:\/\/needfortrees.lt\/lt\/"},{"@type":"ListItem","position":2,"name":"Parduotuv\u0117","item":"https:\/\/needfortrees.lt\/products\/"},{"@type":"ListItem","position":3,"name":"Tento papildymas \u201e\u0160iknuosparne snaps\u201c"}]},{"@type":"WebSite","@id":"https:\/\/needfortrees.lt\/#website","url":"https:\/\/needfortrees.lt\/","name":"NEED FOR TREES","description":"High quality hammocks and camping equipment","publisher":{"@id":"https:\/\/needfortrees.lt\/#organization"},"potentialAction":[{"@type":"SearchAction","target":{"@type":"EntryPoint","urlTemplate":"https:\/\/needfortrees.lt\/?s={search_term_string}"},"query-input":{"@type":"PropertyValueSpecification","valueRequired":true,"valueName":"search_term_string"}}],"inLanguage":"lt-LT"},{"@type":"Organization","@id":"https:\/\/needfortrees.lt\/#organization","name":"NEED FOR TREES","url":"https:\/\/needfortrees.lt\/","logo":{"@type":"ImageObject","inLanguage":"lt-LT","@id":"https:\/\/needfortrees.lt\/#\/schema\/logo\/image\/","url":"https:\/\/needfortrees.lt\/wp-content\/uploads\/2025\/11\/MAIN-GRAPHIT.svg","contentUrl":"https:\/\/needfortrees.lt\/wp-content\/uploads\/2025\/11\/MAIN-GRAPHIT.svg","width":993,"height":440,"caption":"NEED FOR TREES"},"image":{"@id":"https:\/\/needfortrees.lt\/#\/schema\/logo\/image\/"},"sameAs":["https:\/\/www.facebook.com\/NeedForTrees\/","https:\/\/www.instagram.com\/need.for.trees\/"]}]}},"jetpack_sharing_enabled":true,"_links":{"self":[{"href":"https:\/\/needfortrees.lt\/lt\/wp-json\/wp\/v2\/product\/3340","targetHints":{"allow":["GET"]}}],"collection":[{"href":"https:\/\/needfortrees.lt\/lt\/wp-json\/wp\/v2\/product"}],"about":[{"href":"https:\/\/needfortrees.lt\/lt\/wp-json\/wp\/v2\/types\/product"}],"replies":[{"embeddable":true,"href":"https:\/\/needfortrees.lt\/lt\/wp-json\/wp\/v2\/comments?post=3340"}],"wp:featuredmedia":[{"embeddable":true,"href":"https:\/\/needfortrees.lt\/lt\/wp-json\/wp\/v2\/media\/3343"}],"wp:attachment":[{"href":"https:\/\/needfortrees.lt\/lt\/wp-json\/wp\/v2\/media?parent=3340"}],"wp:term":[{"taxonomy":"product_brand","embeddable":true,"href":"https:\/\/needfortrees.lt\/lt\/wp-json\/wp\/v2\/product_brand?post=3340"},{"taxonomy":"product_cat","embeddable":true,"href":"https:\/\/needfortrees.lt\/lt\/wp-json\/wp\/v2\/product_cat?post=3340"},{"taxonomy":"product_tag","embeddable":true,"href":"https:\/\/needfortrees.lt\/lt\/wp-json\/wp\/v2\/product_tag?post=3340"}],"curies":[{"name":"wp","href":"https:\/\/api.w.org\/{rel}","templated":true}]}}