{"id":3603,"date":"2024-08-23T15:50:50","date_gmt":"2024-08-23T15:50:50","guid":{"rendered":"https:\/\/needfortrees.lt\/?post_type=product&#038;p=3603"},"modified":"2026-02-27T15:10:04","modified_gmt":"2026-02-27T15:10:04","slug":"hamakas-voratynklis-su-integruotu-tinkleliu","status":"publish","type":"product","link":"https:\/\/needfortrees.lt\/lt\/produktas\/hamakas-voratynklis-su-integruotu-tinkleliu\/","title":{"rendered":"Ultralight hamakas su integruotu tinkleliu \u201eVoratynklis\u201c"},"content":{"rendered":"<h1><span style=\"color: #333333;\">Ultralight turistinis hamakas su integruotu tinkleliu \u201eVoratynklis\u201c<\/span><\/h1>\n<h2>Kada verta rinktis hamak\u0105 su tinkleliu \u201eVoratynklis?\u201c<\/h2>\n<p><span style=\"font-weight: 400;\">\u0160is <span style=\"color: #333333;\">ultralight<\/span> hamakas yra skirtas labiau ne kasdieniam naudojimui, o rimtiems \u017eygiams, ekspedicijoms, kur kiekvienas gramas yra <span style=\"color: #333333;\">suskai\u010diuotas<\/span>. \u0160is hamakas, manau, \u0161iuo metu yra lengviausias tokio tipo (su integruotu tinkleliu, vieno u\u017etrauktuko) hamakas rinkoje \u2013 jo svoris <\/span><b>tik<\/b> <b>320 gramai<\/b> (+ hamako mai\u0161elis 12 g)<b>!<\/b><\/p>\n<p><span style=\"font-weight: 400;\">Hamakas turi integruot\u0105 tinklel\u012f nuo <\/span><span style=\"font-weight: 400;\">vabzd\u017ei\u0173<\/span><span style=\"font-weight: 400;\">, vien\u0105 2 metr\u0173 u\u017etrauktuk\u0105 (siekiant minimalaus svorio), ultralight pakabinimo kilpas, ultralight ridgeline, ki\u0161en\u0117l\u0119 ant rigdeline daiktams susid\u0117ti.<\/span><\/p>\n<p><b><span style=\"color: #ff0000;\">SVARBU:<\/span> <\/b><span style=\"text-decoration: underline;\"><span style=\"font-weight: 400;\">nekabink \u0161io hamako tarp a\u0161tri\u0173 med\u017ei\u0173 \u0161ak\u0173<\/span><\/span><span style=\"font-weight: 400;\"><span style=\"text-decoration: underline;\">,<\/span> nes med\u017eiaga labai plona, tad gali greitai ply\u0161ti, ir <\/span><span style=\"text-decoration: underline;\"><span style=\"font-weight: 400;\">nekabink hamako pavojingose vietose<\/span><\/span><span style=\"font-weight: 400;\"> (vir\u0161 up\u0117s, ant skard\u017eio, vir\u0161 akmen\u0173), nes audinio plonumas negarantuoja auk\u0161\u010diausios apsaugos. Taip yra d\u0117l to, nes besirinkdamas ultralengvus daiktus, turi k\u0105 nors paaukoti. Ir tai da\u017eniausiai yra patvarumas.\u00a0<\/span><\/p>\n<p><span style=\"font-weight: 400;\">Jeigu tavo kelion\u0117se ar tiesiog poilsiaujant n\u0117ra svarb\u016bs kuprin\u0117s gramai, si\u016blau \u012fsigyti hamak\u0105 <strong><span style=\"color: #ff9900;\"><a style=\"color: #ff9900;\" href=\"https:\/\/needfortrees.lt\/produktas\/hamakas-su-pilnai-nusiimanciu-tinkleliu\/\">\u201eGilis\u201c.<\/a><\/span><\/strong><\/span><\/p>\n<p><strong>Savyb\u0117s:<\/strong><br \/>\n<span style=\"font-weight: 400;\">\u2022 Dyneema\u00ae ridge line<\/span><span style=\"font-weight: 400;\"><br \/>\n<\/span><span style=\"font-weight: 400;\">\u2022 Dyneema\u00ae continuous loop<\/span><span style=\"font-weight: 400;\"><br \/>\n<\/span><span style=\"font-weight: 400;\">\u2022 Spalva \u2013 melsva<\/span><span style=\"font-weight: 400;\"><br \/>\n<\/span><span style=\"font-weight: 400;\">\u2022 Med\u017eiaga \u2013 auk\u0161\u010diausios klas\u0117s Nylon Monofilament (permatoma)<\/span><span style=\"font-weight: 400;\"><br \/>\n<\/span><span style=\"font-weight: 400;\">\u2022 Ilgis \u2013 355 cm<\/span><span style=\"font-weight: 400;\"><br \/>\n<\/span><span style=\"font-weight: 400;\">\u2022 Svoris \u2013 320 g (+ hamako mai\u0161elis 12 g)<\/span><span style=\"font-weight: 400;\"><br \/>\n<\/span><span style=\"font-weight: 400;\">\u2022 I\u0161laiko iki 90 kg (saugus limitas), ta\u010diau yra atlikt\u0173 bandym\u0173, kad hamakas i\u0161laiko net 400 kg<\/span><\/p>\n<p><b>Virv\u0117s n\u0117ra hamako dalis. <\/b><span style=\"font-weight: 400;\">Virves hamakui gali \u012fsigyti <a href=\"https:\/\/needfortrees.lt\/product\/virves-hamakui\/\"><strong><span style=\"color: #ff9900;\">\u010dia<\/span><\/strong><\/a>.<\/span><\/p>\n<h3><span style=\"color: #333333;\">Kaip pasikabinti hamak\u0105, gali rasti mano Youtube kanale, spausk<\/span> <strong><span style=\"color: #ff9900;\"><a style=\"color: #ff9900;\" href=\"https:\/\/www.youtube.com\/watch?v=V0MlEX3qaIg\">\u010dia<\/a><\/span><\/strong>.<\/h3>\n","protected":false},"excerpt":{"rendered":"<p><strong>Pati lengviausia NFT hamako su integruotu tinkleliu nuo uod\u0173 versija!\u00a0<\/strong><\/p>\n<p>Hamako <strong>ilgis net 355 cm, <\/strong>o <strong>svoris \u2013 ne\u012ftik\u0117tini 320 g <\/strong>(plius hamako mai\u0161elis 12 g)<strong>! <\/strong>Detalesnis apra\u0161ymas \u017eemiau!<\/p>\n<p><strong>Virv\u0117s n\u0117ra hamako dalis. <\/strong>Virves hamakui gali \u012fsigyti \u010dia:\u00a0<span style=\"color: #ff9900;\"><a style=\"color: #ff9900;\" href=\"https:\/\/needfortrees.lt\/product\/virves-hamakui\/\">https:\/\/needfortrees.lt\/product\/virves-hamakui\/<\/a><\/span><\/p>\n","protected":false},"featured_media":3604,"comment_status":"open","ping_status":"closed","template":"","meta":[],"product_brand":[],"product_cat":[29],"product_tag":[],"class_list":{"0":"post-3603","1":"product","2":"type-product","3":"status-publish","4":"has-post-thumbnail","6":"product_cat-hamakai","8":"first","9":"instock","10":"taxable","11":"shipping-taxable","12":"purchasable","13":"product-type-simple"},"composite_virtual":false,"composite_layout":"","composite_add_to_cart_form_location":"","composite_editable_in_cart":false,"composite_sold_individually_context":"","composite_shop_price_calc":"","composite_components":[],"composite_scenarios":[],"yoast_head":"<!-- This site is optimized with the Yoast SEO plugin v26.3 - https:\/\/yoast.com\/wordpress\/plugins\/seo\/ -->\n<title>Ultralight hamakas su integruotu tinkleliu nuo uod\u0173 \u201eVoratynklis\u201c<\/title>\n<meta name=\"description\" content=\"Ultralight (320 g) hamakas su integruotu tinkleliu. Puikiai tinka ekspedicijoms, kur svarbus kiekvienas gramas. Lengvas, kompakti\u0161kas ir patogus!\" \/>\n<meta name=\"robots\" content=\"index, follow, max-snippet:-1, max-image-preview:large, max-video-preview:-1\" \/>\n<link rel=\"canonical\" href=\"https:\/\/needfortrees.lt\/lt\/produktas\/hamakas-voratynklis-su-integruotu-tinkleliu\/\" \/>\n<meta property=\"og:locale\" content=\"lt_LT\" \/>\n<meta property=\"og:type\" content=\"article\" \/>\n<meta property=\"og:title\" content=\"Ultralight hamakas su integruotu tinkleliu nuo uod\u0173 \u201eVoratynklis\u201c\" \/>\n<meta property=\"og:description\" content=\"Ultralight (320 g) hamakas su integruotu tinkleliu. Puikiai tinka ekspedicijoms, kur svarbus kiekvienas gramas. Lengvas, kompakti\u0161kas ir patogus!\" \/>\n<meta property=\"og:url\" content=\"https:\/\/needfortrees.lt\/lt\/produktas\/hamakas-voratynklis-su-integruotu-tinkleliu\/\" \/>\n<meta property=\"og:site_name\" content=\"NEED FOR TREES\" \/>\n<meta property=\"article:publisher\" content=\"https:\/\/www.facebook.com\/NeedForTrees\/\" \/>\n<meta property=\"article:modified_time\" content=\"2026-02-27T15:10:04+00:00\" \/>\n<meta property=\"og:image\" content=\"https:\/\/needfortrees.lt\/wp-content\/uploads\/2024\/08\/DSC01198-scaled.jpg\" \/>\n\t<meta property=\"og:image:width\" content=\"1707\" \/>\n\t<meta property=\"og:image:height\" content=\"2560\" \/>\n\t<meta property=\"og:image:type\" content=\"image\/jpeg\" \/>\n<meta name=\"twitter:card\" content=\"summary_large_image\" \/>\n<meta name=\"twitter:label1\" content=\"Est. reading time\" \/>\n\t<meta name=\"twitter:data1\" content=\"2 minut\u0117s\" \/>\n<script type=\"application\/ld+json\" class=\"yoast-schema-graph\">{\"@context\":\"https:\/\/schema.org\",\"@graph\":[{\"@type\":\"WebPage\",\"@id\":\"https:\/\/needfortrees.lt\/lt\/produktas\/hamakas-voratynklis-su-integruotu-tinkleliu\/\",\"url\":\"https:\/\/needfortrees.lt\/lt\/produktas\/hamakas-voratynklis-su-integruotu-tinkleliu\/\",\"name\":\"Ultralight hamakas su integruotu tinkleliu nuo uod\u0173 \u201eVoratynklis\u201c\",\"isPartOf\":{\"@id\":\"https:\/\/needfortrees.lt\/#website\"},\"primaryImageOfPage\":{\"@id\":\"https:\/\/needfortrees.lt\/lt\/produktas\/hamakas-voratynklis-su-integruotu-tinkleliu\/#primaryimage\"},\"image\":{\"@id\":\"https:\/\/needfortrees.lt\/lt\/produktas\/hamakas-voratynklis-su-integruotu-tinkleliu\/#primaryimage\"},\"thumbnailUrl\":\"https:\/\/needfortrees.lt\/wp-content\/uploads\/2024\/08\/DSC01198-scaled.jpg\",\"datePublished\":\"2024-08-23T15:50:50+00:00\",\"dateModified\":\"2026-02-27T15:10:04+00:00\",\"description\":\"Ultralight (320 g) hamakas su integruotu tinkleliu. Puikiai tinka ekspedicijoms, kur svarbus kiekvienas gramas. Lengvas, kompakti\u0161kas ir patogus!\",\"breadcrumb\":{\"@id\":\"https:\/\/needfortrees.lt\/lt\/produktas\/hamakas-voratynklis-su-integruotu-tinkleliu\/#breadcrumb\"},\"inLanguage\":\"lt-LT\",\"potentialAction\":[{\"@type\":\"ReadAction\",\"target\":[\"https:\/\/needfortrees.lt\/lt\/produktas\/hamakas-voratynklis-su-integruotu-tinkleliu\/\"]}]},{\"@type\":\"ImageObject\",\"inLanguage\":\"lt-LT\",\"@id\":\"https:\/\/needfortrees.lt\/lt\/produktas\/hamakas-voratynklis-su-integruotu-tinkleliu\/#primaryimage\",\"url\":\"https:\/\/needfortrees.lt\/wp-content\/uploads\/2024\/08\/DSC01198-scaled.jpg\",\"contentUrl\":\"https:\/\/needfortrees.lt\/wp-content\/uploads\/2024\/08\/DSC01198-scaled.jpg\",\"width\":1707,\"height\":2560,\"caption\":\"labai lengvas permatomas needfortrees turistinis hamakas, su \u0161uniu\"},{\"@type\":\"BreadcrumbList\",\"@id\":\"https:\/\/needfortrees.lt\/lt\/produktas\/hamakas-voratynklis-su-integruotu-tinkleliu\/#breadcrumb\",\"itemListElement\":[{\"@type\":\"ListItem\",\"position\":1,\"name\":\"Home\",\"item\":\"https:\/\/needfortrees.lt\/lt\/\"},{\"@type\":\"ListItem\",\"position\":2,\"name\":\"Parduotuv\u0117\",\"item\":\"https:\/\/needfortrees.lt\/products\/\"},{\"@type\":\"ListItem\",\"position\":3,\"name\":\"Ultralight hamakas su integruotu tinkleliu \u201eVoratynklis\u201c\"}]},{\"@type\":\"WebSite\",\"@id\":\"https:\/\/needfortrees.lt\/#website\",\"url\":\"https:\/\/needfortrees.lt\/\",\"name\":\"NEED FOR TREES\",\"description\":\"High quality hammocks and camping equipment\",\"publisher\":{\"@id\":\"https:\/\/needfortrees.lt\/#organization\"},\"potentialAction\":[{\"@type\":\"SearchAction\",\"target\":{\"@type\":\"EntryPoint\",\"urlTemplate\":\"https:\/\/needfortrees.lt\/?s={search_term_string}\"},\"query-input\":{\"@type\":\"PropertyValueSpecification\",\"valueRequired\":true,\"valueName\":\"search_term_string\"}}],\"inLanguage\":\"lt-LT\"},{\"@type\":\"Organization\",\"@id\":\"https:\/\/needfortrees.lt\/#organization\",\"name\":\"NEED FOR TREES\",\"url\":\"https:\/\/needfortrees.lt\/\",\"logo\":{\"@type\":\"ImageObject\",\"inLanguage\":\"lt-LT\",\"@id\":\"https:\/\/needfortrees.lt\/#\/schema\/logo\/image\/\",\"url\":\"https:\/\/needfortrees.lt\/wp-content\/uploads\/2025\/11\/MAIN-GRAPHIT.svg\",\"contentUrl\":\"https:\/\/needfortrees.lt\/wp-content\/uploads\/2025\/11\/MAIN-GRAPHIT.svg\",\"width\":993,\"height\":440,\"caption\":\"NEED FOR TREES\"},\"image\":{\"@id\":\"https:\/\/needfortrees.lt\/#\/schema\/logo\/image\/\"},\"sameAs\":[\"https:\/\/www.facebook.com\/NeedForTrees\/\",\"https:\/\/www.instagram.com\/need.for.trees\/\"]}]}<\/script>\n<!-- \/ Yoast SEO plugin. -->","yoast_head_json":{"title":"Ultralight hamakas su integruotu tinkleliu nuo uod\u0173 \u201eVoratynklis\u201c","description":"Ultralight (320 g) hamakas su integruotu tinkleliu. Puikiai tinka ekspedicijoms, kur svarbus kiekvienas gramas. Lengvas, kompakti\u0161kas ir patogus!","robots":{"index":"index","follow":"follow","max-snippet":"max-snippet:-1","max-image-preview":"max-image-preview:large","max-video-preview":"max-video-preview:-1"},"canonical":"https:\/\/needfortrees.lt\/lt\/produktas\/hamakas-voratynklis-su-integruotu-tinkleliu\/","og_locale":"lt_LT","og_type":"article","og_title":"Ultralight hamakas su integruotu tinkleliu nuo uod\u0173 \u201eVoratynklis\u201c","og_description":"Ultralight (320 g) hamakas su integruotu tinkleliu. Puikiai tinka ekspedicijoms, kur svarbus kiekvienas gramas. Lengvas, kompakti\u0161kas ir patogus!","og_url":"https:\/\/needfortrees.lt\/lt\/produktas\/hamakas-voratynklis-su-integruotu-tinkleliu\/","og_site_name":"NEED FOR TREES","article_publisher":"https:\/\/www.facebook.com\/NeedForTrees\/","article_modified_time":"2026-02-27T15:10:04+00:00","og_image":[{"width":1707,"height":2560,"url":"https:\/\/needfortrees.lt\/wp-content\/uploads\/2024\/08\/DSC01198-scaled.jpg","type":"image\/jpeg"}],"twitter_card":"summary_large_image","twitter_misc":{"Est. reading time":"2 minut\u0117s"},"schema":{"@context":"https:\/\/schema.org","@graph":[{"@type":"WebPage","@id":"https:\/\/needfortrees.lt\/lt\/produktas\/hamakas-voratynklis-su-integruotu-tinkleliu\/","url":"https:\/\/needfortrees.lt\/lt\/produktas\/hamakas-voratynklis-su-integruotu-tinkleliu\/","name":"Ultralight hamakas su integruotu tinkleliu nuo uod\u0173 \u201eVoratynklis\u201c","isPartOf":{"@id":"https:\/\/needfortrees.lt\/#website"},"primaryImageOfPage":{"@id":"https:\/\/needfortrees.lt\/lt\/produktas\/hamakas-voratynklis-su-integruotu-tinkleliu\/#primaryimage"},"image":{"@id":"https:\/\/needfortrees.lt\/lt\/produktas\/hamakas-voratynklis-su-integruotu-tinkleliu\/#primaryimage"},"thumbnailUrl":"https:\/\/needfortrees.lt\/wp-content\/uploads\/2024\/08\/DSC01198-scaled.jpg","datePublished":"2024-08-23T15:50:50+00:00","dateModified":"2026-02-27T15:10:04+00:00","description":"Ultralight (320 g) hamakas su integruotu tinkleliu. Puikiai tinka ekspedicijoms, kur svarbus kiekvienas gramas. Lengvas, kompakti\u0161kas ir patogus!","breadcrumb":{"@id":"https:\/\/needfortrees.lt\/lt\/produktas\/hamakas-voratynklis-su-integruotu-tinkleliu\/#breadcrumb"},"inLanguage":"lt-LT","potentialAction":[{"@type":"ReadAction","target":["https:\/\/needfortrees.lt\/lt\/produktas\/hamakas-voratynklis-su-integruotu-tinkleliu\/"]}]},{"@type":"ImageObject","inLanguage":"lt-LT","@id":"https:\/\/needfortrees.lt\/lt\/produktas\/hamakas-voratynklis-su-integruotu-tinkleliu\/#primaryimage","url":"https:\/\/needfortrees.lt\/wp-content\/uploads\/2024\/08\/DSC01198-scaled.jpg","contentUrl":"https:\/\/needfortrees.lt\/wp-content\/uploads\/2024\/08\/DSC01198-scaled.jpg","width":1707,"height":2560,"caption":"labai lengvas permatomas needfortrees turistinis hamakas, su \u0161uniu"},{"@type":"BreadcrumbList","@id":"https:\/\/needfortrees.lt\/lt\/produktas\/hamakas-voratynklis-su-integruotu-tinkleliu\/#breadcrumb","itemListElement":[{"@type":"ListItem","position":1,"name":"Home","item":"https:\/\/needfortrees.lt\/lt\/"},{"@type":"ListItem","position":2,"name":"Parduotuv\u0117","item":"https:\/\/needfortrees.lt\/products\/"},{"@type":"ListItem","position":3,"name":"Ultralight hamakas su integruotu tinkleliu \u201eVoratynklis\u201c"}]},{"@type":"WebSite","@id":"https:\/\/needfortrees.lt\/#website","url":"https:\/\/needfortrees.lt\/","name":"NEED FOR TREES","description":"High quality hammocks and camping equipment","publisher":{"@id":"https:\/\/needfortrees.lt\/#organization"},"potentialAction":[{"@type":"SearchAction","target":{"@type":"EntryPoint","urlTemplate":"https:\/\/needfortrees.lt\/?s={search_term_string}"},"query-input":{"@type":"PropertyValueSpecification","valueRequired":true,"valueName":"search_term_string"}}],"inLanguage":"lt-LT"},{"@type":"Organization","@id":"https:\/\/needfortrees.lt\/#organization","name":"NEED FOR TREES","url":"https:\/\/needfortrees.lt\/","logo":{"@type":"ImageObject","inLanguage":"lt-LT","@id":"https:\/\/needfortrees.lt\/#\/schema\/logo\/image\/","url":"https:\/\/needfortrees.lt\/wp-content\/uploads\/2025\/11\/MAIN-GRAPHIT.svg","contentUrl":"https:\/\/needfortrees.lt\/wp-content\/uploads\/2025\/11\/MAIN-GRAPHIT.svg","width":993,"height":440,"caption":"NEED FOR TREES"},"image":{"@id":"https:\/\/needfortrees.lt\/#\/schema\/logo\/image\/"},"sameAs":["https:\/\/www.facebook.com\/NeedForTrees\/","https:\/\/www.instagram.com\/need.for.trees\/"]}]}},"jetpack_sharing_enabled":true,"_links":{"self":[{"href":"https:\/\/needfortrees.lt\/lt\/wp-json\/wp\/v2\/product\/3603","targetHints":{"allow":["GET"]}}],"collection":[{"href":"https:\/\/needfortrees.lt\/lt\/wp-json\/wp\/v2\/product"}],"about":[{"href":"https:\/\/needfortrees.lt\/lt\/wp-json\/wp\/v2\/types\/product"}],"replies":[{"embeddable":true,"href":"https:\/\/needfortrees.lt\/lt\/wp-json\/wp\/v2\/comments?post=3603"}],"wp:featuredmedia":[{"embeddable":true,"href":"https:\/\/needfortrees.lt\/lt\/wp-json\/wp\/v2\/media\/3604"}],"wp:attachment":[{"href":"https:\/\/needfortrees.lt\/lt\/wp-json\/wp\/v2\/media?parent=3603"}],"wp:term":[{"taxonomy":"product_brand","embeddable":true,"href":"https:\/\/needfortrees.lt\/lt\/wp-json\/wp\/v2\/product_brand?post=3603"},{"taxonomy":"product_cat","embeddable":true,"href":"https:\/\/needfortrees.lt\/lt\/wp-json\/wp\/v2\/product_cat?post=3603"},{"taxonomy":"product_tag","embeddable":true,"href":"https:\/\/needfortrees.lt\/lt\/wp-json\/wp\/v2\/product_tag?post=3603"}],"curies":[{"name":"wp","href":"https:\/\/api.w.org\/{rel}","templated":true}]}}