{"id":4377,"date":"2025-07-26T15:52:40","date_gmt":"2025-07-26T15:52:40","guid":{"rendered":"https:\/\/needfortrees.lt\/?post_type=product&#038;p=4377"},"modified":"2026-03-09T20:52:41","modified_gmt":"2026-03-09T20:52:41","slug":"titano-puodelis","status":"publish","type":"product","link":"https:\/\/needfortrees.lt\/lt\/produktas\/titano-puodelis\/","title":{"rendered":"Titano puodelis \u201eNeed for Trees\u201d"},"content":{"rendered":"<h3 data-start=\"340\" data-end=\"686\">Ie\u0161kai puodelio, kuris b\u016bt\u0173 ir <strong data-start=\"371\" data-end=\"382\">lengvas<\/strong>, ir <strong data-start=\"387\" data-end=\"399\">atsparus<\/strong>? <strong data-start=\"424\" data-end=\"443\">Titano puodelis<\/strong> \u2013 tai b\u016btina investicija tiems, kurie vertina <strong data-start=\"502\" data-end=\"538\">auk\u0161tos kokyb\u0117s turistin\u0119 \u012frang\u0105, <\/strong>ir tiems, kurie ie\u0161ko<strong data-start=\"502\" data-end=\"538\"> ma\u017eiausio svorio alternatyvos<\/strong>. \u0160is <strong data-start=\"544\" data-end=\"571\">lengvas titano puodelis<\/strong> sukurtas aktyviam gyvenimo b\u016bdui: nuo rytin\u0117s kavos gamtoje iki intensyvi\u0173 \u017eygi\u0173 ar ilg\u0173 kelioni\u0173 su dvira\u010diais.<\/h3>\n<p data-start=\"688\" data-end=\"992\">Titano puodelis i\u0161siskiria ne tik savo <strong data-start=\"727\" data-end=\"753\">minimalistiniu dizainu<\/strong>, bet ir funkcionalumu. Jis <strong data-start=\"781\" data-end=\"800\">nesugeria kvap\u0173<\/strong>, <strong data-start=\"802\" data-end=\"828\">nekei\u010dia g\u0117rimo skonio<\/strong>, yra visi\u0161kai <strong data-start=\"843\" data-end=\"858\">netoksi\u0161kas<\/strong> ir <strong data-start=\"862\" data-end=\"880\">saugus maistui<\/strong>. D\u0117l savo tvirtumo titanas da\u017enai vadinamas \u201eam\u017eina med\u017eiaga\u201c \u2013 tod\u0117l \u0161is puodelis gali tarnauti de\u0161imtme\u010diais.<\/p>\n<h3 data-start=\"240\" data-end=\"869\"><strong data-start=\"240\" data-end=\"253\">Med\u017eiaga:<\/strong> grynas titanas \u2013 atsparus korozijai, bekvap\u0117, netoksi\u0161ka. Puikiai tinka kar\u0161tam bei \u0161altam g\u0117rimui.<br data-start=\"353\" data-end=\"356\" \/><strong data-start=\"356\" data-end=\"366\">Talpa:<\/strong> 420 ml \/ 750 ml<br data-start=\"398\" data-end=\"401\" \/><strong data-start=\"401\" data-end=\"412\">Svoris:<\/strong> 420 ml \u2013 95 gr \/ 750 ml \u2013 125 gr<\/h3>\n<h3 data-start=\"876\" data-end=\"902\">Kod\u0117l verta rinktis?<\/h3>\n<p data-start=\"905\" data-end=\"981\"><strong data-start=\"907\" data-end=\"925\">Ilgaam\u017ei\u0161kumas<\/strong>: titanas \u2013 vienas stipriausi\u0173, bet lengviausi\u0173 metal\u0173;<br \/>\n<strong data-start=\"987\" data-end=\"1013\">Termi\u0161kai komforti\u0161kas<\/strong>: ne\u012fkaista kaip plienas, nepalieka kvap\u0173;<br \/>\n<strong data-start=\"1062\" data-end=\"1085\">Tvarus pasirinkimas<\/strong>: neplastikas, beveik be poveikio aplinkai.<\/p>\n","protected":false},"excerpt":{"rendered":"<p data-start=\"240\" data-end=\"869\"><strong>Turistinis titaninis puodelis su dangteliu.\u00a0<\/strong><\/p>\n<p data-start=\"240\" data-end=\"869\"><strong data-start=\"240\" data-end=\"253\">Med\u017eiaga:<\/strong> grynas titanas \u2013 atsparus korozijai, bekvap\u0117, netoksi\u0161ka. Puikiai tinka kar\u0161tam bei \u0161altam g\u0117rimui.<br data-start=\"353\" data-end=\"356\" \/><strong data-start=\"356\" data-end=\"366\">Talpa:<\/strong> 420 ml \/ 750 ml<br data-start=\"398\" data-end=\"401\" \/><strong data-start=\"401\" data-end=\"412\">Svoris:<\/strong> 420 ml \u2013 95 gr \/ 750 ml \u2013 125 gr<\/p>\n","protected":false},"featured_media":4587,"comment_status":"open","ping_status":"closed","template":"","meta":[],"product_brand":[],"product_cat":[78],"product_tag":[],"class_list":{"0":"post-4377","1":"product","2":"type-product","3":"status-publish","4":"has-post-thumbnail","6":"product_cat-virtuve","8":"first","9":"instock","10":"taxable","11":"shipping-taxable","12":"purchasable","13":"product-type-variable"},"composite_virtual":false,"composite_layout":"","composite_add_to_cart_form_location":"","composite_editable_in_cart":false,"composite_sold_individually_context":"","composite_shop_price_calc":"","composite_components":[],"composite_scenarios":[],"yoast_head":"<!-- This site is optimized with the Yoast SEO plugin v26.3 - https:\/\/yoast.com\/wordpress\/plugins\/seo\/ -->\n<title>Titano puodelis \u201eNeed for Trees\u201d - NEED FOR TREES<\/title>\n<meta name=\"description\" content=\"Itin lengvas, tvirtas ir ilgaam\u017eis titano puodelis \u2013 idealus pasirinkimas stovyklavimui, \u017eygiams ir kelion\u0117ms. Patikimas, netoksi\u0161kas ir tvarus.\" \/>\n<meta name=\"robots\" content=\"index, follow, max-snippet:-1, max-image-preview:large, max-video-preview:-1\" \/>\n<link rel=\"canonical\" href=\"https:\/\/needfortrees.lt\/lt\/produktas\/titano-puodelis\/\" \/>\n<meta property=\"og:locale\" content=\"lt_LT\" \/>\n<meta property=\"og:type\" content=\"article\" \/>\n<meta property=\"og:title\" content=\"Titano puodelis \u201eNeed for Trees\u201d - NEED FOR TREES\" \/>\n<meta property=\"og:description\" content=\"Itin lengvas, tvirtas ir ilgaam\u017eis titano puodelis \u2013 idealus pasirinkimas stovyklavimui, \u017eygiams ir kelion\u0117ms. Patikimas, netoksi\u0161kas ir tvarus.\" \/>\n<meta property=\"og:url\" content=\"https:\/\/needfortrees.lt\/lt\/produktas\/titano-puodelis\/\" \/>\n<meta property=\"og:site_name\" content=\"NEED FOR TREES\" \/>\n<meta property=\"article:publisher\" content=\"https:\/\/www.facebook.com\/NeedForTrees\/\" \/>\n<meta property=\"article:modified_time\" content=\"2026-03-09T20:52:41+00:00\" \/>\n<meta property=\"og:image\" content=\"https:\/\/needfortrees.lt\/wp-content\/uploads\/2025\/07\/nft-titanium-cups.jpg\" \/>\n\t<meta property=\"og:image:width\" content=\"480\" \/>\n\t<meta property=\"og:image:height\" content=\"720\" \/>\n\t<meta property=\"og:image:type\" content=\"image\/jpeg\" \/>\n<meta name=\"twitter:card\" content=\"summary_large_image\" \/>\n<meta name=\"twitter:label1\" content=\"Est. reading time\" \/>\n\t<meta name=\"twitter:data1\" content=\"1 minut\u0117\" \/>\n<script type=\"application\/ld+json\" class=\"yoast-schema-graph\">{\"@context\":\"https:\/\/schema.org\",\"@graph\":[{\"@type\":\"WebPage\",\"@id\":\"https:\/\/needfortrees.lt\/lt\/produktas\/titano-puodelis\/\",\"url\":\"https:\/\/needfortrees.lt\/lt\/produktas\/titano-puodelis\/\",\"name\":\"Titano puodelis \u201eNeed for Trees\u201d - NEED FOR TREES\",\"isPartOf\":{\"@id\":\"https:\/\/needfortrees.lt\/#website\"},\"primaryImageOfPage\":{\"@id\":\"https:\/\/needfortrees.lt\/lt\/produktas\/titano-puodelis\/#primaryimage\"},\"image\":{\"@id\":\"https:\/\/needfortrees.lt\/lt\/produktas\/titano-puodelis\/#primaryimage\"},\"thumbnailUrl\":\"https:\/\/needfortrees.lt\/wp-content\/uploads\/2025\/07\/nft-titanium-cups.jpg\",\"datePublished\":\"2025-07-26T15:52:40+00:00\",\"dateModified\":\"2026-03-09T20:52:41+00:00\",\"description\":\"Itin lengvas, tvirtas ir ilgaam\u017eis titano puodelis \u2013 idealus pasirinkimas stovyklavimui, \u017eygiams ir kelion\u0117ms. Patikimas, netoksi\u0161kas ir tvarus.\",\"breadcrumb\":{\"@id\":\"https:\/\/needfortrees.lt\/lt\/produktas\/titano-puodelis\/#breadcrumb\"},\"inLanguage\":\"lt-LT\",\"potentialAction\":[{\"@type\":\"ReadAction\",\"target\":[\"https:\/\/needfortrees.lt\/lt\/produktas\/titano-puodelis\/\"]}]},{\"@type\":\"ImageObject\",\"inLanguage\":\"lt-LT\",\"@id\":\"https:\/\/needfortrees.lt\/lt\/produktas\/titano-puodelis\/#primaryimage\",\"url\":\"https:\/\/needfortrees.lt\/wp-content\/uploads\/2025\/07\/nft-titanium-cups.jpg\",\"contentUrl\":\"https:\/\/needfortrees.lt\/wp-content\/uploads\/2025\/07\/nft-titanium-cups.jpg\",\"width\":480,\"height\":720},{\"@type\":\"BreadcrumbList\",\"@id\":\"https:\/\/needfortrees.lt\/lt\/produktas\/titano-puodelis\/#breadcrumb\",\"itemListElement\":[{\"@type\":\"ListItem\",\"position\":1,\"name\":\"Home\",\"item\":\"https:\/\/needfortrees.lt\/\"},{\"@type\":\"ListItem\",\"position\":2,\"name\":\"Parduotuv\u0117\",\"item\":\"https:\/\/needfortrees.lt\/products\/\"},{\"@type\":\"ListItem\",\"position\":3,\"name\":\"Titano puodelis \u201eNeed for Trees\u201d\"}]},{\"@type\":\"WebSite\",\"@id\":\"https:\/\/needfortrees.lt\/#website\",\"url\":\"https:\/\/needfortrees.lt\/\",\"name\":\"NEED FOR TREES\",\"description\":\"High quality hammocks and camping equipment\",\"publisher\":{\"@id\":\"https:\/\/needfortrees.lt\/#organization\"},\"potentialAction\":[{\"@type\":\"SearchAction\",\"target\":{\"@type\":\"EntryPoint\",\"urlTemplate\":\"https:\/\/needfortrees.lt\/?s={search_term_string}\"},\"query-input\":{\"@type\":\"PropertyValueSpecification\",\"valueRequired\":true,\"valueName\":\"search_term_string\"}}],\"inLanguage\":\"lt-LT\"},{\"@type\":\"Organization\",\"@id\":\"https:\/\/needfortrees.lt\/#organization\",\"name\":\"NEED FOR TREES\",\"url\":\"https:\/\/needfortrees.lt\/\",\"logo\":{\"@type\":\"ImageObject\",\"inLanguage\":\"lt-LT\",\"@id\":\"https:\/\/needfortrees.lt\/#\/schema\/logo\/image\/\",\"url\":\"https:\/\/needfortrees.lt\/wp-content\/uploads\/2025\/11\/MAIN-GRAPHIT.svg\",\"contentUrl\":\"https:\/\/needfortrees.lt\/wp-content\/uploads\/2025\/11\/MAIN-GRAPHIT.svg\",\"width\":993,\"height\":440,\"caption\":\"NEED FOR TREES\"},\"image\":{\"@id\":\"https:\/\/needfortrees.lt\/#\/schema\/logo\/image\/\"},\"sameAs\":[\"https:\/\/www.facebook.com\/NeedForTrees\/\",\"https:\/\/www.instagram.com\/need.for.trees\/\"]}]}<\/script>\n<!-- \/ Yoast SEO plugin. -->","yoast_head_json":{"title":"Titano puodelis \u201eNeed for Trees\u201d - NEED FOR TREES","description":"Itin lengvas, tvirtas ir ilgaam\u017eis titano puodelis \u2013 idealus pasirinkimas stovyklavimui, \u017eygiams ir kelion\u0117ms. Patikimas, netoksi\u0161kas ir tvarus.","robots":{"index":"index","follow":"follow","max-snippet":"max-snippet:-1","max-image-preview":"max-image-preview:large","max-video-preview":"max-video-preview:-1"},"canonical":"https:\/\/needfortrees.lt\/lt\/produktas\/titano-puodelis\/","og_locale":"lt_LT","og_type":"article","og_title":"Titano puodelis \u201eNeed for Trees\u201d - NEED FOR TREES","og_description":"Itin lengvas, tvirtas ir ilgaam\u017eis titano puodelis \u2013 idealus pasirinkimas stovyklavimui, \u017eygiams ir kelion\u0117ms. Patikimas, netoksi\u0161kas ir tvarus.","og_url":"https:\/\/needfortrees.lt\/lt\/produktas\/titano-puodelis\/","og_site_name":"NEED FOR TREES","article_publisher":"https:\/\/www.facebook.com\/NeedForTrees\/","article_modified_time":"2026-03-09T20:52:41+00:00","og_image":[{"width":480,"height":720,"url":"https:\/\/needfortrees.lt\/wp-content\/uploads\/2025\/07\/nft-titanium-cups.jpg","type":"image\/jpeg"}],"twitter_card":"summary_large_image","twitter_misc":{"Est. reading time":"1 minut\u0117"},"schema":{"@context":"https:\/\/schema.org","@graph":[{"@type":"WebPage","@id":"https:\/\/needfortrees.lt\/lt\/produktas\/titano-puodelis\/","url":"https:\/\/needfortrees.lt\/lt\/produktas\/titano-puodelis\/","name":"Titano puodelis \u201eNeed for Trees\u201d - NEED FOR TREES","isPartOf":{"@id":"https:\/\/needfortrees.lt\/#website"},"primaryImageOfPage":{"@id":"https:\/\/needfortrees.lt\/lt\/produktas\/titano-puodelis\/#primaryimage"},"image":{"@id":"https:\/\/needfortrees.lt\/lt\/produktas\/titano-puodelis\/#primaryimage"},"thumbnailUrl":"https:\/\/needfortrees.lt\/wp-content\/uploads\/2025\/07\/nft-titanium-cups.jpg","datePublished":"2025-07-26T15:52:40+00:00","dateModified":"2026-03-09T20:52:41+00:00","description":"Itin lengvas, tvirtas ir ilgaam\u017eis titano puodelis \u2013 idealus pasirinkimas stovyklavimui, \u017eygiams ir kelion\u0117ms. Patikimas, netoksi\u0161kas ir tvarus.","breadcrumb":{"@id":"https:\/\/needfortrees.lt\/lt\/produktas\/titano-puodelis\/#breadcrumb"},"inLanguage":"lt-LT","potentialAction":[{"@type":"ReadAction","target":["https:\/\/needfortrees.lt\/lt\/produktas\/titano-puodelis\/"]}]},{"@type":"ImageObject","inLanguage":"lt-LT","@id":"https:\/\/needfortrees.lt\/lt\/produktas\/titano-puodelis\/#primaryimage","url":"https:\/\/needfortrees.lt\/wp-content\/uploads\/2025\/07\/nft-titanium-cups.jpg","contentUrl":"https:\/\/needfortrees.lt\/wp-content\/uploads\/2025\/07\/nft-titanium-cups.jpg","width":480,"height":720},{"@type":"BreadcrumbList","@id":"https:\/\/needfortrees.lt\/lt\/produktas\/titano-puodelis\/#breadcrumb","itemListElement":[{"@type":"ListItem","position":1,"name":"Home","item":"https:\/\/needfortrees.lt\/"},{"@type":"ListItem","position":2,"name":"Parduotuv\u0117","item":"https:\/\/needfortrees.lt\/products\/"},{"@type":"ListItem","position":3,"name":"Titano puodelis \u201eNeed for Trees\u201d"}]},{"@type":"WebSite","@id":"https:\/\/needfortrees.lt\/#website","url":"https:\/\/needfortrees.lt\/","name":"NEED FOR TREES","description":"High quality hammocks and camping equipment","publisher":{"@id":"https:\/\/needfortrees.lt\/#organization"},"potentialAction":[{"@type":"SearchAction","target":{"@type":"EntryPoint","urlTemplate":"https:\/\/needfortrees.lt\/?s={search_term_string}"},"query-input":{"@type":"PropertyValueSpecification","valueRequired":true,"valueName":"search_term_string"}}],"inLanguage":"lt-LT"},{"@type":"Organization","@id":"https:\/\/needfortrees.lt\/#organization","name":"NEED FOR TREES","url":"https:\/\/needfortrees.lt\/","logo":{"@type":"ImageObject","inLanguage":"lt-LT","@id":"https:\/\/needfortrees.lt\/#\/schema\/logo\/image\/","url":"https:\/\/needfortrees.lt\/wp-content\/uploads\/2025\/11\/MAIN-GRAPHIT.svg","contentUrl":"https:\/\/needfortrees.lt\/wp-content\/uploads\/2025\/11\/MAIN-GRAPHIT.svg","width":993,"height":440,"caption":"NEED FOR TREES"},"image":{"@id":"https:\/\/needfortrees.lt\/#\/schema\/logo\/image\/"},"sameAs":["https:\/\/www.facebook.com\/NeedForTrees\/","https:\/\/www.instagram.com\/need.for.trees\/"]}]}},"jetpack_sharing_enabled":true,"_links":{"self":[{"href":"https:\/\/needfortrees.lt\/lt\/wp-json\/wp\/v2\/product\/4377","targetHints":{"allow":["GET"]}}],"collection":[{"href":"https:\/\/needfortrees.lt\/lt\/wp-json\/wp\/v2\/product"}],"about":[{"href":"https:\/\/needfortrees.lt\/lt\/wp-json\/wp\/v2\/types\/product"}],"replies":[{"embeddable":true,"href":"https:\/\/needfortrees.lt\/lt\/wp-json\/wp\/v2\/comments?post=4377"}],"wp:featuredmedia":[{"embeddable":true,"href":"https:\/\/needfortrees.lt\/lt\/wp-json\/wp\/v2\/media\/4587"}],"wp:attachment":[{"href":"https:\/\/needfortrees.lt\/lt\/wp-json\/wp\/v2\/media?parent=4377"}],"wp:term":[{"taxonomy":"product_brand","embeddable":true,"href":"https:\/\/needfortrees.lt\/lt\/wp-json\/wp\/v2\/product_brand?post=4377"},{"taxonomy":"product_cat","embeddable":true,"href":"https:\/\/needfortrees.lt\/lt\/wp-json\/wp\/v2\/product_cat?post=4377"},{"taxonomy":"product_tag","embeddable":true,"href":"https:\/\/needfortrees.lt\/lt\/wp-json\/wp\/v2\/product_tag?post=4377"}],"curies":[{"name":"wp","href":"https:\/\/api.w.org\/{rel}","templated":true}]}}