{"id":4486,"date":"2025-07-26T15:55:59","date_gmt":"2025-07-26T15:55:59","guid":{"rendered":"https:\/\/needfortrees.lt\/?post_type=product&#038;p=4486"},"modified":"2026-03-09T20:52:40","modified_gmt":"2026-03-09T20:52:40","slug":"spork","status":"publish","type":"product","link":"https:\/\/needfortrees.lt\/lt\/produktas\/spork\/","title":{"rendered":"Spork \u201eNeed for trees\u201c"},"content":{"rendered":"<h1 data-start=\"277\" data-end=\"344\"><strong data-start=\"281\" data-end=\"342\">Titano sporkas \u2013 pagrindinis \u012frankis gamtoje<\/strong><\/h1>\n<h3 data-start=\"346\" data-end=\"766\"><strong data-start=\"346\" data-end=\"364\">Titano sporkas<\/strong> \u2013 tai funkcionalus, itin lengvas ir patvarus valgymo \u012frankis, kuris sujungia <strong data-start=\"442\" data-end=\"472\">\u0161auk\u0161to ir \u0161akut\u0117s<\/strong>\u00a0savybes viename. Tai puikus pasirinkimas tiems, kurie ie\u0161ko <strong data-start=\"533\" data-end=\"565\">patikimos turistin\u0117s \u012frangos<\/strong>, kurioje dera <strong data-start=\"580\" data-end=\"624\">minimalizmas, ilgaam\u017ei\u0161kumas ir tvarumas<\/strong>. Jeigu da\u017enai leidiesi \u012f \u017eygius, stovyklauji gamtoje ar keliauji su kuprine \u2013 \u0161is \u012frankis neabejotinai taps nepakei\u010diama tavo \u012frangos dalimi.<\/h3>\n<p data-start=\"768\" data-end=\"1196\">Titano sporkas sukurtas atsi\u017evelgiant \u012f realius lauko s\u0105lyg\u0173 i\u0161\u0161\u016bkius: jis nesul\u016b\u017eta kaip plastikiniai \u012frankiai, nesulinksta kaip aliumininiai, o d\u0117l <strong data-start=\"918\" data-end=\"934\">gryno titano<\/strong> jis yra visi\u0161kai <strong data-start=\"952\" data-end=\"999\">bekvapis, netoksi\u0161kas ir atsparus korozijai<\/strong>. Net ir po intensyvaus naudojimo sporkas i\u0161lieka higieni\u0161kas, nes titanas <strong data-start=\"1074\" data-end=\"1100\">nesugeria maisto kvap\u0173<\/strong> ir yra itin lengvai valomas \u2013 da\u017enai u\u017etenka tiesiog nu\u0161luostyti ar nuplauti tekan\u010diu vandeniu.<\/p>\n<p data-start=\"1198\" data-end=\"1633\">D\u0117l <strong data-start=\"1202\" data-end=\"1242\">nedidelio svorio (vos apie 16 gram\u0173)<\/strong> ir kompakti\u0161kos formos, \u0161is <strong data-start=\"1271\" data-end=\"1298\">valgymo \u012frankis \u017eygiams<\/strong> neu\u017eima daug vietos ir puikiai telpa \u012f bet kuri\u0105 kuprin\u0119, kelionin\u012f puod\u0105 ar net ki\u0161en\u0119. Ilgas kotelis leid\u017eia patogiai valgyti ne tik i\u0161 dubens, bet ir tiesiai i\u0161 <strong data-start=\"1463\" data-end=\"1495\">liofilizuoto maisto pakuot\u0117s<\/strong> \u2013 be joki\u0173 nepatogum\u0173 ar i\u0161sitepim\u0173. Tai ypa\u010d vertina keliautojai, kurie renkasi maist\u0105, nereikalaujant\u012f papildomo virimo ar serviravimo.<\/p>\n","protected":false},"excerpt":{"rendered":"<p><strong data-start=\"243\" data-end=\"283\">Itin reikalingas \u012frankis gamtoje \u2013 spork (\u0161auk\u0161tas + \u0161akut\u0117). <\/strong><\/p>\n<p data-start=\"437\" data-end=\"512\"><strong data-start=\"437\" data-end=\"450\">Med\u017eiaga:<\/strong> 100\u202f% grynas titanas \u2013 bekvapis, netoksi\u0161kas, hipoalerginis;<br \/>\n<strong data-start=\"515\" data-end=\"526\">Svoris:<\/strong> tik 16 g;<br \/>\n<strong data-start=\"566\" data-end=\"576\">Ilgis:<\/strong> ~22 cm.<\/p>\n","protected":false},"featured_media":4594,"comment_status":"open","ping_status":"closed","template":"","meta":[],"product_brand":[],"product_cat":[78],"product_tag":[],"class_list":{"0":"post-4486","1":"product","2":"type-product","3":"status-publish","4":"has-post-thumbnail","6":"product_cat-virtuve","8":"first","9":"instock","10":"taxable","11":"shipping-taxable","12":"purchasable","13":"product-type-simple"},"composite_virtual":false,"composite_layout":"","composite_add_to_cart_form_location":"","composite_editable_in_cart":false,"composite_sold_individually_context":"","composite_shop_price_calc":"","composite_components":[],"composite_scenarios":[],"yoast_head":"<!-- This site is optimized with the Yoast SEO plugin v26.3 - https:\/\/yoast.com\/wordpress\/plugins\/seo\/ -->\n<title>Spork \u201eNeed for trees\u201c - NEED FOR TREES<\/title>\n<meta name=\"description\" content=\"Titano spork \u2013 lengvas, patvarus ir daugiafunkcis valgymo \u012frankis kelion\u0117ms, \u017eygiams ir stovyklavimui. Patikimas \u012frankis stovyklavimo ir kelioni\u0173 m\u0117g\u0117jams.\" \/>\n<meta name=\"robots\" content=\"index, follow, max-snippet:-1, max-image-preview:large, max-video-preview:-1\" \/>\n<link rel=\"canonical\" href=\"https:\/\/needfortrees.lt\/lt\/produktas\/spork\/\" \/>\n<meta property=\"og:locale\" content=\"lt_LT\" \/>\n<meta property=\"og:type\" content=\"article\" \/>\n<meta property=\"og:title\" content=\"Spork \u201eNeed for trees\u201c - NEED FOR TREES\" \/>\n<meta property=\"og:description\" content=\"Titano spork \u2013 lengvas, patvarus ir daugiafunkcis valgymo \u012frankis kelion\u0117ms, \u017eygiams ir stovyklavimui. Patikimas \u012frankis stovyklavimo ir kelioni\u0173 m\u0117g\u0117jams.\" \/>\n<meta property=\"og:url\" content=\"https:\/\/needfortrees.lt\/lt\/produktas\/spork\/\" \/>\n<meta property=\"og:site_name\" content=\"NEED FOR TREES\" \/>\n<meta property=\"article:publisher\" content=\"https:\/\/www.facebook.com\/NeedForTrees\/\" \/>\n<meta property=\"article:modified_time\" content=\"2026-03-09T20:52:40+00:00\" \/>\n<meta property=\"og:image\" content=\"https:\/\/needfortrees.lt\/wp-content\/uploads\/2025\/07\/nft-spork-long-titanium.jpg\" \/>\n\t<meta property=\"og:image:width\" content=\"480\" \/>\n\t<meta property=\"og:image:height\" content=\"720\" \/>\n\t<meta property=\"og:image:type\" content=\"image\/jpeg\" \/>\n<meta name=\"twitter:card\" content=\"summary_large_image\" \/>\n<meta name=\"twitter:label1\" content=\"Est. reading time\" \/>\n\t<meta name=\"twitter:data1\" content=\"1 minut\u0117\" \/>\n<script type=\"application\/ld+json\" class=\"yoast-schema-graph\">{\"@context\":\"https:\/\/schema.org\",\"@graph\":[{\"@type\":\"WebPage\",\"@id\":\"https:\/\/needfortrees.lt\/lt\/produktas\/spork\/\",\"url\":\"https:\/\/needfortrees.lt\/lt\/produktas\/spork\/\",\"name\":\"Spork \u201eNeed for trees\u201c - NEED FOR TREES\",\"isPartOf\":{\"@id\":\"https:\/\/needfortrees.lt\/#website\"},\"primaryImageOfPage\":{\"@id\":\"https:\/\/needfortrees.lt\/lt\/produktas\/spork\/#primaryimage\"},\"image\":{\"@id\":\"https:\/\/needfortrees.lt\/lt\/produktas\/spork\/#primaryimage\"},\"thumbnailUrl\":\"https:\/\/needfortrees.lt\/wp-content\/uploads\/2025\/07\/nft-spork-long-titanium.jpg\",\"datePublished\":\"2025-07-26T15:55:59+00:00\",\"dateModified\":\"2026-03-09T20:52:40+00:00\",\"description\":\"Titano spork \u2013 lengvas, patvarus ir daugiafunkcis valgymo \u012frankis kelion\u0117ms, \u017eygiams ir stovyklavimui. Patikimas \u012frankis stovyklavimo ir kelioni\u0173 m\u0117g\u0117jams.\",\"breadcrumb\":{\"@id\":\"https:\/\/needfortrees.lt\/lt\/produktas\/spork\/#breadcrumb\"},\"inLanguage\":\"lt-LT\",\"potentialAction\":[{\"@type\":\"ReadAction\",\"target\":[\"https:\/\/needfortrees.lt\/lt\/produktas\/spork\/\"]}]},{\"@type\":\"ImageObject\",\"inLanguage\":\"lt-LT\",\"@id\":\"https:\/\/needfortrees.lt\/lt\/produktas\/spork\/#primaryimage\",\"url\":\"https:\/\/needfortrees.lt\/wp-content\/uploads\/2025\/07\/nft-spork-long-titanium.jpg\",\"contentUrl\":\"https:\/\/needfortrees.lt\/wp-content\/uploads\/2025\/07\/nft-spork-long-titanium.jpg\",\"width\":480,\"height\":720},{\"@type\":\"BreadcrumbList\",\"@id\":\"https:\/\/needfortrees.lt\/lt\/produktas\/spork\/#breadcrumb\",\"itemListElement\":[{\"@type\":\"ListItem\",\"position\":1,\"name\":\"Home\",\"item\":\"https:\/\/needfortrees.lt\/\"},{\"@type\":\"ListItem\",\"position\":2,\"name\":\"Parduotuv\u0117\",\"item\":\"https:\/\/needfortrees.lt\/products\/\"},{\"@type\":\"ListItem\",\"position\":3,\"name\":\"Spork \u201eNeed for trees\u201c\"}]},{\"@type\":\"WebSite\",\"@id\":\"https:\/\/needfortrees.lt\/#website\",\"url\":\"https:\/\/needfortrees.lt\/\",\"name\":\"NEED FOR TREES\",\"description\":\"High quality hammocks and camping equipment\",\"publisher\":{\"@id\":\"https:\/\/needfortrees.lt\/#organization\"},\"potentialAction\":[{\"@type\":\"SearchAction\",\"target\":{\"@type\":\"EntryPoint\",\"urlTemplate\":\"https:\/\/needfortrees.lt\/?s={search_term_string}\"},\"query-input\":{\"@type\":\"PropertyValueSpecification\",\"valueRequired\":true,\"valueName\":\"search_term_string\"}}],\"inLanguage\":\"lt-LT\"},{\"@type\":\"Organization\",\"@id\":\"https:\/\/needfortrees.lt\/#organization\",\"name\":\"NEED FOR TREES\",\"url\":\"https:\/\/needfortrees.lt\/\",\"logo\":{\"@type\":\"ImageObject\",\"inLanguage\":\"lt-LT\",\"@id\":\"https:\/\/needfortrees.lt\/#\/schema\/logo\/image\/\",\"url\":\"https:\/\/needfortrees.lt\/wp-content\/uploads\/2025\/11\/MAIN-GRAPHIT.svg\",\"contentUrl\":\"https:\/\/needfortrees.lt\/wp-content\/uploads\/2025\/11\/MAIN-GRAPHIT.svg\",\"width\":993,\"height\":440,\"caption\":\"NEED FOR TREES\"},\"image\":{\"@id\":\"https:\/\/needfortrees.lt\/#\/schema\/logo\/image\/\"},\"sameAs\":[\"https:\/\/www.facebook.com\/NeedForTrees\/\",\"https:\/\/www.instagram.com\/need.for.trees\/\"]}]}<\/script>\n<!-- \/ Yoast SEO plugin. -->","yoast_head_json":{"title":"Spork \u201eNeed for trees\u201c - NEED FOR TREES","description":"Titano spork \u2013 lengvas, patvarus ir daugiafunkcis valgymo \u012frankis kelion\u0117ms, \u017eygiams ir stovyklavimui. Patikimas \u012frankis stovyklavimo ir kelioni\u0173 m\u0117g\u0117jams.","robots":{"index":"index","follow":"follow","max-snippet":"max-snippet:-1","max-image-preview":"max-image-preview:large","max-video-preview":"max-video-preview:-1"},"canonical":"https:\/\/needfortrees.lt\/lt\/produktas\/spork\/","og_locale":"lt_LT","og_type":"article","og_title":"Spork \u201eNeed for trees\u201c - NEED FOR TREES","og_description":"Titano spork \u2013 lengvas, patvarus ir daugiafunkcis valgymo \u012frankis kelion\u0117ms, \u017eygiams ir stovyklavimui. Patikimas \u012frankis stovyklavimo ir kelioni\u0173 m\u0117g\u0117jams.","og_url":"https:\/\/needfortrees.lt\/lt\/produktas\/spork\/","og_site_name":"NEED FOR TREES","article_publisher":"https:\/\/www.facebook.com\/NeedForTrees\/","article_modified_time":"2026-03-09T20:52:40+00:00","og_image":[{"width":480,"height":720,"url":"https:\/\/needfortrees.lt\/wp-content\/uploads\/2025\/07\/nft-spork-long-titanium.jpg","type":"image\/jpeg"}],"twitter_card":"summary_large_image","twitter_misc":{"Est. reading time":"1 minut\u0117"},"schema":{"@context":"https:\/\/schema.org","@graph":[{"@type":"WebPage","@id":"https:\/\/needfortrees.lt\/lt\/produktas\/spork\/","url":"https:\/\/needfortrees.lt\/lt\/produktas\/spork\/","name":"Spork \u201eNeed for trees\u201c - NEED FOR TREES","isPartOf":{"@id":"https:\/\/needfortrees.lt\/#website"},"primaryImageOfPage":{"@id":"https:\/\/needfortrees.lt\/lt\/produktas\/spork\/#primaryimage"},"image":{"@id":"https:\/\/needfortrees.lt\/lt\/produktas\/spork\/#primaryimage"},"thumbnailUrl":"https:\/\/needfortrees.lt\/wp-content\/uploads\/2025\/07\/nft-spork-long-titanium.jpg","datePublished":"2025-07-26T15:55:59+00:00","dateModified":"2026-03-09T20:52:40+00:00","description":"Titano spork \u2013 lengvas, patvarus ir daugiafunkcis valgymo \u012frankis kelion\u0117ms, \u017eygiams ir stovyklavimui. Patikimas \u012frankis stovyklavimo ir kelioni\u0173 m\u0117g\u0117jams.","breadcrumb":{"@id":"https:\/\/needfortrees.lt\/lt\/produktas\/spork\/#breadcrumb"},"inLanguage":"lt-LT","potentialAction":[{"@type":"ReadAction","target":["https:\/\/needfortrees.lt\/lt\/produktas\/spork\/"]}]},{"@type":"ImageObject","inLanguage":"lt-LT","@id":"https:\/\/needfortrees.lt\/lt\/produktas\/spork\/#primaryimage","url":"https:\/\/needfortrees.lt\/wp-content\/uploads\/2025\/07\/nft-spork-long-titanium.jpg","contentUrl":"https:\/\/needfortrees.lt\/wp-content\/uploads\/2025\/07\/nft-spork-long-titanium.jpg","width":480,"height":720},{"@type":"BreadcrumbList","@id":"https:\/\/needfortrees.lt\/lt\/produktas\/spork\/#breadcrumb","itemListElement":[{"@type":"ListItem","position":1,"name":"Home","item":"https:\/\/needfortrees.lt\/"},{"@type":"ListItem","position":2,"name":"Parduotuv\u0117","item":"https:\/\/needfortrees.lt\/products\/"},{"@type":"ListItem","position":3,"name":"Spork \u201eNeed for trees\u201c"}]},{"@type":"WebSite","@id":"https:\/\/needfortrees.lt\/#website","url":"https:\/\/needfortrees.lt\/","name":"NEED FOR TREES","description":"High quality hammocks and camping equipment","publisher":{"@id":"https:\/\/needfortrees.lt\/#organization"},"potentialAction":[{"@type":"SearchAction","target":{"@type":"EntryPoint","urlTemplate":"https:\/\/needfortrees.lt\/?s={search_term_string}"},"query-input":{"@type":"PropertyValueSpecification","valueRequired":true,"valueName":"search_term_string"}}],"inLanguage":"lt-LT"},{"@type":"Organization","@id":"https:\/\/needfortrees.lt\/#organization","name":"NEED FOR TREES","url":"https:\/\/needfortrees.lt\/","logo":{"@type":"ImageObject","inLanguage":"lt-LT","@id":"https:\/\/needfortrees.lt\/#\/schema\/logo\/image\/","url":"https:\/\/needfortrees.lt\/wp-content\/uploads\/2025\/11\/MAIN-GRAPHIT.svg","contentUrl":"https:\/\/needfortrees.lt\/wp-content\/uploads\/2025\/11\/MAIN-GRAPHIT.svg","width":993,"height":440,"caption":"NEED FOR TREES"},"image":{"@id":"https:\/\/needfortrees.lt\/#\/schema\/logo\/image\/"},"sameAs":["https:\/\/www.facebook.com\/NeedForTrees\/","https:\/\/www.instagram.com\/need.for.trees\/"]}]}},"jetpack_sharing_enabled":true,"_links":{"self":[{"href":"https:\/\/needfortrees.lt\/lt\/wp-json\/wp\/v2\/product\/4486","targetHints":{"allow":["GET"]}}],"collection":[{"href":"https:\/\/needfortrees.lt\/lt\/wp-json\/wp\/v2\/product"}],"about":[{"href":"https:\/\/needfortrees.lt\/lt\/wp-json\/wp\/v2\/types\/product"}],"replies":[{"embeddable":true,"href":"https:\/\/needfortrees.lt\/lt\/wp-json\/wp\/v2\/comments?post=4486"}],"wp:featuredmedia":[{"embeddable":true,"href":"https:\/\/needfortrees.lt\/lt\/wp-json\/wp\/v2\/media\/4594"}],"wp:attachment":[{"href":"https:\/\/needfortrees.lt\/lt\/wp-json\/wp\/v2\/media?parent=4486"}],"wp:term":[{"taxonomy":"product_brand","embeddable":true,"href":"https:\/\/needfortrees.lt\/lt\/wp-json\/wp\/v2\/product_brand?post=4486"},{"taxonomy":"product_cat","embeddable":true,"href":"https:\/\/needfortrees.lt\/lt\/wp-json\/wp\/v2\/product_cat?post=4486"},{"taxonomy":"product_tag","embeddable":true,"href":"https:\/\/needfortrees.lt\/lt\/wp-json\/wp\/v2\/product_tag?post=4486"}],"curies":[{"name":"wp","href":"https:\/\/api.w.org\/{rel}","templated":true}]}}