{"id":4597,"date":"2025-07-26T17:13:21","date_gmt":"2025-07-26T17:13:21","guid":{"rendered":"https:\/\/needfortrees.lt\/?post_type=product&#038;p=4597"},"modified":"2026-03-09T20:52:01","modified_gmt":"2026-03-09T20:52:01","slug":"zekes","status":"publish","type":"product","link":"https:\/\/needfortrees.lt\/lt\/produktas\/zekes\/","title":{"rendered":"Kojin\u0117s miegui \u201e\u017dek\u0117s\u201c"},"content":{"rendered":"<h3>Neatsiejama miego sistemos dalis \u0161altajam sezonui, o ypa\u010d tiems, kuri\u0173 p\u0117d\u0173 \u0161ildymas yra i\u0161jungtas.<\/h3>\n<p>Miegodamas hamake ar apskritai lauke visada jau\u010diau, kad p\u0117das su\u0161ildyti yra sunkiausiai. I\u0161band\u017eia visk\u0105: vilnones kojines, merino vilnos kojines, papildomus u\u017eklotus, kar\u0161to vandens buteliukus, net Rik\u012f prie koj\u0173, bet\u00a0niekas neveik\u0117 taip gerai, kaip <strong data-start=\"499\" data-end=\"511\">\u201e\u017dek\u0117s\u201c<\/strong>.<\/p>\n<h3>Kod\u0117l \u201e\u017dek\u0117s\u201c \u2013 geriausias sprendimas \u0161alan\u010dioms p\u0117doms?<\/h3>\n<p>\u2022 <strong data-start=\"584\" data-end=\"625\">Nespaud\u017eia p\u0117d\u0173 kaip \u012fprastos kojin\u0117s<\/strong>, tod\u0117l nestabdo kraujotakos ir leid\u017eia \u0161ilumai laisvai cirkuliuoti.<br data-start=\"693\" data-end=\"696\" \/>\u2022 <strong data-start=\"698\" data-end=\"714\">Labai \u0161iltos<\/strong> \u2013 Climashield APEX 100 yra vienas efektyviausi\u0173 sintetini\u0173 u\u017epild\u0173 pasaulyje.<br data-start=\"794\" data-end=\"797\" \/>\u2022 <strong data-start=\"799\" data-end=\"832\">10D nailono vidinis sluoksnis<\/strong> \u2013 itin \u0161velnus, primenantis \u0161ilk\u0105.<br data-start=\"867\" data-end=\"870\" \/>\u2022 <strong data-start=\"872\" data-end=\"892\" data-is-only-node=\"\">Pasl\u0117ptos si\u016bl\u0117s<\/strong> \u2013 didesnis komfortas.<br data-start=\"929\" data-end=\"932\" \/>\u2022 <strong data-start=\"934\" data-end=\"950\">Itin lengvos<\/strong> \u2013 sveria apie 85 g.<br data-start=\"970\" data-end=\"973\" \/>\u2022 <strong data-start=\"975\" data-end=\"999\">Greitai d\u017ei\u016bstan\u010dios<\/strong> \u2013 puikiai tinka dr\u0117gnoms ar permainingoms oro s\u0105lygoms.<br data-start=\"1055\" data-end=\"1058\" \/>\u2022 <strong data-start=\"1060\" data-end=\"1077\">Kv\u0117puojan\u010dios<\/strong> \u2013 leid\u017eia odai kv\u0117puoti, i\u0161vengiama prakaitavimo ir nemalonaus dr\u0117gm\u0117s poj\u016b\u010dio.<br data-start=\"1157\" data-end=\"1160\" \/>\u2022 <strong data-start=\"1162\" data-end=\"1178\">Kompakti\u0161kos<\/strong> \u2013 u\u017eima ma\u017eai vietos kuprin\u0117je ar hamako \u012frangos komplekte.<br data-start=\"1238\" data-end=\"1241\" \/>\u2022 <strong data-start=\"1243\" data-end=\"1262\">\u012evair\u016bs dyd\u017eiai<\/strong> \u2013 kad kiekvienas gal\u0117t\u0173 rasti sau tinkamiausias.<\/p>\n","protected":false},"excerpt":{"rendered":"<p>Vis\u0173 pam\u0117gtos ultralight kojin\u0117s \u0161iltam miegui. <strong>\u201e\u017dek\u0117s\u201c<\/strong> tai miego sistemos papildymas, kuris <strong>pad\u0117s pakelti bendr\u0105 komforto temperat\u016br\u0105 bent keliais laipsniais.<\/strong><\/p>\n<p>Svoris \u2013 apie <strong>85 g;<\/strong><br \/>\nMed\u017eiaga \u2013 <strong>20d<\/strong> nylon i\u0161or\u0117, <strong>10d<\/strong> nylon vidus;<br \/>\nU\u017epildas \u2013 Climashield <strong>APEX 100.<\/strong><\/p>\n<p>Turime \u012fvairi\u0173 dyd\u017ei\u0173.<\/p>\n","protected":false},"featured_media":4622,"comment_status":"open","ping_status":"closed","template":"","meta":[],"product_brand":[],"product_cat":[47],"product_tag":[],"class_list":{"0":"post-4597","1":"product","2":"type-product","3":"status-publish","4":"has-post-thumbnail","6":"product_cat-pasiltinimas","8":"first","9":"instock","10":"sale","11":"taxable","12":"shipping-taxable","13":"purchasable","14":"product-type-variable"},"composite_virtual":false,"composite_layout":"","composite_add_to_cart_form_location":"","composite_editable_in_cart":false,"composite_sold_individually_context":"","composite_shop_price_calc":"","composite_components":[],"composite_scenarios":[],"yoast_head":"<!-- This site is optimized with the Yoast SEO plugin v26.3 - https:\/\/yoast.com\/wordpress\/plugins\/seo\/ -->\n<title>Kojin\u0117s miegui \u201e\u017dek\u0117s\u201c - NEED FOR TREES<\/title>\n<meta name=\"description\" content=\"Ultralight \u0161iltos kojin\u0117s miegui \u0161altu oru \u2013 ypa\u010d \u0161\u0105lan\u010dioms p\u0117doms. Lengvos, \u0161iltos, patogios. Idealiai tinka nakvynei gamtoje ar hamake.\" \/>\n<meta name=\"robots\" content=\"index, follow, max-snippet:-1, max-image-preview:large, max-video-preview:-1\" \/>\n<link rel=\"canonical\" href=\"https:\/\/needfortrees.lt\/lt\/produktas\/zekes\/\" \/>\n<meta property=\"og:locale\" content=\"lt_LT\" \/>\n<meta property=\"og:type\" content=\"article\" \/>\n<meta property=\"og:title\" content=\"Kojin\u0117s miegui \u201e\u017dek\u0117s\u201c - NEED FOR TREES\" \/>\n<meta property=\"og:description\" content=\"Ultralight \u0161iltos kojin\u0117s miegui \u0161altu oru \u2013 ypa\u010d \u0161\u0105lan\u010dioms p\u0117doms. Lengvos, \u0161iltos, patogios. Idealiai tinka nakvynei gamtoje ar hamake.\" \/>\n<meta property=\"og:url\" content=\"https:\/\/needfortrees.lt\/lt\/produktas\/zekes\/\" \/>\n<meta property=\"og:site_name\" content=\"NEED FOR TREES\" \/>\n<meta property=\"article:publisher\" content=\"https:\/\/www.facebook.com\/NeedForTrees\/\" \/>\n<meta property=\"article:modified_time\" content=\"2026-03-09T20:52:01+00:00\" \/>\n<meta property=\"og:image\" content=\"https:\/\/needfortrees.lt\/wp-content\/uploads\/2025\/07\/need-for-trees-insulated-boots-1.jpg\" \/>\n\t<meta property=\"og:image:width\" content=\"480\" \/>\n\t<meta property=\"og:image:height\" content=\"720\" \/>\n\t<meta property=\"og:image:type\" content=\"image\/jpeg\" \/>\n<meta name=\"twitter:card\" content=\"summary_large_image\" \/>\n<meta name=\"twitter:label1\" content=\"Est. reading time\" \/>\n\t<meta name=\"twitter:data1\" content=\"1 minut\u0117\" \/>\n<script type=\"application\/ld+json\" class=\"yoast-schema-graph\">{\"@context\":\"https:\/\/schema.org\",\"@graph\":[{\"@type\":\"WebPage\",\"@id\":\"https:\/\/needfortrees.lt\/lt\/produktas\/zekes\/\",\"url\":\"https:\/\/needfortrees.lt\/lt\/produktas\/zekes\/\",\"name\":\"Kojin\u0117s miegui \u201e\u017dek\u0117s\u201c - NEED FOR TREES\",\"isPartOf\":{\"@id\":\"https:\/\/needfortrees.lt\/#website\"},\"primaryImageOfPage\":{\"@id\":\"https:\/\/needfortrees.lt\/lt\/produktas\/zekes\/#primaryimage\"},\"image\":{\"@id\":\"https:\/\/needfortrees.lt\/lt\/produktas\/zekes\/#primaryimage\"},\"thumbnailUrl\":\"https:\/\/needfortrees.lt\/wp-content\/uploads\/2025\/07\/need-for-trees-insulated-boots-1.jpg\",\"datePublished\":\"2025-07-26T17:13:21+00:00\",\"dateModified\":\"2026-03-09T20:52:01+00:00\",\"description\":\"Ultralight \u0161iltos kojin\u0117s miegui \u0161altu oru \u2013 ypa\u010d \u0161\u0105lan\u010dioms p\u0117doms. Lengvos, \u0161iltos, patogios. Idealiai tinka nakvynei gamtoje ar hamake.\",\"breadcrumb\":{\"@id\":\"https:\/\/needfortrees.lt\/lt\/produktas\/zekes\/#breadcrumb\"},\"inLanguage\":\"lt-LT\",\"potentialAction\":[{\"@type\":\"ReadAction\",\"target\":[\"https:\/\/needfortrees.lt\/lt\/produktas\/zekes\/\"]}]},{\"@type\":\"ImageObject\",\"inLanguage\":\"lt-LT\",\"@id\":\"https:\/\/needfortrees.lt\/lt\/produktas\/zekes\/#primaryimage\",\"url\":\"https:\/\/needfortrees.lt\/wp-content\/uploads\/2025\/07\/need-for-trees-insulated-boots-1.jpg\",\"contentUrl\":\"https:\/\/needfortrees.lt\/wp-content\/uploads\/2025\/07\/need-for-trees-insulated-boots-1.jpg\",\"width\":480,\"height\":720,\"caption\":\"need for trees insulated boots\"},{\"@type\":\"BreadcrumbList\",\"@id\":\"https:\/\/needfortrees.lt\/lt\/produktas\/zekes\/#breadcrumb\",\"itemListElement\":[{\"@type\":\"ListItem\",\"position\":1,\"name\":\"Home\",\"item\":\"https:\/\/needfortrees.lt\/\"},{\"@type\":\"ListItem\",\"position\":2,\"name\":\"Parduotuv\u0117\",\"item\":\"https:\/\/needfortrees.lt\/products\/\"},{\"@type\":\"ListItem\",\"position\":3,\"name\":\"Kojin\u0117s miegui \u201e\u017dek\u0117s\u201c\"}]},{\"@type\":\"WebSite\",\"@id\":\"https:\/\/needfortrees.lt\/#website\",\"url\":\"https:\/\/needfortrees.lt\/\",\"name\":\"NEED FOR TREES\",\"description\":\"High quality hammocks and camping equipment\",\"publisher\":{\"@id\":\"https:\/\/needfortrees.lt\/#organization\"},\"potentialAction\":[{\"@type\":\"SearchAction\",\"target\":{\"@type\":\"EntryPoint\",\"urlTemplate\":\"https:\/\/needfortrees.lt\/?s={search_term_string}\"},\"query-input\":{\"@type\":\"PropertyValueSpecification\",\"valueRequired\":true,\"valueName\":\"search_term_string\"}}],\"inLanguage\":\"lt-LT\"},{\"@type\":\"Organization\",\"@id\":\"https:\/\/needfortrees.lt\/#organization\",\"name\":\"NEED FOR TREES\",\"url\":\"https:\/\/needfortrees.lt\/\",\"logo\":{\"@type\":\"ImageObject\",\"inLanguage\":\"lt-LT\",\"@id\":\"https:\/\/needfortrees.lt\/#\/schema\/logo\/image\/\",\"url\":\"https:\/\/needfortrees.lt\/wp-content\/uploads\/2025\/11\/MAIN-GRAPHIT.svg\",\"contentUrl\":\"https:\/\/needfortrees.lt\/wp-content\/uploads\/2025\/11\/MAIN-GRAPHIT.svg\",\"width\":993,\"height\":440,\"caption\":\"NEED FOR TREES\"},\"image\":{\"@id\":\"https:\/\/needfortrees.lt\/#\/schema\/logo\/image\/\"},\"sameAs\":[\"https:\/\/www.facebook.com\/NeedForTrees\/\",\"https:\/\/www.instagram.com\/need.for.trees\/\"]}]}<\/script>\n<!-- \/ Yoast SEO plugin. -->","yoast_head_json":{"title":"Kojin\u0117s miegui \u201e\u017dek\u0117s\u201c - NEED FOR TREES","description":"Ultralight \u0161iltos kojin\u0117s miegui \u0161altu oru \u2013 ypa\u010d \u0161\u0105lan\u010dioms p\u0117doms. Lengvos, \u0161iltos, patogios. Idealiai tinka nakvynei gamtoje ar hamake.","robots":{"index":"index","follow":"follow","max-snippet":"max-snippet:-1","max-image-preview":"max-image-preview:large","max-video-preview":"max-video-preview:-1"},"canonical":"https:\/\/needfortrees.lt\/lt\/produktas\/zekes\/","og_locale":"lt_LT","og_type":"article","og_title":"Kojin\u0117s miegui \u201e\u017dek\u0117s\u201c - NEED FOR TREES","og_description":"Ultralight \u0161iltos kojin\u0117s miegui \u0161altu oru \u2013 ypa\u010d \u0161\u0105lan\u010dioms p\u0117doms. Lengvos, \u0161iltos, patogios. Idealiai tinka nakvynei gamtoje ar hamake.","og_url":"https:\/\/needfortrees.lt\/lt\/produktas\/zekes\/","og_site_name":"NEED FOR TREES","article_publisher":"https:\/\/www.facebook.com\/NeedForTrees\/","article_modified_time":"2026-03-09T20:52:01+00:00","og_image":[{"width":480,"height":720,"url":"https:\/\/needfortrees.lt\/wp-content\/uploads\/2025\/07\/need-for-trees-insulated-boots-1.jpg","type":"image\/jpeg"}],"twitter_card":"summary_large_image","twitter_misc":{"Est. reading time":"1 minut\u0117"},"schema":{"@context":"https:\/\/schema.org","@graph":[{"@type":"WebPage","@id":"https:\/\/needfortrees.lt\/lt\/produktas\/zekes\/","url":"https:\/\/needfortrees.lt\/lt\/produktas\/zekes\/","name":"Kojin\u0117s miegui \u201e\u017dek\u0117s\u201c - NEED FOR TREES","isPartOf":{"@id":"https:\/\/needfortrees.lt\/#website"},"primaryImageOfPage":{"@id":"https:\/\/needfortrees.lt\/lt\/produktas\/zekes\/#primaryimage"},"image":{"@id":"https:\/\/needfortrees.lt\/lt\/produktas\/zekes\/#primaryimage"},"thumbnailUrl":"https:\/\/needfortrees.lt\/wp-content\/uploads\/2025\/07\/need-for-trees-insulated-boots-1.jpg","datePublished":"2025-07-26T17:13:21+00:00","dateModified":"2026-03-09T20:52:01+00:00","description":"Ultralight \u0161iltos kojin\u0117s miegui \u0161altu oru \u2013 ypa\u010d \u0161\u0105lan\u010dioms p\u0117doms. Lengvos, \u0161iltos, patogios. Idealiai tinka nakvynei gamtoje ar hamake.","breadcrumb":{"@id":"https:\/\/needfortrees.lt\/lt\/produktas\/zekes\/#breadcrumb"},"inLanguage":"lt-LT","potentialAction":[{"@type":"ReadAction","target":["https:\/\/needfortrees.lt\/lt\/produktas\/zekes\/"]}]},{"@type":"ImageObject","inLanguage":"lt-LT","@id":"https:\/\/needfortrees.lt\/lt\/produktas\/zekes\/#primaryimage","url":"https:\/\/needfortrees.lt\/wp-content\/uploads\/2025\/07\/need-for-trees-insulated-boots-1.jpg","contentUrl":"https:\/\/needfortrees.lt\/wp-content\/uploads\/2025\/07\/need-for-trees-insulated-boots-1.jpg","width":480,"height":720,"caption":"need for trees insulated boots"},{"@type":"BreadcrumbList","@id":"https:\/\/needfortrees.lt\/lt\/produktas\/zekes\/#breadcrumb","itemListElement":[{"@type":"ListItem","position":1,"name":"Home","item":"https:\/\/needfortrees.lt\/"},{"@type":"ListItem","position":2,"name":"Parduotuv\u0117","item":"https:\/\/needfortrees.lt\/products\/"},{"@type":"ListItem","position":3,"name":"Kojin\u0117s miegui \u201e\u017dek\u0117s\u201c"}]},{"@type":"WebSite","@id":"https:\/\/needfortrees.lt\/#website","url":"https:\/\/needfortrees.lt\/","name":"NEED FOR TREES","description":"High quality hammocks and camping equipment","publisher":{"@id":"https:\/\/needfortrees.lt\/#organization"},"potentialAction":[{"@type":"SearchAction","target":{"@type":"EntryPoint","urlTemplate":"https:\/\/needfortrees.lt\/?s={search_term_string}"},"query-input":{"@type":"PropertyValueSpecification","valueRequired":true,"valueName":"search_term_string"}}],"inLanguage":"lt-LT"},{"@type":"Organization","@id":"https:\/\/needfortrees.lt\/#organization","name":"NEED FOR TREES","url":"https:\/\/needfortrees.lt\/","logo":{"@type":"ImageObject","inLanguage":"lt-LT","@id":"https:\/\/needfortrees.lt\/#\/schema\/logo\/image\/","url":"https:\/\/needfortrees.lt\/wp-content\/uploads\/2025\/11\/MAIN-GRAPHIT.svg","contentUrl":"https:\/\/needfortrees.lt\/wp-content\/uploads\/2025\/11\/MAIN-GRAPHIT.svg","width":993,"height":440,"caption":"NEED FOR TREES"},"image":{"@id":"https:\/\/needfortrees.lt\/#\/schema\/logo\/image\/"},"sameAs":["https:\/\/www.facebook.com\/NeedForTrees\/","https:\/\/www.instagram.com\/need.for.trees\/"]}]}},"jetpack_sharing_enabled":true,"_links":{"self":[{"href":"https:\/\/needfortrees.lt\/lt\/wp-json\/wp\/v2\/product\/4597","targetHints":{"allow":["GET"]}}],"collection":[{"href":"https:\/\/needfortrees.lt\/lt\/wp-json\/wp\/v2\/product"}],"about":[{"href":"https:\/\/needfortrees.lt\/lt\/wp-json\/wp\/v2\/types\/product"}],"replies":[{"embeddable":true,"href":"https:\/\/needfortrees.lt\/lt\/wp-json\/wp\/v2\/comments?post=4597"}],"wp:featuredmedia":[{"embeddable":true,"href":"https:\/\/needfortrees.lt\/lt\/wp-json\/wp\/v2\/media\/4622"}],"wp:attachment":[{"href":"https:\/\/needfortrees.lt\/lt\/wp-json\/wp\/v2\/media?parent=4597"}],"wp:term":[{"taxonomy":"product_brand","embeddable":true,"href":"https:\/\/needfortrees.lt\/lt\/wp-json\/wp\/v2\/product_brand?post=4597"},{"taxonomy":"product_cat","embeddable":true,"href":"https:\/\/needfortrees.lt\/lt\/wp-json\/wp\/v2\/product_cat?post=4597"},{"taxonomy":"product_tag","embeddable":true,"href":"https:\/\/needfortrees.lt\/lt\/wp-json\/wp\/v2\/product_tag?post=4597"}],"curies":[{"name":"wp","href":"https:\/\/api.w.org\/{rel}","templated":true}]}}