{"id":4709,"date":"2025-09-22T12:00:21","date_gmt":"2025-09-22T12:00:21","guid":{"rendered":"https:\/\/needfortrees.lt\/?post_type=product&#038;p=4709"},"modified":"2026-02-27T17:15:53","modified_gmt":"2026-02-27T17:15:53","slug":"gulf","status":"publish","type":"product","link":"https:\/\/needfortrees.lt\/lt\/produktas\/gulf\/","title":{"rendered":"Tentas su durimis \u201eGulf\u201c"},"content":{"rendered":"<h1>Hamako tentas su mini durimis \u2013 dar didesn\u0117 apsauga nuo nenusp\u0117jamos gamtos.<\/h1>\n<p>Hexagon tipo tentas su mini durimis. Tentas, tinkamas naudoti 95 % laiko gamtoje, i\u0161skyrus tuos 5 %, kai lauke uraganas. Mini durys suteikia papildomos apsaugos nuo v\u0117jo ir lietaus, o \u0161altuoju met\u0173 sezonu tentas ypa\u010d atsiskleid\u017eia &#8211; tuomet, kai da\u017eniau lyja ir pu\u010dia stipresni, krypt\u012f kei\u010diantys v\u0117jai.<\/p>\n<p><img fetchpriority=\"high\" decoding=\"async\" class=\" wp-image-4875 aligncenter\" src=\"https:\/\/needfortrees.lt\/wp-content\/uploads\/2025\/09\/nft-tarp-gulf-1-300x182.jpg\" alt=\"hammock tarp with mini doors silpoly tarp nft\" width=\"739\" height=\"449\" srcset=\"https:\/\/needfortrees.lt\/wp-content\/uploads\/2025\/09\/nft-tarp-gulf-1-300x182.jpg 300w, https:\/\/needfortrees.lt\/wp-content\/uploads\/2025\/09\/nft-tarp-gulf-1.jpg 1920w\" sizes=\"(max-width: 739px) 100vw, 739px\" \/><\/p>\n<h3>Savyb\u0117s:<br \/>\n\u2022 Audinys \u2013 PFC Free Ultralight Silpoly<br \/>\n\u2022 Tento forma \u2013 Hexagon<br \/>\n\u2022 Ridgeline ilgis \u2013 360 cm<br \/>\n\u2022 Plotis \u2013 300 cm<br \/>\n\u2022 Svoris ~ 380 g<br \/>\n\u2022 Itin paprasta ir lengva pakabinimo sistema<\/h3>\n<p><img decoding=\"async\" class=\" wp-image-4881 aligncenter\" src=\"https:\/\/needfortrees.lt\/wp-content\/uploads\/2025\/09\/DSC02041-min-300x143.jpg\" alt=\"hammock tarp silpoly with doors\" width=\"732\" height=\"349\" srcset=\"https:\/\/needfortrees.lt\/wp-content\/uploads\/2025\/09\/DSC02041-min-300x143.jpg 300w, https:\/\/needfortrees.lt\/wp-content\/uploads\/2025\/09\/DSC02041-min-1024x489.jpg 1024w, https:\/\/needfortrees.lt\/wp-content\/uploads\/2025\/09\/DSC02041-min-768x367.jpg 768w, https:\/\/needfortrees.lt\/wp-content\/uploads\/2025\/09\/DSC02041-min-1536x734.jpg 1536w, https:\/\/needfortrees.lt\/wp-content\/uploads\/2025\/09\/DSC02041-min-600x287.jpg 600w, https:\/\/needfortrees.lt\/wp-content\/uploads\/2025\/09\/DSC02041-min.jpg 1920w\" sizes=\"(max-width: 732px) 100vw, 732px\" \/><\/p>\n<h3>10 tvirtinimo ta\u0161k\u0173: pakabinimo virv\u0117s su labai lengvu \u012ftempimo valdymu; kiekvienas tvirtinimo ta\u0161kas sujungtas su guma, kuri leid\u017eia i\u0161laikyti vienod\u0105 \u012ftempim\u0105.<\/h3>\n<h3><strong>Virv\u0117s ir kuoliukai yra tento dalis. Pirkti atskirai nereikia.<\/strong><\/h3>\n<figure id=\"attachment_4710\" aria-describedby=\"caption-attachment-4710\" style=\"width: 766px\" class=\"wp-caption aligncenter\"><img decoding=\"async\" class=\"wp-image-4710\" src=\"https:\/\/needfortrees.lt\/wp-content\/uploads\/2024\/05\/nft-tarp-stakes-300x141.jpg\" alt=\"hammock tarp titanium stakes suspension \" width=\"766\" height=\"360\" srcset=\"https:\/\/needfortrees.lt\/wp-content\/uploads\/2024\/05\/nft-tarp-stakes-300x141.jpg 300w, https:\/\/needfortrees.lt\/wp-content\/uploads\/2024\/05\/nft-tarp-stakes-1024x480.jpg 1024w, https:\/\/needfortrees.lt\/wp-content\/uploads\/2024\/05\/nft-tarp-stakes-768x360.jpg 768w, https:\/\/needfortrees.lt\/wp-content\/uploads\/2024\/05\/nft-tarp-stakes-600x281.jpg 600w, https:\/\/needfortrees.lt\/wp-content\/uploads\/2024\/05\/nft-tarp-stakes.jpg 1080w\" sizes=\"(max-width: 766px) 100vw, 766px\" \/><figcaption id=\"caption-attachment-4710\" class=\"wp-caption-text\">Titaniniai Need for Trees kuoliukai tentui<\/figcaption><\/figure>\n","protected":false},"excerpt":{"rendered":"<p><strong>Atnaujintas Need for Trees tentas \u2013 su mini durimis geresniai u\u017euov\u0117jai sukurti. <\/strong>Tentas yra itin didelis, lietui nepralaidus ir ne\u012ftik\u0117tinai lengvas. Gal net lengviausias tokio dyd\u017eio ir formos tentas rinkoje! Sukurtas specialiai <a href=\"https:\/\/needfortrees.lt\/product-category\/hamakai\/?v=d91af6958918\">Need For Trees hamakams<\/a>.<\/p>\n<p>Ridgeline ilgis \u2013 <strong>360 cm (12 ft)<\/strong><br \/>\nPlotis \u2013 <strong>300 cm (9.85 ft)<\/strong><br \/>\nSvoris ~ <strong>380 g (0.84 lbs)<\/strong><br \/>\nAudinys \u2013 <strong>Silpoly<\/strong><\/p>\n<p>Detalesnis apra\u0161ymas \u017eemiau!<\/p>\n","protected":false},"featured_media":4873,"comment_status":"open","ping_status":"closed","template":"","meta":[],"product_brand":[],"product_cat":[32],"product_tag":[],"class_list":{"0":"post-4709","1":"product","2":"type-product","3":"status-publish","4":"has-post-thumbnail","6":"product_cat-tentai","8":"first","9":"instock","10":"taxable","11":"shipping-taxable","12":"purchasable","13":"product-type-variable"},"composite_virtual":false,"composite_layout":"","composite_add_to_cart_form_location":"","composite_editable_in_cart":false,"composite_sold_individually_context":"","composite_shop_price_calc":"","composite_components":[],"composite_scenarios":[],"yoast_head":"<!-- This site is optimized with the Yoast SEO plugin v26.3 - https:\/\/yoast.com\/wordpress\/plugins\/seo\/ -->\n<title>Silpoly hamako tentas su mini durimis<\/title>\n<meta name=\"description\" content=\"Hamako tentas su mini durimis, kurios padeda apsaugoti tave nuo didelio v\u0117jo ir lietaus. Pagamintas i\u0161 labiausiai tentui tinkamo audinio - silpoly.\" \/>\n<meta name=\"robots\" content=\"index, follow, max-snippet:-1, max-image-preview:large, max-video-preview:-1\" \/>\n<link rel=\"canonical\" href=\"https:\/\/needfortrees.lt\/lt\/produktas\/gulf\/\" \/>\n<meta property=\"og:locale\" content=\"lt_LT\" \/>\n<meta property=\"og:type\" content=\"article\" \/>\n<meta property=\"og:title\" content=\"Silpoly hamako tentas su mini durimis\" \/>\n<meta property=\"og:description\" content=\"Hamako tentas su mini durimis, kurios padeda apsaugoti tave nuo didelio v\u0117jo ir lietaus. Pagamintas i\u0161 labiausiai tentui tinkamo audinio - silpoly.\" \/>\n<meta property=\"og:url\" content=\"https:\/\/needfortrees.lt\/lt\/produktas\/gulf\/\" \/>\n<meta property=\"og:site_name\" content=\"NEED FOR TREES\" \/>\n<meta property=\"article:publisher\" content=\"https:\/\/www.facebook.com\/NeedForTrees\/\" \/>\n<meta property=\"article:modified_time\" content=\"2026-02-27T17:15:53+00:00\" \/>\n<meta property=\"og:image\" content=\"https:\/\/needfortrees.lt\/wp-content\/uploads\/2025\/08\/DSC02039-min-2.jpg\" \/>\n\t<meta property=\"og:image:width\" content=\"1280\" \/>\n\t<meta property=\"og:image:height\" content=\"1920\" \/>\n\t<meta property=\"og:image:type\" content=\"image\/jpeg\" \/>\n<meta name=\"twitter:card\" content=\"summary_large_image\" \/>\n<meta name=\"twitter:label1\" content=\"Est. reading time\" \/>\n\t<meta name=\"twitter:data1\" content=\"2 minut\u0117s\" \/>\n<script type=\"application\/ld+json\" class=\"yoast-schema-graph\">{\"@context\":\"https:\/\/schema.org\",\"@graph\":[{\"@type\":\"WebPage\",\"@id\":\"https:\/\/needfortrees.lt\/lt\/produktas\/gulf\/\",\"url\":\"https:\/\/needfortrees.lt\/lt\/produktas\/gulf\/\",\"name\":\"Silpoly hamako tentas su mini durimis\",\"isPartOf\":{\"@id\":\"https:\/\/needfortrees.lt\/#website\"},\"primaryImageOfPage\":{\"@id\":\"https:\/\/needfortrees.lt\/lt\/produktas\/gulf\/#primaryimage\"},\"image\":{\"@id\":\"https:\/\/needfortrees.lt\/lt\/produktas\/gulf\/#primaryimage\"},\"thumbnailUrl\":\"https:\/\/needfortrees.lt\/wp-content\/uploads\/2025\/08\/DSC02039-min-2.jpg\",\"datePublished\":\"2025-09-22T12:00:21+00:00\",\"dateModified\":\"2026-02-27T17:15:53+00:00\",\"description\":\"Hamako tentas su mini durimis, kurios padeda apsaugoti tave nuo didelio v\u0117jo ir lietaus. Pagamintas i\u0161 labiausiai tentui tinkamo audinio - silpoly.\",\"breadcrumb\":{\"@id\":\"https:\/\/needfortrees.lt\/lt\/produktas\/gulf\/#breadcrumb\"},\"inLanguage\":\"lt-LT\",\"potentialAction\":[{\"@type\":\"ReadAction\",\"target\":[\"https:\/\/needfortrees.lt\/lt\/produktas\/gulf\/\"]}]},{\"@type\":\"ImageObject\",\"inLanguage\":\"lt-LT\",\"@id\":\"https:\/\/needfortrees.lt\/lt\/produktas\/gulf\/#primaryimage\",\"url\":\"https:\/\/needfortrees.lt\/wp-content\/uploads\/2025\/08\/DSC02039-min-2.jpg\",\"contentUrl\":\"https:\/\/needfortrees.lt\/wp-content\/uploads\/2025\/08\/DSC02039-min-2.jpg\",\"width\":1280,\"height\":1920,\"caption\":\"hammock tarp with doors silpoly tarp need for trees\"},{\"@type\":\"BreadcrumbList\",\"@id\":\"https:\/\/needfortrees.lt\/lt\/produktas\/gulf\/#breadcrumb\",\"itemListElement\":[{\"@type\":\"ListItem\",\"position\":1,\"name\":\"Home\",\"item\":\"https:\/\/needfortrees.lt\/\"},{\"@type\":\"ListItem\",\"position\":2,\"name\":\"Parduotuv\u0117\",\"item\":\"https:\/\/needfortrees.lt\/products\/\"},{\"@type\":\"ListItem\",\"position\":3,\"name\":\"Tentas su durimis \u201eGulf\u201c\"}]},{\"@type\":\"WebSite\",\"@id\":\"https:\/\/needfortrees.lt\/#website\",\"url\":\"https:\/\/needfortrees.lt\/\",\"name\":\"NEED FOR TREES\",\"description\":\"High quality hammocks and camping equipment\",\"publisher\":{\"@id\":\"https:\/\/needfortrees.lt\/#organization\"},\"potentialAction\":[{\"@type\":\"SearchAction\",\"target\":{\"@type\":\"EntryPoint\",\"urlTemplate\":\"https:\/\/needfortrees.lt\/?s={search_term_string}\"},\"query-input\":{\"@type\":\"PropertyValueSpecification\",\"valueRequired\":true,\"valueName\":\"search_term_string\"}}],\"inLanguage\":\"lt-LT\"},{\"@type\":\"Organization\",\"@id\":\"https:\/\/needfortrees.lt\/#organization\",\"name\":\"NEED FOR TREES\",\"url\":\"https:\/\/needfortrees.lt\/\",\"logo\":{\"@type\":\"ImageObject\",\"inLanguage\":\"lt-LT\",\"@id\":\"https:\/\/needfortrees.lt\/#\/schema\/logo\/image\/\",\"url\":\"https:\/\/needfortrees.lt\/wp-content\/uploads\/2025\/11\/MAIN-GRAPHIT.svg\",\"contentUrl\":\"https:\/\/needfortrees.lt\/wp-content\/uploads\/2025\/11\/MAIN-GRAPHIT.svg\",\"width\":993,\"height\":440,\"caption\":\"NEED FOR TREES\"},\"image\":{\"@id\":\"https:\/\/needfortrees.lt\/#\/schema\/logo\/image\/\"},\"sameAs\":[\"https:\/\/www.facebook.com\/NeedForTrees\/\",\"https:\/\/www.instagram.com\/need.for.trees\/\"]}]}<\/script>\n<!-- \/ Yoast SEO plugin. -->","yoast_head_json":{"title":"Silpoly hamako tentas su mini durimis","description":"Hamako tentas su mini durimis, kurios padeda apsaugoti tave nuo didelio v\u0117jo ir lietaus. Pagamintas i\u0161 labiausiai tentui tinkamo audinio - silpoly.","robots":{"index":"index","follow":"follow","max-snippet":"max-snippet:-1","max-image-preview":"max-image-preview:large","max-video-preview":"max-video-preview:-1"},"canonical":"https:\/\/needfortrees.lt\/lt\/produktas\/gulf\/","og_locale":"lt_LT","og_type":"article","og_title":"Silpoly hamako tentas su mini durimis","og_description":"Hamako tentas su mini durimis, kurios padeda apsaugoti tave nuo didelio v\u0117jo ir lietaus. Pagamintas i\u0161 labiausiai tentui tinkamo audinio - silpoly.","og_url":"https:\/\/needfortrees.lt\/lt\/produktas\/gulf\/","og_site_name":"NEED FOR TREES","article_publisher":"https:\/\/www.facebook.com\/NeedForTrees\/","article_modified_time":"2026-02-27T17:15:53+00:00","og_image":[{"width":1280,"height":1920,"url":"https:\/\/needfortrees.lt\/wp-content\/uploads\/2025\/08\/DSC02039-min-2.jpg","type":"image\/jpeg"}],"twitter_card":"summary_large_image","twitter_misc":{"Est. reading time":"2 minut\u0117s"},"schema":{"@context":"https:\/\/schema.org","@graph":[{"@type":"WebPage","@id":"https:\/\/needfortrees.lt\/lt\/produktas\/gulf\/","url":"https:\/\/needfortrees.lt\/lt\/produktas\/gulf\/","name":"Silpoly hamako tentas su mini durimis","isPartOf":{"@id":"https:\/\/needfortrees.lt\/#website"},"primaryImageOfPage":{"@id":"https:\/\/needfortrees.lt\/lt\/produktas\/gulf\/#primaryimage"},"image":{"@id":"https:\/\/needfortrees.lt\/lt\/produktas\/gulf\/#primaryimage"},"thumbnailUrl":"https:\/\/needfortrees.lt\/wp-content\/uploads\/2025\/08\/DSC02039-min-2.jpg","datePublished":"2025-09-22T12:00:21+00:00","dateModified":"2026-02-27T17:15:53+00:00","description":"Hamako tentas su mini durimis, kurios padeda apsaugoti tave nuo didelio v\u0117jo ir lietaus. Pagamintas i\u0161 labiausiai tentui tinkamo audinio - silpoly.","breadcrumb":{"@id":"https:\/\/needfortrees.lt\/lt\/produktas\/gulf\/#breadcrumb"},"inLanguage":"lt-LT","potentialAction":[{"@type":"ReadAction","target":["https:\/\/needfortrees.lt\/lt\/produktas\/gulf\/"]}]},{"@type":"ImageObject","inLanguage":"lt-LT","@id":"https:\/\/needfortrees.lt\/lt\/produktas\/gulf\/#primaryimage","url":"https:\/\/needfortrees.lt\/wp-content\/uploads\/2025\/08\/DSC02039-min-2.jpg","contentUrl":"https:\/\/needfortrees.lt\/wp-content\/uploads\/2025\/08\/DSC02039-min-2.jpg","width":1280,"height":1920,"caption":"hammock tarp with doors silpoly tarp need for trees"},{"@type":"BreadcrumbList","@id":"https:\/\/needfortrees.lt\/lt\/produktas\/gulf\/#breadcrumb","itemListElement":[{"@type":"ListItem","position":1,"name":"Home","item":"https:\/\/needfortrees.lt\/"},{"@type":"ListItem","position":2,"name":"Parduotuv\u0117","item":"https:\/\/needfortrees.lt\/products\/"},{"@type":"ListItem","position":3,"name":"Tentas su durimis \u201eGulf\u201c"}]},{"@type":"WebSite","@id":"https:\/\/needfortrees.lt\/#website","url":"https:\/\/needfortrees.lt\/","name":"NEED FOR TREES","description":"High quality hammocks and camping equipment","publisher":{"@id":"https:\/\/needfortrees.lt\/#organization"},"potentialAction":[{"@type":"SearchAction","target":{"@type":"EntryPoint","urlTemplate":"https:\/\/needfortrees.lt\/?s={search_term_string}"},"query-input":{"@type":"PropertyValueSpecification","valueRequired":true,"valueName":"search_term_string"}}],"inLanguage":"lt-LT"},{"@type":"Organization","@id":"https:\/\/needfortrees.lt\/#organization","name":"NEED FOR TREES","url":"https:\/\/needfortrees.lt\/","logo":{"@type":"ImageObject","inLanguage":"lt-LT","@id":"https:\/\/needfortrees.lt\/#\/schema\/logo\/image\/","url":"https:\/\/needfortrees.lt\/wp-content\/uploads\/2025\/11\/MAIN-GRAPHIT.svg","contentUrl":"https:\/\/needfortrees.lt\/wp-content\/uploads\/2025\/11\/MAIN-GRAPHIT.svg","width":993,"height":440,"caption":"NEED FOR TREES"},"image":{"@id":"https:\/\/needfortrees.lt\/#\/schema\/logo\/image\/"},"sameAs":["https:\/\/www.facebook.com\/NeedForTrees\/","https:\/\/www.instagram.com\/need.for.trees\/"]}]}},"jetpack_sharing_enabled":true,"_links":{"self":[{"href":"https:\/\/needfortrees.lt\/lt\/wp-json\/wp\/v2\/product\/4709","targetHints":{"allow":["GET"]}}],"collection":[{"href":"https:\/\/needfortrees.lt\/lt\/wp-json\/wp\/v2\/product"}],"about":[{"href":"https:\/\/needfortrees.lt\/lt\/wp-json\/wp\/v2\/types\/product"}],"replies":[{"embeddable":true,"href":"https:\/\/needfortrees.lt\/lt\/wp-json\/wp\/v2\/comments?post=4709"}],"wp:featuredmedia":[{"embeddable":true,"href":"https:\/\/needfortrees.lt\/lt\/wp-json\/wp\/v2\/media\/4873"}],"wp:attachment":[{"href":"https:\/\/needfortrees.lt\/lt\/wp-json\/wp\/v2\/media?parent=4709"}],"wp:term":[{"taxonomy":"product_brand","embeddable":true,"href":"https:\/\/needfortrees.lt\/lt\/wp-json\/wp\/v2\/product_brand?post=4709"},{"taxonomy":"product_cat","embeddable":true,"href":"https:\/\/needfortrees.lt\/lt\/wp-json\/wp\/v2\/product_cat?post=4709"},{"taxonomy":"product_tag","embeddable":true,"href":"https:\/\/needfortrees.lt\/lt\/wp-json\/wp\/v2\/product_tag?post=4709"}],"curies":[{"name":"wp","href":"https:\/\/api.w.org\/{rel}","templated":true}]}}