{"id":4909,"date":"2025-09-22T13:07:39","date_gmt":"2025-09-22T13:07:39","guid":{"rendered":"https:\/\/needfortrees.lt\/?post_type=product&#038;p=4909"},"modified":"2026-04-16T07:23:23","modified_gmt":"2026-04-16T07:23:23","slug":"topcover","status":"publish","type":"product","link":"https:\/\/needfortrees.lt\/lt\/produktas\/topcover\/","title":{"rendered":"Hamako u\u017edangalas nuo v\u0117jo"},"content":{"rendered":"<h1>Paupgradink savo \u201e<a href=\"https:\/\/needfortrees.lt\/produktas\/hamakas-su-tinkleliu\/\">Gil\u012f<\/a>\u201c.<\/h1>\n<p>Neleisk \u0161al\u010diui sustabdyti tav\u0119s nuo nakvyni\u0173 lauke. Mano manymu, \u012fdomiausias miego lauke sezonas yra \u0161altasis, tod\u0117l suk\u016briau \u0161\u012f hamako tinklel\u012f pakei\u010diant\u012f sprendim\u0105 \u2013 kad v\u0117jas ir \u0161altis nesugadint\u0173 tavo nakvyn\u0117s.<\/p>\n<p>U\u017edangalas tvirtinamas \u201e<a href=\"https:\/\/needfortrees.lt\/produktas\/hamakas-su-tinkleliu\/\">Gilio<\/a>\u201c hamake vietoje tinklelio. Pakanka nusegti esam\u0105 tinklel\u012f ir j\u012f pakeisti u\u017edangalu.<\/p>\n<p><img fetchpriority=\"high\" decoding=\"async\" class=\" wp-image-4905 aligncenter\" src=\"https:\/\/needfortrees.lt\/wp-content\/uploads\/2025\/09\/DSC01919-min-300x163.jpg\" alt=\"Hammock cover\" width=\"760\" height=\"413\" \/><\/p>\n<h2>Pakelk hamako temperat\u016bros komfort\u0105 iki +7 \u00b0C<\/h2>\n<p>Mano patirtimi, naudojant \u0161\u012f u\u017edangal\u0105, temperat\u016bra hamako viduje pakyla iki apie 7\u202f\u00b0C. Tai leid\u017eia naudoti plonesn\u012f miegmai\u0161\u012f, ta\u010diau pirmiausia i\u0161sitestuokite patys, nes kiekvienas \u017emogus skirtingai jau\u010dia \u0161alt\u012f. \u0160is u\u017edangalas sulaiko j\u016bs\u0173 k\u016bno skleid\u017eiam\u0105 \u0161ilum\u0105, taip sukuriant \u0161iltesn\u012f mikroklimat\u0105 hamako viduje.<\/p>\n<p><img decoding=\"async\" class=\" wp-image-4912 aligncenter\" src=\"https:\/\/needfortrees.lt\/wp-content\/uploads\/2025\/09\/552184760_1284713246736627_5325564577059233509_n-1-300x169.jpg\" alt=\"hammock top cover, wind cover, bugnet replacement\" width=\"708\" height=\"399\" \/><\/p>\n<h2>Kondensato kaupim\u0105 ma\u017einantis dizainas<\/h2>\n<p>Integruotas tinklelio tarpas padeda suma\u017einti kondensato kaupim\u0105si. Be to, u\u017edangalo audinys yra neperpu\u010diamas, bet pralaidus dr\u0117gmei, tod\u0117l ryte nereik\u0117s r\u016bpintis, kad susikaupus kondensatui hamakas su\u0161lapt\u0173.<\/p>\n<p><img decoding=\"async\" class=\" wp-image-4899 aligncenter\" src=\"https:\/\/needfortrees.lt\/wp-content\/uploads\/2025\/09\/DSC01992-min-300x169.jpg\" alt=\"hammock wind cover attachment\" width=\"754\" height=\"425\" srcset=\"https:\/\/needfortrees.lt\/wp-content\/uploads\/2025\/09\/DSC01992-min-300x169.jpg 300w, https:\/\/needfortrees.lt\/wp-content\/uploads\/2025\/09\/DSC01992-min-1024x576.jpg 1024w, https:\/\/needfortrees.lt\/wp-content\/uploads\/2025\/09\/DSC01992-min-768x432.jpg 768w, https:\/\/needfortrees.lt\/wp-content\/uploads\/2025\/09\/DSC01992-min-1536x864.jpg 1536w, https:\/\/needfortrees.lt\/wp-content\/uploads\/2025\/09\/DSC01992-min-600x338.jpg 600w, https:\/\/needfortrees.lt\/wp-content\/uploads\/2025\/09\/DSC01992-min.jpg 1920w\" sizes=\"(max-width: 754px) 100vw, 754px\" \/><\/p>\n","protected":false},"excerpt":{"rendered":"<p><strong>NAUJIENA! <\/strong>\u201e<a href=\"https:\/\/needfortrees.lt\/produktas\/hamakas-su-tinkleliu\/\">Gilio<\/a>\u201c paturbinimas \u2013 tinklelio pakeitimas \u012f u\u017edangal\u0105 nuo v\u0117jo, kuris sulaiko ir \u0161ilum\u0105 hamake.<\/p>\n<p>Detalesnis apra\u0161ymas \u017eemiau!<\/p>\n","protected":false},"featured_media":4893,"comment_status":"open","ping_status":"closed","template":"","meta":[],"product_brand":[],"product_cat":[29],"product_tag":[],"class_list":{"0":"post-4909","1":"product","2":"type-product","3":"status-publish","4":"has-post-thumbnail","6":"product_cat-hamakai","8":"first","9":"instock","10":"taxable","11":"shipping-taxable","12":"purchasable","13":"product-type-variable"},"composite_virtual":false,"composite_layout":"","composite_add_to_cart_form_location":"","composite_editable_in_cart":false,"composite_sold_individually_context":"","composite_shop_price_calc":"","composite_components":[],"composite_scenarios":[],"yoast_head":"<!-- This site is optimized with the Yoast SEO plugin v26.3 - https:\/\/yoast.com\/wordpress\/plugins\/seo\/ -->\n<title>Hamako u\u017edangalas nuo v\u0117jo, kuris sulaiko ir \u0161ilum\u0105<\/title>\n<meta name=\"description\" content=\"Gilio patobulinimas - u\u017edangalas, kuris pakei\u010dia hamako tinklel\u012f. Su \u0161iuo u\u017edangalu galima pakelti temperat\u016bra hamako viduje iki 7 \u00b0C\" \/>\n<meta name=\"robots\" content=\"index, follow, max-snippet:-1, max-image-preview:large, max-video-preview:-1\" \/>\n<link rel=\"canonical\" href=\"https:\/\/needfortrees.lt\/lt\/produktas\/topcover\/\" \/>\n<meta property=\"og:locale\" content=\"lt_LT\" \/>\n<meta property=\"og:type\" content=\"article\" \/>\n<meta property=\"og:title\" content=\"Hamako u\u017edangalas nuo v\u0117jo, kuris sulaiko ir \u0161ilum\u0105\" \/>\n<meta property=\"og:description\" content=\"Gilio patobulinimas - u\u017edangalas, kuris pakei\u010dia hamako tinklel\u012f. Su \u0161iuo u\u017edangalu galima pakelti temperat\u016bra hamako viduje iki 7 \u00b0C\" \/>\n<meta property=\"og:url\" content=\"https:\/\/needfortrees.lt\/lt\/produktas\/topcover\/\" \/>\n<meta property=\"og:site_name\" content=\"NEED FOR TREES\" \/>\n<meta property=\"article:publisher\" content=\"https:\/\/www.facebook.com\/NeedForTrees\/\" \/>\n<meta property=\"article:modified_time\" content=\"2026-04-16T07:23:23+00:00\" \/>\n<meta property=\"og:image\" content=\"https:\/\/needfortrees.lt\/wp-content\/uploads\/2025\/09\/DSC01935-min.jpg\" \/>\n\t<meta property=\"og:image:width\" content=\"1280\" \/>\n\t<meta property=\"og:image:height\" content=\"1920\" \/>\n\t<meta property=\"og:image:type\" content=\"image\/jpeg\" \/>\n<meta name=\"twitter:card\" content=\"summary_large_image\" \/>\n<meta name=\"twitter:label1\" content=\"Est. reading time\" \/>\n\t<meta name=\"twitter:data1\" content=\"2 minut\u0117s\" \/>\n<script type=\"application\/ld+json\" class=\"yoast-schema-graph\">{\"@context\":\"https:\/\/schema.org\",\"@graph\":[{\"@type\":\"WebPage\",\"@id\":\"https:\/\/needfortrees.lt\/lt\/produktas\/topcover\/\",\"url\":\"https:\/\/needfortrees.lt\/lt\/produktas\/topcover\/\",\"name\":\"Hamako u\u017edangalas nuo v\u0117jo, kuris sulaiko ir \u0161ilum\u0105\",\"isPartOf\":{\"@id\":\"https:\/\/needfortrees.lt\/#website\"},\"primaryImageOfPage\":{\"@id\":\"https:\/\/needfortrees.lt\/lt\/produktas\/topcover\/#primaryimage\"},\"image\":{\"@id\":\"https:\/\/needfortrees.lt\/lt\/produktas\/topcover\/#primaryimage\"},\"thumbnailUrl\":\"https:\/\/needfortrees.lt\/wp-content\/uploads\/2025\/09\/DSC01935-min.jpg\",\"datePublished\":\"2025-09-22T13:07:39+00:00\",\"dateModified\":\"2026-04-16T07:23:23+00:00\",\"description\":\"Gilio patobulinimas - u\u017edangalas, kuris pakei\u010dia hamako tinklel\u012f. Su \u0161iuo u\u017edangalu galima pakelti temperat\u016bra hamako viduje iki 7 \u00b0C\",\"breadcrumb\":{\"@id\":\"https:\/\/needfortrees.lt\/lt\/produktas\/topcover\/#breadcrumb\"},\"inLanguage\":\"lt-LT\",\"potentialAction\":[{\"@type\":\"ReadAction\",\"target\":[\"https:\/\/needfortrees.lt\/lt\/produktas\/topcover\/\"]}]},{\"@type\":\"ImageObject\",\"inLanguage\":\"lt-LT\",\"@id\":\"https:\/\/needfortrees.lt\/lt\/produktas\/topcover\/#primaryimage\",\"url\":\"https:\/\/needfortrees.lt\/wp-content\/uploads\/2025\/09\/DSC01935-min.jpg\",\"contentUrl\":\"https:\/\/needfortrees.lt\/wp-content\/uploads\/2025\/09\/DSC01935-min.jpg\",\"width\":1280,\"height\":1920,\"caption\":\"hammock wind cover\"},{\"@type\":\"BreadcrumbList\",\"@id\":\"https:\/\/needfortrees.lt\/lt\/produktas\/topcover\/#breadcrumb\",\"itemListElement\":[{\"@type\":\"ListItem\",\"position\":1,\"name\":\"Home\",\"item\":\"https:\/\/needfortrees.lt\/lt\/\"},{\"@type\":\"ListItem\",\"position\":2,\"name\":\"Parduotuv\u0117\",\"item\":\"https:\/\/needfortrees.lt\/products\/\"},{\"@type\":\"ListItem\",\"position\":3,\"name\":\"Hamako u\u017edangalas nuo v\u0117jo\"}]},{\"@type\":\"WebSite\",\"@id\":\"https:\/\/needfortrees.lt\/#website\",\"url\":\"https:\/\/needfortrees.lt\/\",\"name\":\"NEED FOR TREES\",\"description\":\"High quality hammocks and camping equipment\",\"publisher\":{\"@id\":\"https:\/\/needfortrees.lt\/#organization\"},\"potentialAction\":[{\"@type\":\"SearchAction\",\"target\":{\"@type\":\"EntryPoint\",\"urlTemplate\":\"https:\/\/needfortrees.lt\/?s={search_term_string}\"},\"query-input\":{\"@type\":\"PropertyValueSpecification\",\"valueRequired\":true,\"valueName\":\"search_term_string\"}}],\"inLanguage\":\"lt-LT\"},{\"@type\":\"Organization\",\"@id\":\"https:\/\/needfortrees.lt\/#organization\",\"name\":\"NEED FOR TREES\",\"url\":\"https:\/\/needfortrees.lt\/\",\"logo\":{\"@type\":\"ImageObject\",\"inLanguage\":\"lt-LT\",\"@id\":\"https:\/\/needfortrees.lt\/#\/schema\/logo\/image\/\",\"url\":\"https:\/\/needfortrees.lt\/wp-content\/uploads\/2025\/11\/MAIN-GRAPHIT.svg\",\"contentUrl\":\"https:\/\/needfortrees.lt\/wp-content\/uploads\/2025\/11\/MAIN-GRAPHIT.svg\",\"width\":993,\"height\":440,\"caption\":\"NEED FOR TREES\"},\"image\":{\"@id\":\"https:\/\/needfortrees.lt\/#\/schema\/logo\/image\/\"},\"sameAs\":[\"https:\/\/www.facebook.com\/NeedForTrees\/\",\"https:\/\/www.instagram.com\/need.for.trees\/\"]}]}<\/script>\n<!-- \/ Yoast SEO plugin. -->","yoast_head_json":{"title":"Hamako u\u017edangalas nuo v\u0117jo, kuris sulaiko ir \u0161ilum\u0105","description":"Gilio patobulinimas - u\u017edangalas, kuris pakei\u010dia hamako tinklel\u012f. Su \u0161iuo u\u017edangalu galima pakelti temperat\u016bra hamako viduje iki 7 \u00b0C","robots":{"index":"index","follow":"follow","max-snippet":"max-snippet:-1","max-image-preview":"max-image-preview:large","max-video-preview":"max-video-preview:-1"},"canonical":"https:\/\/needfortrees.lt\/lt\/produktas\/topcover\/","og_locale":"lt_LT","og_type":"article","og_title":"Hamako u\u017edangalas nuo v\u0117jo, kuris sulaiko ir \u0161ilum\u0105","og_description":"Gilio patobulinimas - u\u017edangalas, kuris pakei\u010dia hamako tinklel\u012f. Su \u0161iuo u\u017edangalu galima pakelti temperat\u016bra hamako viduje iki 7 \u00b0C","og_url":"https:\/\/needfortrees.lt\/lt\/produktas\/topcover\/","og_site_name":"NEED FOR TREES","article_publisher":"https:\/\/www.facebook.com\/NeedForTrees\/","article_modified_time":"2026-04-16T07:23:23+00:00","og_image":[{"width":1280,"height":1920,"url":"https:\/\/needfortrees.lt\/wp-content\/uploads\/2025\/09\/DSC01935-min.jpg","type":"image\/jpeg"}],"twitter_card":"summary_large_image","twitter_misc":{"Est. reading time":"2 minut\u0117s"},"schema":{"@context":"https:\/\/schema.org","@graph":[{"@type":"WebPage","@id":"https:\/\/needfortrees.lt\/lt\/produktas\/topcover\/","url":"https:\/\/needfortrees.lt\/lt\/produktas\/topcover\/","name":"Hamako u\u017edangalas nuo v\u0117jo, kuris sulaiko ir \u0161ilum\u0105","isPartOf":{"@id":"https:\/\/needfortrees.lt\/#website"},"primaryImageOfPage":{"@id":"https:\/\/needfortrees.lt\/lt\/produktas\/topcover\/#primaryimage"},"image":{"@id":"https:\/\/needfortrees.lt\/lt\/produktas\/topcover\/#primaryimage"},"thumbnailUrl":"https:\/\/needfortrees.lt\/wp-content\/uploads\/2025\/09\/DSC01935-min.jpg","datePublished":"2025-09-22T13:07:39+00:00","dateModified":"2026-04-16T07:23:23+00:00","description":"Gilio patobulinimas - u\u017edangalas, kuris pakei\u010dia hamako tinklel\u012f. Su \u0161iuo u\u017edangalu galima pakelti temperat\u016bra hamako viduje iki 7 \u00b0C","breadcrumb":{"@id":"https:\/\/needfortrees.lt\/lt\/produktas\/topcover\/#breadcrumb"},"inLanguage":"lt-LT","potentialAction":[{"@type":"ReadAction","target":["https:\/\/needfortrees.lt\/lt\/produktas\/topcover\/"]}]},{"@type":"ImageObject","inLanguage":"lt-LT","@id":"https:\/\/needfortrees.lt\/lt\/produktas\/topcover\/#primaryimage","url":"https:\/\/needfortrees.lt\/wp-content\/uploads\/2025\/09\/DSC01935-min.jpg","contentUrl":"https:\/\/needfortrees.lt\/wp-content\/uploads\/2025\/09\/DSC01935-min.jpg","width":1280,"height":1920,"caption":"hammock wind cover"},{"@type":"BreadcrumbList","@id":"https:\/\/needfortrees.lt\/lt\/produktas\/topcover\/#breadcrumb","itemListElement":[{"@type":"ListItem","position":1,"name":"Home","item":"https:\/\/needfortrees.lt\/lt\/"},{"@type":"ListItem","position":2,"name":"Parduotuv\u0117","item":"https:\/\/needfortrees.lt\/products\/"},{"@type":"ListItem","position":3,"name":"Hamako u\u017edangalas nuo v\u0117jo"}]},{"@type":"WebSite","@id":"https:\/\/needfortrees.lt\/#website","url":"https:\/\/needfortrees.lt\/","name":"NEED FOR TREES","description":"High quality hammocks and camping equipment","publisher":{"@id":"https:\/\/needfortrees.lt\/#organization"},"potentialAction":[{"@type":"SearchAction","target":{"@type":"EntryPoint","urlTemplate":"https:\/\/needfortrees.lt\/?s={search_term_string}"},"query-input":{"@type":"PropertyValueSpecification","valueRequired":true,"valueName":"search_term_string"}}],"inLanguage":"lt-LT"},{"@type":"Organization","@id":"https:\/\/needfortrees.lt\/#organization","name":"NEED FOR TREES","url":"https:\/\/needfortrees.lt\/","logo":{"@type":"ImageObject","inLanguage":"lt-LT","@id":"https:\/\/needfortrees.lt\/#\/schema\/logo\/image\/","url":"https:\/\/needfortrees.lt\/wp-content\/uploads\/2025\/11\/MAIN-GRAPHIT.svg","contentUrl":"https:\/\/needfortrees.lt\/wp-content\/uploads\/2025\/11\/MAIN-GRAPHIT.svg","width":993,"height":440,"caption":"NEED FOR TREES"},"image":{"@id":"https:\/\/needfortrees.lt\/#\/schema\/logo\/image\/"},"sameAs":["https:\/\/www.facebook.com\/NeedForTrees\/","https:\/\/www.instagram.com\/need.for.trees\/"]}]}},"jetpack_sharing_enabled":true,"_links":{"self":[{"href":"https:\/\/needfortrees.lt\/lt\/wp-json\/wp\/v2\/product\/4909","targetHints":{"allow":["GET"]}}],"collection":[{"href":"https:\/\/needfortrees.lt\/lt\/wp-json\/wp\/v2\/product"}],"about":[{"href":"https:\/\/needfortrees.lt\/lt\/wp-json\/wp\/v2\/types\/product"}],"replies":[{"embeddable":true,"href":"https:\/\/needfortrees.lt\/lt\/wp-json\/wp\/v2\/comments?post=4909"}],"wp:featuredmedia":[{"embeddable":true,"href":"https:\/\/needfortrees.lt\/lt\/wp-json\/wp\/v2\/media\/4893"}],"wp:attachment":[{"href":"https:\/\/needfortrees.lt\/lt\/wp-json\/wp\/v2\/media?parent=4909"}],"wp:term":[{"taxonomy":"product_brand","embeddable":true,"href":"https:\/\/needfortrees.lt\/lt\/wp-json\/wp\/v2\/product_brand?post=4909"},{"taxonomy":"product_cat","embeddable":true,"href":"https:\/\/needfortrees.lt\/lt\/wp-json\/wp\/v2\/product_cat?post=4909"},{"taxonomy":"product_tag","embeddable":true,"href":"https:\/\/needfortrees.lt\/lt\/wp-json\/wp\/v2\/product_tag?post=4909"}],"curies":[{"name":"wp","href":"https:\/\/api.w.org\/{rel}","templated":true}]}}