{"id":5156,"date":"2025-10-05T18:36:57","date_gmt":"2025-10-05T18:36:57","guid":{"rendered":"https:\/\/needfortrees.lt\/?post_type=product&#038;p=5156"},"modified":"2026-02-27T17:16:09","modified_gmt":"2026-02-27T17:16:09","slug":"tentas-su-durim-shaltis","status":"publish","type":"product","link":"https:\/\/needfortrees.lt\/lt\/produktas\/tentas-su-durim-shaltis\/","title":{"rendered":"Tentas su durim \u201eShaltis\u201c"},"content":{"rendered":"<p>Description coming later.<br \/>\nNice big tarp with doors. Feels like sleeping in a castle.<br \/>\nHas internal pole mode (poles not for sale). Has internal ridgeline. Can be made in 12 ft or 13 ft. Pullouts are optional. Aluminum tarp stakes are included, so is the Dyneema reflective suspension.<br \/>\nFor additional customization please write email to info@needfortrees.lt<\/p>\n<p><img fetchpriority=\"high\" decoding=\"async\" class=\"wp-image-5169 aligncenter\" src=\"https:\/\/needfortrees.lt\/wp-content\/uploads\/2025\/10\/DSC00884-2-300x200.jpg\" alt=\"hammock tarp with doors and internal pole mode\" width=\"629\" height=\"419\" \/><\/p>\n","protected":false},"excerpt":{"rendered":"<p><strong>Naujas Need for Trees tentas \u2013 su didel\u0117m durim, \u0161altam orui ir ne tik. <\/strong>Tentas yra itin didelis, lietui nepralaidus ir ne\u012ftik\u0117tinai lengvas.<\/p>\n<p>Ridgeline ilgis \u2013\u00a0<strong>360 cm (12 ft) \/ 396 cm (13 ft)<\/strong><br \/>\nPlotis \u2013\u00a0<strong>300 cm (9.85 ft)<\/strong><br \/>\nSvoris ~ <strong>420 g (0.92 lbs)<\/strong><br \/>\nAudinys \u2013\u00a0<strong>Silpoly<\/strong><\/p>\n","protected":false},"featured_media":5165,"comment_status":"open","ping_status":"closed","template":"","meta":[],"product_brand":[],"product_cat":[32],"product_tag":[],"class_list":{"0":"post-5156","1":"product","2":"type-product","3":"status-publish","4":"has-post-thumbnail","6":"product_cat-tentai","8":"first","9":"instock","10":"taxable","11":"shipping-taxable","12":"purchasable","13":"product-type-variable","14":"has-default-attributes"},"composite_virtual":false,"composite_layout":"","composite_add_to_cart_form_location":"","composite_editable_in_cart":false,"composite_sold_individually_context":"","composite_shop_price_calc":"","composite_components":[],"composite_scenarios":[],"yoast_head":"<!-- This site is optimized with the Yoast SEO plugin v26.3 - https:\/\/yoast.com\/wordpress\/plugins\/seo\/ -->\n<title>Tentas su durim \u201eShaltis\u201c - NEED FOR TREES<\/title>\n<meta name=\"robots\" content=\"index, follow, max-snippet:-1, max-image-preview:large, max-video-preview:-1\" \/>\n<link rel=\"canonical\" href=\"https:\/\/needfortrees.lt\/lt\/produktas\/tentas-su-durim-shaltis\/\" \/>\n<meta property=\"og:locale\" content=\"lt_LT\" \/>\n<meta property=\"og:type\" content=\"article\" \/>\n<meta property=\"og:title\" content=\"Tentas su durim \u201eShaltis\u201c - NEED FOR TREES\" \/>\n<meta property=\"og:description\" content=\"Naujas Need for Trees tentas \u2013 su didel\u0117m durim, \u0161altam orui ir ne tik. Tentas yra itin didelis, lietui nepralaidus ir ne\u012ftik\u0117tinai lengvas.  Ridgeline ilgis \u2013\u00a0360 cm (12 ft) \/ 396 cm (13 ft) Plotis \u2013\u00a0300 cm (9.85 ft) Svoris ~ 420 g (0.92 lbs) Audinys \u2013\u00a0Silpoly\" \/>\n<meta property=\"og:url\" content=\"https:\/\/needfortrees.lt\/lt\/produktas\/tentas-su-durim-shaltis\/\" \/>\n<meta property=\"og:site_name\" content=\"NEED FOR TREES\" \/>\n<meta property=\"article:publisher\" content=\"https:\/\/www.facebook.com\/NeedForTrees\/\" \/>\n<meta property=\"article:modified_time\" content=\"2026-02-27T17:16:09+00:00\" \/>\n<meta property=\"og:image\" content=\"https:\/\/needfortrees.lt\/wp-content\/uploads\/2025\/10\/DSC00812-2.jpg\" \/>\n\t<meta property=\"og:image:width\" content=\"720\" \/>\n\t<meta property=\"og:image:height\" content=\"1080\" \/>\n\t<meta property=\"og:image:type\" content=\"image\/jpeg\" \/>\n<meta name=\"twitter:card\" content=\"summary_large_image\" \/>\n<meta name=\"twitter:label1\" content=\"Est. reading time\" \/>\n\t<meta name=\"twitter:data1\" content=\"1 minut\u0117\" \/>\n<script type=\"application\/ld+json\" class=\"yoast-schema-graph\">{\"@context\":\"https:\/\/schema.org\",\"@graph\":[{\"@type\":\"WebPage\",\"@id\":\"https:\/\/needfortrees.lt\/lt\/produktas\/tentas-su-durim-shaltis\/\",\"url\":\"https:\/\/needfortrees.lt\/lt\/produktas\/tentas-su-durim-shaltis\/\",\"name\":\"Tentas su durim \u201eShaltis\u201c - NEED FOR TREES\",\"isPartOf\":{\"@id\":\"https:\/\/needfortrees.lt\/#website\"},\"primaryImageOfPage\":{\"@id\":\"https:\/\/needfortrees.lt\/lt\/produktas\/tentas-su-durim-shaltis\/#primaryimage\"},\"image\":{\"@id\":\"https:\/\/needfortrees.lt\/lt\/produktas\/tentas-su-durim-shaltis\/#primaryimage\"},\"thumbnailUrl\":\"https:\/\/needfortrees.lt\/wp-content\/uploads\/2025\/10\/DSC00812-2.jpg\",\"datePublished\":\"2025-10-05T18:36:57+00:00\",\"dateModified\":\"2026-02-27T17:16:09+00:00\",\"breadcrumb\":{\"@id\":\"https:\/\/needfortrees.lt\/lt\/produktas\/tentas-su-durim-shaltis\/#breadcrumb\"},\"inLanguage\":\"lt-LT\",\"potentialAction\":[{\"@type\":\"ReadAction\",\"target\":[\"https:\/\/needfortrees.lt\/lt\/produktas\/tentas-su-durim-shaltis\/\"]}]},{\"@type\":\"ImageObject\",\"inLanguage\":\"lt-LT\",\"@id\":\"https:\/\/needfortrees.lt\/lt\/produktas\/tentas-su-durim-shaltis\/#primaryimage\",\"url\":\"https:\/\/needfortrees.lt\/wp-content\/uploads\/2025\/10\/DSC00812-2.jpg\",\"contentUrl\":\"https:\/\/needfortrees.lt\/wp-content\/uploads\/2025\/10\/DSC00812-2.jpg\",\"width\":720,\"height\":1080,\"caption\":\"hammock tarp with doors silpoly\"},{\"@type\":\"BreadcrumbList\",\"@id\":\"https:\/\/needfortrees.lt\/lt\/produktas\/tentas-su-durim-shaltis\/#breadcrumb\",\"itemListElement\":[{\"@type\":\"ListItem\",\"position\":1,\"name\":\"Home\",\"item\":\"https:\/\/needfortrees.lt\/\"},{\"@type\":\"ListItem\",\"position\":2,\"name\":\"Parduotuv\u0117\",\"item\":\"https:\/\/needfortrees.lt\/products\/\"},{\"@type\":\"ListItem\",\"position\":3,\"name\":\"Tentas su durim \u201eShaltis\u201c\"}]},{\"@type\":\"WebSite\",\"@id\":\"https:\/\/needfortrees.lt\/#website\",\"url\":\"https:\/\/needfortrees.lt\/\",\"name\":\"NEED FOR TREES\",\"description\":\"High quality hammocks and camping equipment\",\"publisher\":{\"@id\":\"https:\/\/needfortrees.lt\/#organization\"},\"potentialAction\":[{\"@type\":\"SearchAction\",\"target\":{\"@type\":\"EntryPoint\",\"urlTemplate\":\"https:\/\/needfortrees.lt\/?s={search_term_string}\"},\"query-input\":{\"@type\":\"PropertyValueSpecification\",\"valueRequired\":true,\"valueName\":\"search_term_string\"}}],\"inLanguage\":\"lt-LT\"},{\"@type\":\"Organization\",\"@id\":\"https:\/\/needfortrees.lt\/#organization\",\"name\":\"NEED FOR TREES\",\"url\":\"https:\/\/needfortrees.lt\/\",\"logo\":{\"@type\":\"ImageObject\",\"inLanguage\":\"lt-LT\",\"@id\":\"https:\/\/needfortrees.lt\/#\/schema\/logo\/image\/\",\"url\":\"https:\/\/needfortrees.lt\/wp-content\/uploads\/2025\/11\/MAIN-GRAPHIT.svg\",\"contentUrl\":\"https:\/\/needfortrees.lt\/wp-content\/uploads\/2025\/11\/MAIN-GRAPHIT.svg\",\"width\":993,\"height\":440,\"caption\":\"NEED FOR TREES\"},\"image\":{\"@id\":\"https:\/\/needfortrees.lt\/#\/schema\/logo\/image\/\"},\"sameAs\":[\"https:\/\/www.facebook.com\/NeedForTrees\/\",\"https:\/\/www.instagram.com\/need.for.trees\/\"]}]}<\/script>\n<!-- \/ Yoast SEO plugin. -->","yoast_head_json":{"title":"Tentas su durim \u201eShaltis\u201c - NEED FOR TREES","robots":{"index":"index","follow":"follow","max-snippet":"max-snippet:-1","max-image-preview":"max-image-preview:large","max-video-preview":"max-video-preview:-1"},"canonical":"https:\/\/needfortrees.lt\/lt\/produktas\/tentas-su-durim-shaltis\/","og_locale":"lt_LT","og_type":"article","og_title":"Tentas su durim \u201eShaltis\u201c - NEED FOR TREES","og_description":"Naujas Need for Trees tentas \u2013 su didel\u0117m durim, \u0161altam orui ir ne tik. Tentas yra itin didelis, lietui nepralaidus ir ne\u012ftik\u0117tinai lengvas.  Ridgeline ilgis \u2013\u00a0360 cm (12 ft) \/ 396 cm (13 ft) Plotis \u2013\u00a0300 cm (9.85 ft) Svoris ~ 420 g (0.92 lbs) Audinys \u2013\u00a0Silpoly","og_url":"https:\/\/needfortrees.lt\/lt\/produktas\/tentas-su-durim-shaltis\/","og_site_name":"NEED FOR TREES","article_publisher":"https:\/\/www.facebook.com\/NeedForTrees\/","article_modified_time":"2026-02-27T17:16:09+00:00","og_image":[{"width":720,"height":1080,"url":"https:\/\/needfortrees.lt\/wp-content\/uploads\/2025\/10\/DSC00812-2.jpg","type":"image\/jpeg"}],"twitter_card":"summary_large_image","twitter_misc":{"Est. reading time":"1 minut\u0117"},"schema":{"@context":"https:\/\/schema.org","@graph":[{"@type":"WebPage","@id":"https:\/\/needfortrees.lt\/lt\/produktas\/tentas-su-durim-shaltis\/","url":"https:\/\/needfortrees.lt\/lt\/produktas\/tentas-su-durim-shaltis\/","name":"Tentas su durim \u201eShaltis\u201c - NEED FOR TREES","isPartOf":{"@id":"https:\/\/needfortrees.lt\/#website"},"primaryImageOfPage":{"@id":"https:\/\/needfortrees.lt\/lt\/produktas\/tentas-su-durim-shaltis\/#primaryimage"},"image":{"@id":"https:\/\/needfortrees.lt\/lt\/produktas\/tentas-su-durim-shaltis\/#primaryimage"},"thumbnailUrl":"https:\/\/needfortrees.lt\/wp-content\/uploads\/2025\/10\/DSC00812-2.jpg","datePublished":"2025-10-05T18:36:57+00:00","dateModified":"2026-02-27T17:16:09+00:00","breadcrumb":{"@id":"https:\/\/needfortrees.lt\/lt\/produktas\/tentas-su-durim-shaltis\/#breadcrumb"},"inLanguage":"lt-LT","potentialAction":[{"@type":"ReadAction","target":["https:\/\/needfortrees.lt\/lt\/produktas\/tentas-su-durim-shaltis\/"]}]},{"@type":"ImageObject","inLanguage":"lt-LT","@id":"https:\/\/needfortrees.lt\/lt\/produktas\/tentas-su-durim-shaltis\/#primaryimage","url":"https:\/\/needfortrees.lt\/wp-content\/uploads\/2025\/10\/DSC00812-2.jpg","contentUrl":"https:\/\/needfortrees.lt\/wp-content\/uploads\/2025\/10\/DSC00812-2.jpg","width":720,"height":1080,"caption":"hammock tarp with doors silpoly"},{"@type":"BreadcrumbList","@id":"https:\/\/needfortrees.lt\/lt\/produktas\/tentas-su-durim-shaltis\/#breadcrumb","itemListElement":[{"@type":"ListItem","position":1,"name":"Home","item":"https:\/\/needfortrees.lt\/"},{"@type":"ListItem","position":2,"name":"Parduotuv\u0117","item":"https:\/\/needfortrees.lt\/products\/"},{"@type":"ListItem","position":3,"name":"Tentas su durim \u201eShaltis\u201c"}]},{"@type":"WebSite","@id":"https:\/\/needfortrees.lt\/#website","url":"https:\/\/needfortrees.lt\/","name":"NEED FOR TREES","description":"High quality hammocks and camping equipment","publisher":{"@id":"https:\/\/needfortrees.lt\/#organization"},"potentialAction":[{"@type":"SearchAction","target":{"@type":"EntryPoint","urlTemplate":"https:\/\/needfortrees.lt\/?s={search_term_string}"},"query-input":{"@type":"PropertyValueSpecification","valueRequired":true,"valueName":"search_term_string"}}],"inLanguage":"lt-LT"},{"@type":"Organization","@id":"https:\/\/needfortrees.lt\/#organization","name":"NEED FOR TREES","url":"https:\/\/needfortrees.lt\/","logo":{"@type":"ImageObject","inLanguage":"lt-LT","@id":"https:\/\/needfortrees.lt\/#\/schema\/logo\/image\/","url":"https:\/\/needfortrees.lt\/wp-content\/uploads\/2025\/11\/MAIN-GRAPHIT.svg","contentUrl":"https:\/\/needfortrees.lt\/wp-content\/uploads\/2025\/11\/MAIN-GRAPHIT.svg","width":993,"height":440,"caption":"NEED FOR TREES"},"image":{"@id":"https:\/\/needfortrees.lt\/#\/schema\/logo\/image\/"},"sameAs":["https:\/\/www.facebook.com\/NeedForTrees\/","https:\/\/www.instagram.com\/need.for.trees\/"]}]}},"jetpack_sharing_enabled":true,"_links":{"self":[{"href":"https:\/\/needfortrees.lt\/lt\/wp-json\/wp\/v2\/product\/5156","targetHints":{"allow":["GET"]}}],"collection":[{"href":"https:\/\/needfortrees.lt\/lt\/wp-json\/wp\/v2\/product"}],"about":[{"href":"https:\/\/needfortrees.lt\/lt\/wp-json\/wp\/v2\/types\/product"}],"replies":[{"embeddable":true,"href":"https:\/\/needfortrees.lt\/lt\/wp-json\/wp\/v2\/comments?post=5156"}],"wp:featuredmedia":[{"embeddable":true,"href":"https:\/\/needfortrees.lt\/lt\/wp-json\/wp\/v2\/media\/5165"}],"wp:attachment":[{"href":"https:\/\/needfortrees.lt\/lt\/wp-json\/wp\/v2\/media?parent=5156"}],"wp:term":[{"taxonomy":"product_brand","embeddable":true,"href":"https:\/\/needfortrees.lt\/lt\/wp-json\/wp\/v2\/product_brand?post=5156"},{"taxonomy":"product_cat","embeddable":true,"href":"https:\/\/needfortrees.lt\/lt\/wp-json\/wp\/v2\/product_cat?post=5156"},{"taxonomy":"product_tag","embeddable":true,"href":"https:\/\/needfortrees.lt\/lt\/wp-json\/wp\/v2\/product_tag?post=5156"}],"curies":[{"name":"wp","href":"https:\/\/api.w.org\/{rel}","templated":true}]}}